{"id":956,"date":"2023-03-14T10:27:19","date_gmt":"2023-03-14T10:27:19","guid":{"rendered":"https:\/\/clubdeteniscaudete.com\/?page_id=956"},"modified":"2023-03-22T22:56:57","modified_gmt":"2023-03-22T22:56:57","slug":"torneo-de-padel-atmosfera-sport","status":"publish","type":"page","link":"https:\/\/clubdeteniscaudete.com\/index.php\/torneo-de-padel-atmosfera-sport\/","title":{"rendered":"TORNEO DE P\u00c1DEL ATM\u00d3SFERA SPORT"},"content":{"rendered":"\t\t<div data-elementor-type=\"wp-page\" data-elementor-id=\"956\" class=\"elementor elementor-956\" data-elementor-post-type=\"page\">\n\t\t\t\t\t\t<section class=\"elementor-section elementor-top-section elementor-element elementor-element-29305ca elementor-section-boxed elementor-section-height-default elementor-section-height-default\" data-id=\"29305ca\" data-element_type=\"section\" data-e-type=\"section\">\n\t\t\t\t\t\t<div class=\"elementor-container elementor-column-gap-default\">\n\t\t\t\t\t<div class=\"elementor-column elementor-col-50 elementor-top-column elementor-element elementor-element-2297f45\" data-id=\"2297f45\" data-element_type=\"column\" data-e-type=\"column\">\n\t\t\t<div class=\"elementor-widget-wrap elementor-element-populated\">\n\t\t\t\t\t\t<div class=\"elementor-element elementor-element-bda74cd elementor-widget elementor-widget-image\" data-id=\"bda74cd\" data-element_type=\"widget\" data-e-type=\"widget\" data-widget_type=\"image.default\">\n\t\t\t\t<div class=\"elementor-widget-container\">\n\t\t\t\t\t\t\t\t\t\t\t\t\t\t\t<img fetchpriority=\"high\" decoding=\"async\" width=\"1024\" height=\"1024\" src=\"https:\/\/clubdeteniscaudete.com\/wp-content\/uploads\/2023\/03\/Poster-vertical-torneo-padel-minimalista-y-moderno-geometrico-verde-y-azul-1024x1024.jpg\" class=\"attachment-large size-large wp-image-957\" alt=\"\" srcset=\"https:\/\/clubdeteniscaudete.com\/wp-content\/uploads\/2023\/03\/Poster-vertical-torneo-padel-minimalista-y-moderno-geometrico-verde-y-azul-1024x1024.jpg 1024w, https:\/\/clubdeteniscaudete.com\/wp-content\/uploads\/2023\/03\/Poster-vertical-torneo-padel-minimalista-y-moderno-geometrico-verde-y-azul-300x300.jpg 300w, https:\/\/clubdeteniscaudete.com\/wp-content\/uploads\/2023\/03\/Poster-vertical-torneo-padel-minimalista-y-moderno-geometrico-verde-y-azul-150x150.jpg 150w, https:\/\/clubdeteniscaudete.com\/wp-content\/uploads\/2023\/03\/Poster-vertical-torneo-padel-minimalista-y-moderno-geometrico-verde-y-azul-768x768.jpg 768w, https:\/\/clubdeteniscaudete.com\/wp-content\/uploads\/2023\/03\/Poster-vertical-torneo-padel-minimalista-y-moderno-geometrico-verde-y-azul.jpg 1080w\" sizes=\"(max-width: 1024px) 100vw, 1024px\" \/>\t\t\t\t\t\t\t\t\t\t\t\t\t\t\t<\/div>\n\t\t\t\t<\/div>\n\t\t\t\t\t<\/div>\n\t\t<\/div>\n\t\t\t\t<div class=\"elementor-column elementor-col-50 elementor-top-column elementor-element elementor-element-6e809f8\" data-id=\"6e809f8\" data-element_type=\"column\" data-e-type=\"column\">\n\t\t\t<div class=\"elementor-widget-wrap elementor-element-populated\">\n\t\t\t\t\t\t<div class=\"elementor-element elementor-element-fbac618 elementor-widget elementor-widget-text-editor\" data-id=\"fbac618\" data-element_type=\"widget\" data-e-type=\"widget\" data-widget_type=\"text-editor.default\">\n\t\t\t\t<div class=\"elementor-widget-container\">\n\t\t\t\t\t\t\t\t\t<p>Ya est\u00e1 abierta la inscripci\u00f3n para el torneo de p\u00e1del Atm\u00f3sfera Sport que se disputar\u00e1 el fin de semana del 24, 25 y 26 de marzo en el Club de Tenis <span class=\"error misspelling\" title=\"Se ha encontrado un posible error ortogr\u00e1fico.\" data-type=\"misspelling\" data-suggestions=\"[{&quot;value&quot;:&quot;Cadete&quot;},{&quot;value&quot;:&quot;C\u00e1ndete&quot;},{&quot;value&quot;:&quot;C\u00e1rdete&quot;},{&quot;value&quot;:&quot;C\u00e1usete&quot;},{&quot;value&quot;:&quot;L\u00e1udete&quot;}]\" data-rule=\"MORFOLOGIK_RULE_ES\" data-word=\"Caudete\">Caudete<\/span>.<\/p><p>El torneo se jugar\u00e1 desde el viernes por la tarde, pudiendo terminar domingo por la tarde si fuera necesario.<\/p><p>Las categor\u00edas depender\u00e1n de las inscripciones.<\/p><p>Para cualquier duda o informaci\u00f3n contactar con Roberto Rold\u00e1n 6885271637.<\/p><p>Inscr\u00edbete en el siguiente bot\u00f3n:<\/p>\t\t\t\t\t\t\t\t<\/div>\n\t\t\t\t<\/div>\n\t\t\t\t<div class=\"elementor-element elementor-element-433c28a elementor-align-center elementor-widget elementor-widget-button\" data-id=\"433c28a\" data-element_type=\"widget\" data-e-type=\"widget\" data-widget_type=\"button.default\">\n\t\t\t\t<div class=\"elementor-widget-container\">\n\t\t\t\t\t\t\t\t\t<div class=\"elementor-button-wrapper\">\n\t\t\t\t\t<a class=\"elementor-button elementor-button-link elementor-size-sm\" href=\"https:\/\/docs.google.com\/document\/d\/1y15AwOZtdxbZHXKvYZbCQFvob12Ujjk6-C9m9b74Xm0\/edit?usp=sharing\" target=\"_blank\">\n\t\t\t\t\t\t<span class=\"elementor-button-content-wrapper\">\n\t\t\t\t\t\t\t\t\t<span class=\"elementor-button-text\">HORARIOS Y GRUPOS<\/span>\n\t\t\t\t\t<\/span>\n\t\t\t\t\t<\/a>\n\t\t\t\t<\/div>\n\t\t\t\t\t\t\t\t<\/div>\n\t\t\t\t<\/div>\n\t\t\t\t\t<\/div>\n\t\t<\/div>\n\t\t\t\t\t<\/div>\n\t\t<\/section>\n\t\t\t\t<\/div>\n\t\t","protected":false},"excerpt":{"rendered":"<p>Ya est\u00e1 abierta la inscripci\u00f3n para el torneo de p\u00e1del Atm\u00f3sfera Sport que se disputar\u00e1 el fin de semana del 24, 25 y 26 de marzo en el Club de Tenis Caudete. El torneo se jugar\u00e1 desde el viernes por la tarde, pudiendo terminar domingo por la tarde si fuera necesario. Las categor\u00edas depender\u00e1n de &#8230; <a title=\"TORNEO DE P\u00c1DEL ATM\u00d3SFERA SPORT\" class=\"read-more\" href=\"https:\/\/clubdeteniscaudete.com\/index.php\/torneo-de-padel-atmosfera-sport\/\" aria-label=\"M\u00e1s en TORNEO DE P\u00c1DEL ATM\u00d3SFERA SPORT\">Leer m\u00e1s<\/a><\/p>\n","protected":false},"author":1,"featured_media":0,"parent":0,"menu_order":0,"comment_status":"closed","ping_status":"closed","template":"","meta":{"footnotes":""},"class_list":["post-956","page","type-page","status-publish"],"_links":{"self":[{"href":"https:\/\/clubdeteniscaudete.com\/index.php\/wp-json\/wp\/v2\/pages\/956","targetHints":{"allow":["GET"]}}],"collection":[{"href":"https:\/\/clubdeteniscaudete.com\/index.php\/wp-json\/wp\/v2\/pages"}],"about":[{"href":"https:\/\/clubdeteniscaudete.com\/index.php\/wp-json\/wp\/v2\/types\/page"}],"author":[{"embeddable":true,"href":"https:\/\/clubdeteniscaudete.com\/index.php\/wp-json\/wp\/v2\/users\/1"}],"replies":[{"embeddable":true,"href":"https:\/\/clubdeteniscaudete.com\/index.php\/wp-json\/wp\/v2\/comments?post=956"}],"version-history":[{"count":12,"href":"https:\/\/clubdeteniscaudete.com\/index.php\/wp-json\/wp\/v2\/pages\/956\/revisions"}],"predecessor-version":[{"id":1031,"href":"https:\/\/clubdeteniscaudete.com\/index.php\/wp-json\/wp\/v2\/pages\/956\/revisions\/1031"}],"wp:attachment":[{"href":"https:\/\/clubdeteniscaudete.com\/index.php\/wp-json\/wp\/v2\/media?parent=956"}],"curies":[{"name":"wp","href":"https:\/\/api.w.org\/{rel}","templated":true}]}}