{"id":2460,"date":"2025-09-24T08:47:34","date_gmt":"2025-09-24T08:47:34","guid":{"rendered":"https:\/\/clubdeteniscaudete.com\/?page_id=2460"},"modified":"2025-09-24T09:01:11","modified_gmt":"2025-09-24T09:01:11","slug":"clases-lola-huesca","status":"publish","type":"page","link":"https:\/\/clubdeteniscaudete.com\/index.php\/clases-lola-huesca\/","title":{"rendered":"CLASES LOLA HUESCA"},"content":{"rendered":"\t\t<div data-elementor-type=\"wp-page\" data-elementor-id=\"2460\" class=\"elementor elementor-2460\" data-elementor-post-type=\"page\">\n\t\t\t\t\t\t<section class=\"elementor-section elementor-top-section elementor-element elementor-element-c3b3687 elementor-section-boxed elementor-section-height-default elementor-section-height-default\" data-id=\"c3b3687\" data-element_type=\"section\" data-e-type=\"section\">\n\t\t\t\t\t\t<div class=\"elementor-container elementor-column-gap-default\">\n\t\t\t\t\t<div class=\"elementor-column elementor-col-100 elementor-top-column elementor-element elementor-element-5a2b5fc\" data-id=\"5a2b5fc\" data-element_type=\"column\" data-e-type=\"column\">\n\t\t\t<div class=\"elementor-widget-wrap elementor-element-populated\">\n\t\t\t\t\t\t<div class=\"elementor-element elementor-element-aabc2b2 elementor-widget elementor-widget-heading\" data-id=\"aabc2b2\" data-element_type=\"widget\" data-e-type=\"widget\" data-widget_type=\"heading.default\">\n\t\t\t\t<div class=\"elementor-widget-container\">\n\t\t\t\t\t<h2 class=\"elementor-heading-title elementor-size-default\">CLASES COLECTIVAS CON LOLA HUESCA<\/h2>\t\t\t\t<\/div>\n\t\t\t\t<\/div>\n\t\t\t\t<div class=\"elementor-element elementor-element-cec3ac6 elementor-widget elementor-widget-spacer\" data-id=\"cec3ac6\" data-element_type=\"widget\" data-e-type=\"widget\" data-widget_type=\"spacer.default\">\n\t\t\t\t<div class=\"elementor-widget-container\">\n\t\t\t\t\t\t\t<div class=\"elementor-spacer\">\n\t\t\t<div class=\"elementor-spacer-inner\"><\/div>\n\t\t<\/div>\n\t\t\t\t\t\t<\/div>\n\t\t\t\t<\/div>\n\t\t\t\t\t<\/div>\n\t\t<\/div>\n\t\t\t\t\t<\/div>\n\t\t<\/section>\n\t\t\t\t<section class=\"elementor-section elementor-top-section elementor-element elementor-element-ab17782 elementor-section-boxed elementor-section-height-default elementor-section-height-default\" data-id=\"ab17782\" data-element_type=\"section\" data-e-type=\"section\">\n\t\t\t\t\t\t<div class=\"elementor-container elementor-column-gap-default\">\n\t\t\t\t\t<div class=\"elementor-column elementor-col-33 elementor-top-column elementor-element elementor-element-a2aef8b\" data-id=\"a2aef8b\" data-element_type=\"column\" data-e-type=\"column\">\n\t\t\t<div class=\"elementor-widget-wrap\">\n\t\t\t\t\t\t\t<\/div>\n\t\t<\/div>\n\t\t\t\t<div class=\"elementor-column elementor-col-33 elementor-top-column elementor-element elementor-element-ca59ecd\" data-id=\"ca59ecd\" data-element_type=\"column\" data-e-type=\"column\">\n\t\t\t<div class=\"elementor-widget-wrap elementor-element-populated\">\n\t\t\t\t\t\t<div class=\"elementor-element elementor-element-542bde4 elementor-widget elementor-widget-text-editor\" data-id=\"542bde4\" data-element_type=\"widget\" data-e-type=\"widget\" data-widget_type=\"text-editor.default\">\n\t\t\t\t<div class=\"elementor-widget-container\">\n\t\t\t\t\t\t\t\t\t<p>Este a\u00f1o tenemos seguimos con m\u00e1s fuerza con nuestras clases colectivas y ampliamos los horarios la oferta para poder disfrutar del deporte en nuestras instalaciones.<\/p><p>Tenemos <strong>Cardio-Dance, Step, GAP, Entrenamiento funcional<\/strong> con Lola Huesca.<\/p><p>Durante todo el a\u00f1o, los <strong>viernes por la noche<\/strong> habr\u00e1 clases de <strong>Bailes de Sal\u00f3n.<\/strong><\/p><p>Adem\u00e1s, como cada a\u00f1o Lola impartir\u00e1 durante los meses de <strong>octubre, noviembre y diciembre<\/strong> con las clases de los <strong>Bailes del Ni\u00f1o.\u00a0<\/strong><\/p>\t\t\t\t\t\t\t\t<\/div>\n\t\t\t\t<\/div>\n\t\t\t\t\t<\/div>\n\t\t<\/div>\n\t\t\t\t<div class=\"elementor-column elementor-col-33 elementor-top-column elementor-element elementor-element-eea65fd\" data-id=\"eea65fd\" data-element_type=\"column\" data-e-type=\"column\">\n\t\t\t<div class=\"elementor-widget-wrap\">\n\t\t\t\t\t\t\t<\/div>\n\t\t<\/div>\n\t\t\t\t\t<\/div>\n\t\t<\/section>\n\t\t\t\t<section class=\"elementor-section elementor-top-section elementor-element elementor-element-6f08ab8 elementor-section-boxed elementor-section-height-default elementor-section-height-default\" data-id=\"6f08ab8\" data-element_type=\"section\" data-e-type=\"section\">\n\t\t\t\t\t\t<div class=\"elementor-container elementor-column-gap-default\">\n\t\t\t\t\t<div class=\"elementor-column elementor-col-33 elementor-top-column elementor-element elementor-element-990b2e1\" data-id=\"990b2e1\" data-element_type=\"column\" data-e-type=\"column\">\n\t\t\t<div class=\"elementor-widget-wrap elementor-element-populated\">\n\t\t\t\t\t\t<div class=\"elementor-element elementor-element-9ad5278 elementor-widget elementor-widget-image\" data-id=\"9ad5278\" data-element_type=\"widget\" data-e-type=\"widget\" data-widget_type=\"image.default\">\n\t\t\t\t<div class=\"elementor-widget-container\">\n\t\t\t\t\t\t\t\t\t\t\t\t\t\t\t<img fetchpriority=\"high\" decoding=\"async\" width=\"724\" height=\"1024\" src=\"https:\/\/clubdeteniscaudete.com\/wp-content\/uploads\/2025\/09\/POSTER-LOLA-HUESCA-210-x-297-mm-724x1024.jpg\" class=\"attachment-large size-large wp-image-2463\" alt=\"\" srcset=\"https:\/\/clubdeteniscaudete.com\/wp-content\/uploads\/2025\/09\/POSTER-LOLA-HUESCA-210-x-297-mm-724x1024.jpg 724w, https:\/\/clubdeteniscaudete.com\/wp-content\/uploads\/2025\/09\/POSTER-LOLA-HUESCA-210-x-297-mm-212x300.jpg 212w, https:\/\/clubdeteniscaudete.com\/wp-content\/uploads\/2025\/09\/POSTER-LOLA-HUESCA-210-x-297-mm-768x1086.jpg 768w, https:\/\/clubdeteniscaudete.com\/wp-content\/uploads\/2025\/09\/POSTER-LOLA-HUESCA-210-x-297-mm-1086x1536.jpg 1086w, https:\/\/clubdeteniscaudete.com\/wp-content\/uploads\/2025\/09\/POSTER-LOLA-HUESCA-210-x-297-mm.jpg 1414w\" sizes=\"(max-width: 724px) 100vw, 724px\" \/>\t\t\t\t\t\t\t\t\t\t\t\t\t\t\t<\/div>\n\t\t\t\t<\/div>\n\t\t\t\t<div class=\"elementor-element elementor-element-829960b elementor-align-center elementor-widget elementor-widget-button\" data-id=\"829960b\" data-element_type=\"widget\" data-e-type=\"widget\" data-widget_type=\"button.default\">\n\t\t\t\t<div class=\"elementor-widget-container\">\n\t\t\t\t\t\t\t\t\t<div class=\"elementor-button-wrapper\">\n\t\t\t\t\t<a class=\"elementor-button elementor-button-link elementor-size-sm\" href=\"https:\/\/docs.google.com\/forms\/d\/e\/1FAIpQLScaDU1CjzSyCK5xHlrAuwoFnTTw0lsN0WfE_emuP1Zs448Vyw\/viewform?usp=dialog\" target=\"_blank\">\n\t\t\t\t\t\t<span class=\"elementor-button-content-wrapper\">\n\t\t\t\t\t\t\t\t\t<span class=\"elementor-button-text\">INSCRIPCI\u00d3N CLASES COLECTIVAS<\/span>\n\t\t\t\t\t<\/span>\n\t\t\t\t\t<\/a>\n\t\t\t\t<\/div>\n\t\t\t\t\t\t\t\t<\/div>\n\t\t\t\t<\/div>\n\t\t\t\t\t<\/div>\n\t\t<\/div>\n\t\t\t\t<div class=\"elementor-column elementor-col-33 elementor-top-column elementor-element elementor-element-aeb0671\" data-id=\"aeb0671\" data-element_type=\"column\" data-e-type=\"column\">\n\t\t\t<div class=\"elementor-widget-wrap elementor-element-populated\">\n\t\t\t\t\t\t<div class=\"elementor-element elementor-element-2f9c312 elementor-widget elementor-widget-image\" data-id=\"2f9c312\" data-element_type=\"widget\" data-e-type=\"widget\" data-widget_type=\"image.default\">\n\t\t\t\t<div class=\"elementor-widget-container\">\n\t\t\t\t\t\t\t\t\t\t\t\t\t\t\t<img decoding=\"async\" width=\"1024\" height=\"1024\" src=\"https:\/\/clubdeteniscaudete.com\/wp-content\/uploads\/2025\/09\/2-1024x1024.jpg\" class=\"attachment-large size-large wp-image-2462\" alt=\"\" srcset=\"https:\/\/clubdeteniscaudete.com\/wp-content\/uploads\/2025\/09\/2-1024x1024.jpg 1024w, https:\/\/clubdeteniscaudete.com\/wp-content\/uploads\/2025\/09\/2-300x300.jpg 300w, https:\/\/clubdeteniscaudete.com\/wp-content\/uploads\/2025\/09\/2-150x150.jpg 150w, https:\/\/clubdeteniscaudete.com\/wp-content\/uploads\/2025\/09\/2-768x768.jpg 768w, https:\/\/clubdeteniscaudete.com\/wp-content\/uploads\/2025\/09\/2.jpg 1080w\" sizes=\"(max-width: 1024px) 100vw, 1024px\" \/>\t\t\t\t\t\t\t\t\t\t\t\t\t\t\t<\/div>\n\t\t\t\t<\/div>\n\t\t\t\t<div class=\"elementor-element elementor-element-24664fb elementor-align-center elementor-widget elementor-widget-button\" data-id=\"24664fb\" data-element_type=\"widget\" data-e-type=\"widget\" data-widget_type=\"button.default\">\n\t\t\t\t<div class=\"elementor-widget-container\">\n\t\t\t\t\t\t\t\t\t<div class=\"elementor-button-wrapper\">\n\t\t\t\t\t<a class=\"elementor-button elementor-button-link elementor-size-sm\" href=\"https:\/\/docs.google.com\/forms\/d\/e\/1FAIpQLScM9dceh7GIxSD-1xPwSYW8yYWTmpD6v-jaTRd9mjZ9pypW5A\/viewform?usp=dialog\" target=\"_blank\">\n\t\t\t\t\t\t<span class=\"elementor-button-content-wrapper\">\n\t\t\t\t\t\t\t\t\t<span class=\"elementor-button-text\">INSCRIPCI\u00d3N BAILES DE SAL\u00d3N<\/span>\n\t\t\t\t\t<\/span>\n\t\t\t\t\t<\/a>\n\t\t\t\t<\/div>\n\t\t\t\t\t\t\t\t<\/div>\n\t\t\t\t<\/div>\n\t\t\t\t\t<\/div>\n\t\t<\/div>\n\t\t\t\t<div class=\"elementor-column elementor-col-33 elementor-top-column elementor-element elementor-element-0f2e6c6\" data-id=\"0f2e6c6\" data-element_type=\"column\" data-e-type=\"column\">\n\t\t\t<div class=\"elementor-widget-wrap elementor-element-populated\">\n\t\t\t\t\t\t<div class=\"elementor-element elementor-element-91058e3 elementor-widget elementor-widget-image\" data-id=\"91058e3\" data-element_type=\"widget\" data-e-type=\"widget\" data-widget_type=\"image.default\">\n\t\t\t\t<div class=\"elementor-widget-container\">\n\t\t\t\t\t\t\t\t\t\t\t\t\t\t\t<img decoding=\"async\" width=\"1024\" height=\"1024\" src=\"https:\/\/clubdeteniscaudete.com\/wp-content\/uploads\/2025\/09\/Light-Beige-and-White-Elegant-Classic-Dance-Ballet-Classes-Instagram-Post-Portrait-Post-de-Instagram-Cuadrado-1024x1024.jpg\" class=\"attachment-large size-large wp-image-2461\" alt=\"\" srcset=\"https:\/\/clubdeteniscaudete.com\/wp-content\/uploads\/2025\/09\/Light-Beige-and-White-Elegant-Classic-Dance-Ballet-Classes-Instagram-Post-Portrait-Post-de-Instagram-Cuadrado-1024x1024.jpg 1024w, https:\/\/clubdeteniscaudete.com\/wp-content\/uploads\/2025\/09\/Light-Beige-and-White-Elegant-Classic-Dance-Ballet-Classes-Instagram-Post-Portrait-Post-de-Instagram-Cuadrado-300x300.jpg 300w, https:\/\/clubdeteniscaudete.com\/wp-content\/uploads\/2025\/09\/Light-Beige-and-White-Elegant-Classic-Dance-Ballet-Classes-Instagram-Post-Portrait-Post-de-Instagram-Cuadrado-150x150.jpg 150w, https:\/\/clubdeteniscaudete.com\/wp-content\/uploads\/2025\/09\/Light-Beige-and-White-Elegant-Classic-Dance-Ballet-Classes-Instagram-Post-Portrait-Post-de-Instagram-Cuadrado-768x768.jpg 768w, https:\/\/clubdeteniscaudete.com\/wp-content\/uploads\/2025\/09\/Light-Beige-and-White-Elegant-Classic-Dance-Ballet-Classes-Instagram-Post-Portrait-Post-de-Instagram-Cuadrado.jpg 1080w\" sizes=\"(max-width: 1024px) 100vw, 1024px\" \/>\t\t\t\t\t\t\t\t\t\t\t\t\t\t\t<\/div>\n\t\t\t\t<\/div>\n\t\t\t\t<div class=\"elementor-element elementor-element-d8165e4 elementor-align-center elementor-widget elementor-widget-button\" data-id=\"d8165e4\" data-element_type=\"widget\" data-e-type=\"widget\" data-widget_type=\"button.default\">\n\t\t\t\t<div class=\"elementor-widget-container\">\n\t\t\t\t\t\t\t\t\t<div class=\"elementor-button-wrapper\">\n\t\t\t\t\t<a class=\"elementor-button elementor-button-link elementor-size-sm\" href=\"https:\/\/docs.google.com\/forms\/d\/e\/1FAIpQLSeD1fsiW2DjjxMEIHc2ULLZiFKepGGFHW4QK-HtKcHDr_OZzA\/viewform?usp=dialog\" target=\"_blank\">\n\t\t\t\t\t\t<span class=\"elementor-button-content-wrapper\">\n\t\t\t\t\t\t\t\t\t<span class=\"elementor-button-text\">INSCRIPCI\u00d3N BAILES DEL NI\u00d1O<\/span>\n\t\t\t\t\t<\/span>\n\t\t\t\t\t<\/a>\n\t\t\t\t<\/div>\n\t\t\t\t\t\t\t\t<\/div>\n\t\t\t\t<\/div>\n\t\t\t\t\t<\/div>\n\t\t<\/div>\n\t\t\t\t\t<\/div>\n\t\t<\/section>\n\t\t\t\t<\/div>\n\t\t","protected":false},"excerpt":{"rendered":"<p>CLASES COLECTIVAS CON LOLA HUESCA Este a\u00f1o tenemos seguimos con m\u00e1s fuerza con nuestras clases colectivas y ampliamos los horarios la oferta para poder disfrutar del deporte en nuestras instalaciones. Tenemos Cardio-Dance, Step, GAP, Entrenamiento funcional con Lola Huesca. Durante todo el a\u00f1o, los viernes por la noche habr\u00e1 clases de Bailes de Sal\u00f3n. Adem\u00e1s, &#8230; <a title=\"CLASES LOLA HUESCA\" class=\"read-more\" href=\"https:\/\/clubdeteniscaudete.com\/index.php\/clases-lola-huesca\/\" aria-label=\"M\u00e1s en CLASES LOLA HUESCA\">Leer m\u00e1s<\/a><\/p>\n","protected":false},"author":1,"featured_media":0,"parent":0,"menu_order":0,"comment_status":"closed","ping_status":"closed","template":"","meta":{"footnotes":""},"class_list":["post-2460","page","type-page","status-publish"],"_links":{"self":[{"href":"https:\/\/clubdeteniscaudete.com\/index.php\/wp-json\/wp\/v2\/pages\/2460","targetHints":{"allow":["GET"]}}],"collection":[{"href":"https:\/\/clubdeteniscaudete.com\/index.php\/wp-json\/wp\/v2\/pages"}],"about":[{"href":"https:\/\/clubdeteniscaudete.com\/index.php\/wp-json\/wp\/v2\/types\/page"}],"author":[{"embeddable":true,"href":"https:\/\/clubdeteniscaudete.com\/index.php\/wp-json\/wp\/v2\/users\/1"}],"replies":[{"embeddable":true,"href":"https:\/\/clubdeteniscaudete.com\/index.php\/wp-json\/wp\/v2\/comments?post=2460"}],"version-history":[{"count":12,"href":"https:\/\/clubdeteniscaudete.com\/index.php\/wp-json\/wp\/v2\/pages\/2460\/revisions"}],"predecessor-version":[{"id":2476,"href":"https:\/\/clubdeteniscaudete.com\/index.php\/wp-json\/wp\/v2\/pages\/2460\/revisions\/2476"}],"wp:attachment":[{"href":"https:\/\/clubdeteniscaudete.com\/index.php\/wp-json\/wp\/v2\/media?parent=2460"}],"curies":[{"name":"wp","href":"https:\/\/api.w.org\/{rel}","templated":true}]}}