{"id":2364,"date":"2025-07-28T08:21:57","date_gmt":"2025-07-28T08:21:57","guid":{"rendered":"https:\/\/clubdeteniscaudete.com\/?page_id=2364"},"modified":"2025-08-07T10:14:42","modified_gmt":"2025-08-07T10:14:42","slug":"xiv-fin-de-semana-solidario-ctc","status":"publish","type":"page","link":"https:\/\/clubdeteniscaudete.com\/index.php\/xiv-fin-de-semana-solidario-ctc\/","title":{"rendered":"XIV FIN DE SEMANA SOLIDARIO CTC"},"content":{"rendered":"\t\t<div data-elementor-type=\"wp-page\" data-elementor-id=\"2364\" class=\"elementor elementor-2364\" data-elementor-post-type=\"page\">\n\t\t\t\t\t\t<section class=\"elementor-section elementor-top-section elementor-element elementor-element-4a1e2f4 elementor-section-full_width elementor-section-height-default elementor-section-height-default\" data-id=\"4a1e2f4\" data-element_type=\"section\" data-e-type=\"section\">\n\t\t\t\t\t\t<div class=\"elementor-container elementor-column-gap-default\">\n\t\t\t\t\t<div class=\"elementor-column elementor-col-33 elementor-top-column elementor-element elementor-element-4abd268\" data-id=\"4abd268\" data-element_type=\"column\" data-e-type=\"column\">\n\t\t\t<div class=\"elementor-widget-wrap elementor-element-populated\">\n\t\t\t\t\t\t<div class=\"elementor-element elementor-element-93cfa42 elementor-widget elementor-widget-image\" data-id=\"93cfa42\" data-element_type=\"widget\" data-e-type=\"widget\" data-widget_type=\"image.default\">\n\t\t\t\t<div class=\"elementor-widget-container\">\n\t\t\t\t\t\t\t\t\t\t\t\t\t\t\t<img fetchpriority=\"high\" decoding=\"async\" width=\"724\" height=\"1024\" src=\"https:\/\/clubdeteniscaudete.com\/wp-content\/uploads\/2025\/07\/WhatsApp-Image-2025-07-28-at-10.14.47-724x1024.jpeg\" class=\"attachment-large size-large wp-image-2365\" alt=\"\" srcset=\"https:\/\/clubdeteniscaudete.com\/wp-content\/uploads\/2025\/07\/WhatsApp-Image-2025-07-28-at-10.14.47-724x1024.jpeg 724w, https:\/\/clubdeteniscaudete.com\/wp-content\/uploads\/2025\/07\/WhatsApp-Image-2025-07-28-at-10.14.47-212x300.jpeg 212w, https:\/\/clubdeteniscaudete.com\/wp-content\/uploads\/2025\/07\/WhatsApp-Image-2025-07-28-at-10.14.47-768x1086.jpeg 768w, https:\/\/clubdeteniscaudete.com\/wp-content\/uploads\/2025\/07\/WhatsApp-Image-2025-07-28-at-10.14.47-1086x1536.jpeg 1086w, https:\/\/clubdeteniscaudete.com\/wp-content\/uploads\/2025\/07\/WhatsApp-Image-2025-07-28-at-10.14.47.jpeg 1131w\" sizes=\"(max-width: 724px) 100vw, 724px\" \/>\t\t\t\t\t\t\t\t\t\t\t\t\t\t\t<\/div>\n\t\t\t\t<\/div>\n\t\t\t\t\t<\/div>\n\t\t<\/div>\n\t\t\t\t<div class=\"elementor-column elementor-col-33 elementor-top-column elementor-element elementor-element-a531997\" data-id=\"a531997\" data-element_type=\"column\" data-e-type=\"column\">\n\t\t\t<div class=\"elementor-widget-wrap elementor-element-populated\">\n\t\t\t\t\t\t<div class=\"elementor-element elementor-element-aa55841 elementor-widget elementor-widget-text-editor\" data-id=\"aa55841\" data-element_type=\"widget\" data-e-type=\"widget\" data-widget_type=\"text-editor.default\">\n\t\t\t\t<div class=\"elementor-widget-container\">\n\t\t\t\t\t\t\t\t\t<p><strong>\u00a1BIENVENIDOS A LAS XIV EDICI\u00d3N DEL FIN DE SEMANA SOLIDARIO!<\/strong><\/p><p>Un a\u00f1o m\u00e1s, volvemos con much\u00edsimas ganas de pasar el mejor finde del verano en el club.<br \/>P\u00e1del, tenis, pickleball, parch\u00eds, f\u00fatbol, senderismo, basket, rummikub, petanca, futbol\u00edn, churros con chocolate, paella, nuestra m\u00edtica sardinada&#8230;<strong>\u00a1UN PLANAZO!<\/strong><\/p><p>Esperamos que disfrutemos todos much\u00edsimo y colaboremos con esta<strong> ONG<\/strong> tan bonita, que <strong>Caudete<\/strong> siempre tenga un hueco muy especial en <strong>Etiop\u00eda<\/strong> y podamos seguir aportando nuestro granito de arena para mejorar el orfanato a\u00f1o tras a\u00f1o.<\/p><p>Debido a que una de las pistas de p\u00e1del va a ser remodelada y no est\u00e1 en condiciones para jugar, <span class=\"grammar correction\" title=\"La tilde es innecesaria seg\u00fan la norma actual. Con el sentido de \u00absolamente\u00bb (adv.), cuando hay riesgo de ambig\u00fcedad con el adj. \u00absolo\u00bb, puede escribirse \u00abs\u00f3lo\u00bb (DRAE).\" data-type=\"grammar\" data-suggestions=\"[{&quot;value&quot;:&quot;solo&quot;},{&quot;value&quot;:&quot;solamente&quot;},{&quot;value&quot;:&quot;\u00fanicamente&quot;}]\" data-rule=\"SOLO\" data-word=\"s\u00f3lo\">solo<\/span> tendremos una pista de p\u00e1del en marcha, por lo que hemos decidido hacer el torneo de una forma m\u00e1s l\u00fadica con partidos a <span class=\"grammar correction\" title=\"Falta un espacio antes de la unidad.\" data-type=\"grammar\" data-suggestions=\"[{&quot;value&quot;:&quot;20\u202fmin&quot;}]\" data-rule=\"SPACE_UNITIES\" data-word=\"20min\">20\u202fmin<\/span>, con el fin de poder dar cabida a la m\u00e1xima gente posible.<\/p><p><br \/>En los siguientes enlaces encontrar\u00e1s el formulario de inscripci\u00f3n para las diferentes actividades que se realizar\u00e1n durante el fin de semana solidario.<\/p><p>Grupo de WhatsApp para todos los participantes (publicaremos horarios y m\u00e1s informaci\u00f3n):<\/p><p><a href=\"https:\/\/chat.whatsapp.com\/JiPlSl43cBCCWpas66Ea3M\">https:\/\/chat.whatsapp.com\/JiPlSl43cBCCWpas66Ea3M<\/a><\/p><p><strong>Tel\u00e9fonos de contacto:<\/strong><\/p><p>Torneos deportivos, <strong>Roberto Rold\u00e1n<\/strong>: 685271637<br \/>Resto de actividades:<br \/><strong>Albertina Garc\u00eda Llor\u00e9ns<\/strong>: 649910664<br \/><strong>Andrea Garc\u00eda:<\/strong> 648856961<br \/><strong>Vicente Lillo<\/strong>: 629614288<\/p><p><strong>\u00a1Gracias por hacerlo posible un a\u00f1o m\u00e1s!<\/strong><\/p>\t\t\t\t\t\t\t\t<\/div>\n\t\t\t\t<\/div>\n\t\t\t\t\t<\/div>\n\t\t<\/div>\n\t\t\t\t<div class=\"elementor-column elementor-col-33 elementor-top-column elementor-element elementor-element-a841ece\" data-id=\"a841ece\" data-element_type=\"column\" data-e-type=\"column\">\n\t\t\t<div class=\"elementor-widget-wrap elementor-element-populated\">\n\t\t\t\t\t\t<div class=\"elementor-element elementor-element-f8cf74b elementor-align-center elementor-widget elementor-widget-button\" data-id=\"f8cf74b\" data-element_type=\"widget\" data-e-type=\"widget\" data-widget_type=\"button.default\">\n\t\t\t\t<div class=\"elementor-widget-container\">\n\t\t\t\t\t\t\t\t\t<div class=\"elementor-button-wrapper\">\n\t\t\t\t\t<a class=\"elementor-button elementor-button-link elementor-size-sm\" href=\"https:\/\/docs.google.com\/document\/d\/19wxBvvitlol5Bfq5gGZkr-5m1vjqu4Ec2O9HkmcvTXs\/edit?usp=sharing\" target=\"_blank\">\n\t\t\t\t\t\t<span class=\"elementor-button-content-wrapper\">\n\t\t\t\t\t\t\t\t\t<span class=\"elementor-button-text\"> PICKLEBALL GRUPOS Y HORARIOS<\/span>\n\t\t\t\t\t<\/span>\n\t\t\t\t\t<\/a>\n\t\t\t\t<\/div>\n\t\t\t\t\t\t\t\t<\/div>\n\t\t\t\t<\/div>\n\t\t\t\t<div class=\"elementor-element elementor-element-a7edc67 elementor-align-center elementor-widget elementor-widget-button\" data-id=\"a7edc67\" data-element_type=\"widget\" data-e-type=\"widget\" data-widget_type=\"button.default\">\n\t\t\t\t<div class=\"elementor-widget-container\">\n\t\t\t\t\t\t\t\t\t<div class=\"elementor-button-wrapper\">\n\t\t\t\t\t<a class=\"elementor-button elementor-button-link elementor-size-sm\" href=\"https:\/\/docs.google.com\/document\/d\/10hlDmd37X30vRFikhfSznbXFusvxpwABpxZRrRJY0xs\/edit?usp=sharing\" target=\"_blank\">\n\t\t\t\t\t\t<span class=\"elementor-button-content-wrapper\">\n\t\t\t\t\t\t\t\t\t<span class=\"elementor-button-text\">P\u00c1DEL GRUPOS Y HORARIOS <\/span>\n\t\t\t\t\t<\/span>\n\t\t\t\t\t<\/a>\n\t\t\t\t<\/div>\n\t\t\t\t\t\t\t\t<\/div>\n\t\t\t\t<\/div>\n\t\t\t\t<div class=\"elementor-element elementor-element-5762957 elementor-align-center elementor-widget elementor-widget-button\" data-id=\"5762957\" data-element_type=\"widget\" data-e-type=\"widget\" data-widget_type=\"button.default\">\n\t\t\t\t<div class=\"elementor-widget-container\">\n\t\t\t\t\t\t\t\t\t<div class=\"elementor-button-wrapper\">\n\t\t\t\t\t<a class=\"elementor-button elementor-button-link elementor-size-sm\" href=\"https:\/\/docs.google.com\/document\/d\/12O8Plvfc2Q_UCNXUMRklpfp-DZGDJT0xe4HtzH9Vwfs\/edit?usp=sharing\" target=\"_blank\">\n\t\t\t\t\t\t<span class=\"elementor-button-content-wrapper\">\n\t\t\t\t\t\t\t\t\t<span class=\"elementor-button-text\">TENIS GRUPOS Y HORARIOS<\/span>\n\t\t\t\t\t<\/span>\n\t\t\t\t\t<\/a>\n\t\t\t\t<\/div>\n\t\t\t\t\t\t\t\t<\/div>\n\t\t\t\t<\/div>\n\t\t\t\t<div class=\"elementor-element elementor-element-2165ac0 elementor-align-center elementor-widget elementor-widget-button\" data-id=\"2165ac0\" data-element_type=\"widget\" data-e-type=\"widget\" data-widget_type=\"button.default\">\n\t\t\t\t<div class=\"elementor-widget-container\">\n\t\t\t\t\t\t\t\t\t<div class=\"elementor-button-wrapper\">\n\t\t\t\t\t<a class=\"elementor-button elementor-button-link elementor-size-sm\" href=\"https:\/\/clubdeteniscaudete.com\/wp-content\/uploads\/2025\/08\/FUTBOLIN-TODO.pdf\" target=\"_blank\">\n\t\t\t\t\t\t<span class=\"elementor-button-content-wrapper\">\n\t\t\t\t\t\t\t\t\t<span class=\"elementor-button-text\">FUTBOL\u00cdN GRUPOS Y HORARIOS<\/span>\n\t\t\t\t\t<\/span>\n\t\t\t\t\t<\/a>\n\t\t\t\t<\/div>\n\t\t\t\t\t\t\t\t<\/div>\n\t\t\t\t<\/div>\n\t\t\t\t<div class=\"elementor-element elementor-element-16bbe65 elementor-align-center elementor-widget elementor-widget-button\" data-id=\"16bbe65\" data-element_type=\"widget\" data-e-type=\"widget\" data-widget_type=\"button.default\">\n\t\t\t\t<div class=\"elementor-widget-container\">\n\t\t\t\t\t\t\t\t\t<div class=\"elementor-button-wrapper\">\n\t\t\t\t\t<a class=\"elementor-button elementor-button-link elementor-size-sm\" href=\"https:\/\/docs.google.com\/forms\/d\/e\/1FAIpQLScDCFTz1w_DYvSQeGPa2IAtoiF0dToTNaOb9isn70W6s1Ufdw\/viewform\" target=\"_blank\">\n\t\t\t\t\t\t<span class=\"elementor-button-content-wrapper\">\n\t\t\t\t\t\t\t\t\t<span class=\"elementor-button-text\">INSCRIPCI\u00d3N BASKET 3X3<\/span>\n\t\t\t\t\t<\/span>\n\t\t\t\t\t<\/a>\n\t\t\t\t<\/div>\n\t\t\t\t\t\t\t\t<\/div>\n\t\t\t\t<\/div>\n\t\t\t\t<div class=\"elementor-element elementor-element-fd8a6e0 elementor-align-center elementor-widget elementor-widget-button\" data-id=\"fd8a6e0\" data-element_type=\"widget\" data-e-type=\"widget\" data-widget_type=\"button.default\">\n\t\t\t\t<div class=\"elementor-widget-container\">\n\t\t\t\t\t\t\t\t\t<div class=\"elementor-button-wrapper\">\n\t\t\t\t\t<a class=\"elementor-button elementor-button-link elementor-size-sm\" href=\"https:\/\/docs.google.com\/forms\/d\/e\/1FAIpQLSfDcQ3pMOd-y8RyP5MheOXho77To6dSVyrDdgUDuUumvY492A\/viewform\" target=\"_blank\">\n\t\t\t\t\t\t<span class=\"elementor-button-content-wrapper\">\n\t\t\t\t\t\t\t\t\t<span class=\"elementor-button-text\">INSCRIPCI\u00d3N SENDERISMO<\/span>\n\t\t\t\t\t<\/span>\n\t\t\t\t\t<\/a>\n\t\t\t\t<\/div>\n\t\t\t\t\t\t\t\t<\/div>\n\t\t\t\t<\/div>\n\t\t\t\t<div class=\"elementor-element elementor-element-18451b6 elementor-align-center elementor-widget elementor-widget-button\" data-id=\"18451b6\" data-element_type=\"widget\" data-e-type=\"widget\" data-widget_type=\"button.default\">\n\t\t\t\t<div class=\"elementor-widget-container\">\n\t\t\t\t\t\t\t\t\t<div class=\"elementor-button-wrapper\">\n\t\t\t\t\t<a class=\"elementor-button elementor-button-link elementor-size-sm\" href=\"https:\/\/docs.google.com\/forms\/d\/e\/1FAIpQLSfzXWlPuER4NlBIUJOOE59l0fbQwlwdsg_wAlJeRtWd4TdTIw\/viewform\" target=\"_blank\">\n\t\t\t\t\t\t<span class=\"elementor-button-content-wrapper\">\n\t\t\t\t\t\t\t\t\t<span class=\"elementor-button-text\">INSCRIPCI\u00d3N PETANCA, PARCH\u00cdS, PILATES, RUMMIKUB  Y FUTBOL\u00cdN<\/span>\n\t\t\t\t\t<\/span>\n\t\t\t\t\t<\/a>\n\t\t\t\t<\/div>\n\t\t\t\t\t\t\t\t<\/div>\n\t\t\t\t<\/div>\n\t\t\t\t<div class=\"elementor-element elementor-element-4a8185b elementor-align-center elementor-widget elementor-widget-button\" data-id=\"4a8185b\" data-element_type=\"widget\" data-e-type=\"widget\" data-widget_type=\"button.default\">\n\t\t\t\t<div class=\"elementor-widget-container\">\n\t\t\t\t\t\t\t\t\t<div class=\"elementor-button-wrapper\">\n\t\t\t\t\t<a class=\"elementor-button elementor-button-link elementor-size-sm\" href=\"https:\/\/docs.google.com\/forms\/d\/e\/1FAIpQLSfNgtdNsv0RXDHD3HI3ZBUcPhtN5AICG7iV5P7AjL2VH1UodA\/viewform?usp=header\" target=\"_blank\">\n\t\t\t\t\t\t<span class=\"elementor-button-content-wrapper\">\n\t\t\t\t\t\t\t\t\t<span class=\"elementor-button-text\">INSCRIPCI\u00d3N COMIDA Y\/O ALMUERZO<\/span>\n\t\t\t\t\t<\/span>\n\t\t\t\t\t<\/a>\n\t\t\t\t<\/div>\n\t\t\t\t\t\t\t\t<\/div>\n\t\t\t\t<\/div>\n\t\t\t\t\t<\/div>\n\t\t<\/div>\n\t\t\t\t\t<\/div>\n\t\t<\/section>\n\t\t\t\t<\/div>\n\t\t","protected":false},"excerpt":{"rendered":"<p>\u00a1BIENVENIDOS A LAS XIV EDICI\u00d3N DEL FIN DE SEMANA SOLIDARIO! Un a\u00f1o m\u00e1s, volvemos con much\u00edsimas ganas de pasar el mejor finde del verano en el club.P\u00e1del, tenis, pickleball, parch\u00eds, f\u00fatbol, senderismo, basket, rummikub, petanca, futbol\u00edn, churros con chocolate, paella, nuestra m\u00edtica sardinada&#8230;\u00a1UN PLANAZO! Esperamos que disfrutemos todos much\u00edsimo y colaboremos con esta ONG tan &#8230; <a title=\"XIV FIN DE SEMANA SOLIDARIO CTC\" class=\"read-more\" href=\"https:\/\/clubdeteniscaudete.com\/index.php\/xiv-fin-de-semana-solidario-ctc\/\" aria-label=\"M\u00e1s en XIV FIN DE SEMANA SOLIDARIO CTC\">Leer m\u00e1s<\/a><\/p>\n","protected":false},"author":1,"featured_media":0,"parent":0,"menu_order":0,"comment_status":"closed","ping_status":"closed","template":"","meta":{"footnotes":""},"class_list":["post-2364","page","type-page","status-publish"],"_links":{"self":[{"href":"https:\/\/clubdeteniscaudete.com\/index.php\/wp-json\/wp\/v2\/pages\/2364","targetHints":{"allow":["GET"]}}],"collection":[{"href":"https:\/\/clubdeteniscaudete.com\/index.php\/wp-json\/wp\/v2\/pages"}],"about":[{"href":"https:\/\/clubdeteniscaudete.com\/index.php\/wp-json\/wp\/v2\/types\/page"}],"author":[{"embeddable":true,"href":"https:\/\/clubdeteniscaudete.com\/index.php\/wp-json\/wp\/v2\/users\/1"}],"replies":[{"embeddable":true,"href":"https:\/\/clubdeteniscaudete.com\/index.php\/wp-json\/wp\/v2\/comments?post=2364"}],"version-history":[{"count":72,"href":"https:\/\/clubdeteniscaudete.com\/index.php\/wp-json\/wp\/v2\/pages\/2364\/revisions"}],"predecessor-version":[{"id":2454,"href":"https:\/\/clubdeteniscaudete.com\/index.php\/wp-json\/wp\/v2\/pages\/2364\/revisions\/2454"}],"wp:attachment":[{"href":"https:\/\/clubdeteniscaudete.com\/index.php\/wp-json\/wp\/v2\/media?parent=2364"}],"curies":[{"name":"wp","href":"https:\/\/api.w.org\/{rel}","templated":true}]}}