{"id":2243,"date":"2025-04-30T15:04:58","date_gmt":"2025-04-30T15:04:58","guid":{"rendered":"https:\/\/clubdeteniscaudete.com\/?page_id=2243"},"modified":"2025-04-30T15:24:50","modified_gmt":"2025-04-30T15:24:50","slug":"iv-torneo-de-pickleball","status":"publish","type":"page","link":"https:\/\/clubdeteniscaudete.com\/index.php\/iv-torneo-de-pickleball\/","title":{"rendered":"IV TORNEO DE PICKLEBALL"},"content":{"rendered":"\t\t<div data-elementor-type=\"wp-page\" data-elementor-id=\"2243\" class=\"elementor elementor-2243\" data-elementor-post-type=\"page\">\n\t\t\t\t\t\t<section class=\"elementor-section elementor-top-section elementor-element elementor-element-6691161 elementor-section-boxed elementor-section-height-default elementor-section-height-default\" data-id=\"6691161\" data-element_type=\"section\" data-e-type=\"section\">\n\t\t\t\t\t\t<div class=\"elementor-container elementor-column-gap-default\">\n\t\t\t\t\t<div class=\"elementor-column elementor-col-50 elementor-top-column elementor-element elementor-element-497cee8\" data-id=\"497cee8\" data-element_type=\"column\" data-e-type=\"column\">\n\t\t\t<div class=\"elementor-widget-wrap elementor-element-populated\">\n\t\t\t\t\t\t<div class=\"elementor-element elementor-element-218f06f elementor-widget elementor-widget-image\" data-id=\"218f06f\" data-element_type=\"widget\" data-e-type=\"widget\" data-widget_type=\"image.default\">\n\t\t\t\t<div class=\"elementor-widget-container\">\n\t\t\t\t\t\t\t\t\t\t\t\t\t\t\t<img fetchpriority=\"high\" decoding=\"async\" width=\"819\" height=\"1024\" src=\"https:\/\/clubdeteniscaudete.com\/wp-content\/uploads\/2025\/04\/Blue-and-Green-Illustrative-Pickleball-Tournament-Instgaram-Post-1080-x-1350-px-1-819x1024.jpg\" class=\"attachment-large size-large wp-image-2244\" alt=\"\" srcset=\"https:\/\/clubdeteniscaudete.com\/wp-content\/uploads\/2025\/04\/Blue-and-Green-Illustrative-Pickleball-Tournament-Instgaram-Post-1080-x-1350-px-1-819x1024.jpg 819w, https:\/\/clubdeteniscaudete.com\/wp-content\/uploads\/2025\/04\/Blue-and-Green-Illustrative-Pickleball-Tournament-Instgaram-Post-1080-x-1350-px-1-240x300.jpg 240w, https:\/\/clubdeteniscaudete.com\/wp-content\/uploads\/2025\/04\/Blue-and-Green-Illustrative-Pickleball-Tournament-Instgaram-Post-1080-x-1350-px-1-768x960.jpg 768w, https:\/\/clubdeteniscaudete.com\/wp-content\/uploads\/2025\/04\/Blue-and-Green-Illustrative-Pickleball-Tournament-Instgaram-Post-1080-x-1350-px-1.jpg 1080w\" sizes=\"(max-width: 819px) 100vw, 819px\" \/>\t\t\t\t\t\t\t\t\t\t\t\t\t\t\t<\/div>\n\t\t\t\t<\/div>\n\t\t\t\t\t<\/div>\n\t\t<\/div>\n\t\t\t\t<div class=\"elementor-column elementor-col-50 elementor-top-column elementor-element elementor-element-c72b68b\" data-id=\"c72b68b\" data-element_type=\"column\" data-e-type=\"column\">\n\t\t\t<div class=\"elementor-widget-wrap elementor-element-populated\">\n\t\t\t\t\t\t<div class=\"elementor-element elementor-element-b0b2789 elementor-widget elementor-widget-text-editor\" data-id=\"b0b2789\" data-element_type=\"widget\" data-e-type=\"widget\" data-widget_type=\"text-editor.default\">\n\t\t\t\t<div class=\"elementor-widget-container\">\n\t\t\t\t\t\t\t\t\t<p>\ud83c\udfd3 \u00a1Nuevo Torneo de Pickleball! \ud83d\udd25<br>El d\u00eda 4 de mayo celebramos un nuevo torneo de Pickleball, abierto a todos los niveles.<\/p>\n<p>\ud83d\udccc Categor\u00edas:<br>Se definir\u00e1n en funci\u00f3n del n\u00famero y nivel de inscritos.<\/p>\n<p>\ud83d\udcc5 Plazo m\u00e1ximo de inscripci\u00f3n: 29 de abril<\/p>\t\t\t\t\t\t\t\t<\/div>\n\t\t\t\t<\/div>\n\t\t\t\t<div class=\"elementor-element elementor-element-138a461 elementor-align-center elementor-widget elementor-widget-button\" data-id=\"138a461\" data-element_type=\"widget\" data-e-type=\"widget\" data-widget_type=\"button.default\">\n\t\t\t\t<div class=\"elementor-widget-container\">\n\t\t\t\t\t\t\t\t\t<div class=\"elementor-button-wrapper\">\n\t\t\t\t\t<a class=\"elementor-button elementor-button-link elementor-size-sm\" href=\"https:\/\/docs.google.com\/document\/d\/1-e1wbpV7A2bL0OE1Q6SU4f-NOBONLdBzdG_wTOLMBXk\/edit?usp=sharing\" target=\"_blank\">\n\t\t\t\t\t\t<span class=\"elementor-button-content-wrapper\">\n\t\t\t\t\t\t\t\t\t<span class=\"elementor-button-text\">GRUPOS Y HORARIOS<\/span>\n\t\t\t\t\t<\/span>\n\t\t\t\t\t<\/a>\n\t\t\t\t<\/div>\n\t\t\t\t\t\t\t\t<\/div>\n\t\t\t\t<\/div>\n\t\t\t\t<div class=\"elementor-element elementor-element-4d7cffd elementor-align-center elementor-widget elementor-widget-button\" data-id=\"4d7cffd\" data-element_type=\"widget\" data-e-type=\"widget\" data-widget_type=\"button.default\">\n\t\t\t\t<div class=\"elementor-widget-container\">\n\t\t\t\t\t\t\t\t\t<div class=\"elementor-button-wrapper\">\n\t\t\t\t\t<a class=\"elementor-button elementor-button-link elementor-size-sm\" href=\"https:\/\/docs.google.com\/document\/d\/1jc5YutI7uxTvZ9eesohqw1A5KBtgjXi7aidhtr6Ylmw\/edit?usp=sharing\" target=\"_blank\">\n\t\t\t\t\t\t<span class=\"elementor-button-content-wrapper\">\n\t\t\t\t\t\t\t\t\t<span class=\"elementor-button-text\">REGLAMENTO<\/span>\n\t\t\t\t\t<\/span>\n\t\t\t\t\t<\/a>\n\t\t\t\t<\/div>\n\t\t\t\t\t\t\t\t<\/div>\n\t\t\t\t<\/div>\n\t\t\t\t\t<\/div>\n\t\t<\/div>\n\t\t\t\t\t<\/div>\n\t\t<\/section>\n\t\t\t\t<\/div>\n\t\t","protected":false},"excerpt":{"rendered":"<p>\ud83c\udfd3 \u00a1Nuevo Torneo de Pickleball! \ud83d\udd25El d\u00eda 4 de mayo celebramos un nuevo torneo de Pickleball, abierto a todos los niveles. \ud83d\udccc Categor\u00edas:Se definir\u00e1n en funci\u00f3n del n\u00famero y nivel de inscritos. \ud83d\udcc5 Plazo m\u00e1ximo de inscripci\u00f3n: 29 de abril GRUPOS Y HORARIOS REGLAMENTO<\/p>\n","protected":false},"author":1,"featured_media":0,"parent":0,"menu_order":0,"comment_status":"closed","ping_status":"closed","template":"","meta":{"footnotes":""},"class_list":["post-2243","page","type-page","status-publish"],"_links":{"self":[{"href":"https:\/\/clubdeteniscaudete.com\/index.php\/wp-json\/wp\/v2\/pages\/2243","targetHints":{"allow":["GET"]}}],"collection":[{"href":"https:\/\/clubdeteniscaudete.com\/index.php\/wp-json\/wp\/v2\/pages"}],"about":[{"href":"https:\/\/clubdeteniscaudete.com\/index.php\/wp-json\/wp\/v2\/types\/page"}],"author":[{"embeddable":true,"href":"https:\/\/clubdeteniscaudete.com\/index.php\/wp-json\/wp\/v2\/users\/1"}],"replies":[{"embeddable":true,"href":"https:\/\/clubdeteniscaudete.com\/index.php\/wp-json\/wp\/v2\/comments?post=2243"}],"version-history":[{"count":12,"href":"https:\/\/clubdeteniscaudete.com\/index.php\/wp-json\/wp\/v2\/pages\/2243\/revisions"}],"predecessor-version":[{"id":2262,"href":"https:\/\/clubdeteniscaudete.com\/index.php\/wp-json\/wp\/v2\/pages\/2243\/revisions\/2262"}],"wp:attachment":[{"href":"https:\/\/clubdeteniscaudete.com\/index.php\/wp-json\/wp\/v2\/media?parent=2243"}],"curies":[{"name":"wp","href":"https:\/\/api.w.org\/{rel}","templated":true}]}}