{"id":2108,"date":"2025-02-18T08:55:45","date_gmt":"2025-02-18T08:55:45","guid":{"rendered":"https:\/\/clubdeteniscaudete.com\/?page_id=2108"},"modified":"2025-03-12T09:59:24","modified_gmt":"2025-03-12T09:59:24","slug":"iv-torneo-padel-primavera","status":"publish","type":"page","link":"https:\/\/clubdeteniscaudete.com\/index.php\/iv-torneo-padel-primavera\/","title":{"rendered":"IV TORNEO P\u00c1DEL PRIMAVERA"},"content":{"rendered":"\t\t<div data-elementor-type=\"wp-page\" data-elementor-id=\"2108\" class=\"elementor elementor-2108\" data-elementor-post-type=\"page\">\n\t\t\t\t\t\t<section class=\"elementor-section elementor-top-section elementor-element elementor-element-f93f942 elementor-section-boxed elementor-section-height-default elementor-section-height-default\" data-id=\"f93f942\" data-element_type=\"section\" data-e-type=\"section\">\n\t\t\t\t\t\t<div class=\"elementor-container elementor-column-gap-default\">\n\t\t\t\t\t<div class=\"elementor-column elementor-col-50 elementor-top-column elementor-element elementor-element-33731f2\" data-id=\"33731f2\" data-element_type=\"column\" data-e-type=\"column\">\n\t\t\t<div class=\"elementor-widget-wrap elementor-element-populated\">\n\t\t\t\t\t\t<div class=\"elementor-element elementor-element-67a6f95 elementor-widget elementor-widget-image\" data-id=\"67a6f95\" data-element_type=\"widget\" data-e-type=\"widget\" data-widget_type=\"image.default\">\n\t\t\t\t<div class=\"elementor-widget-container\">\n\t\t\t\t\t\t\t\t\t\t\t\t\t\t\t<img fetchpriority=\"high\" decoding=\"async\" width=\"819\" height=\"1024\" src=\"https:\/\/clubdeteniscaudete.com\/wp-content\/uploads\/2025\/03\/IV-TORNEO-PADEL-PRIMAVERA-1-819x1024.jpg\" class=\"attachment-large size-large wp-image-2149\" alt=\"\" srcset=\"https:\/\/clubdeteniscaudete.com\/wp-content\/uploads\/2025\/03\/IV-TORNEO-PADEL-PRIMAVERA-1-819x1024.jpg 819w, https:\/\/clubdeteniscaudete.com\/wp-content\/uploads\/2025\/03\/IV-TORNEO-PADEL-PRIMAVERA-1-240x300.jpg 240w, https:\/\/clubdeteniscaudete.com\/wp-content\/uploads\/2025\/03\/IV-TORNEO-PADEL-PRIMAVERA-1-768x960.jpg 768w, https:\/\/clubdeteniscaudete.com\/wp-content\/uploads\/2025\/03\/IV-TORNEO-PADEL-PRIMAVERA-1.jpg 1080w\" sizes=\"(max-width: 819px) 100vw, 819px\" \/>\t\t\t\t\t\t\t\t\t\t\t\t\t\t\t<\/div>\n\t\t\t\t<\/div>\n\t\t\t\t\t<\/div>\n\t\t<\/div>\n\t\t\t\t<div class=\"elementor-column elementor-col-50 elementor-top-column elementor-element elementor-element-86aba2f\" data-id=\"86aba2f\" data-element_type=\"column\" data-e-type=\"column\">\n\t\t\t<div class=\"elementor-widget-wrap elementor-element-populated\">\n\t\t\t\t\t\t<div class=\"elementor-element elementor-element-f4a2569 elementor-widget elementor-widget-heading\" data-id=\"f4a2569\" data-element_type=\"widget\" data-e-type=\"widget\" data-widget_type=\"heading.default\">\n\t\t\t\t<div class=\"elementor-widget-container\">\n\t\t\t\t\t<h2 class=\"elementor-heading-title elementor-size-default\">IV TORNEO P\u00c1DEL PRIMAVERA<\/h2>\t\t\t\t<\/div>\n\t\t\t\t<\/div>\n\t\t\t\t<div class=\"elementor-element elementor-element-a6ba497 elementor-widget elementor-widget-text-editor\" data-id=\"a6ba497\" data-element_type=\"widget\" data-e-type=\"widget\" data-widget_type=\"text-editor.default\">\n\t\t\t\t<div class=\"elementor-widget-container\">\n\t\t\t\t\t\t\t\t\t<p>\u00a0<\/p><p>\ud83c\udf38\ud83c\udfc6 Torneo de P\u00e1del Primavera &#8211; Club de Tenis Caudete \ud83c\udfbe<\/p><p>\ud83d\udcc5 Fechas: 21, 22\u00a0 y 23 de marzo<br \/>\ud83d\udccd Lugar: Club de Tenis Caudete<br \/>\ud83d\udcdd Inscripci\u00f3n abierta hasta: 18 de marzo o hasta completar 30 inscritos.<\/p><p>\u00a1Llega el Torneo de P\u00e1del Primavera al Club de Tenis Caudete! Un fin de semana lleno de emoci\u00f3n, competici\u00f3n y buen ambiente para todos los amantes del p\u00e1del.<\/p><p>En la primera categor\u00eda se clasifican a semifinales los 2 primeros de cada grupo.<\/p><p>En segunda y en femenino se clasifican a 1\/4 de final los 2 primeros de cada grupo.<\/p>\t\t\t\t\t\t\t\t<\/div>\n\t\t\t\t<\/div>\n\t\t\t\t<div class=\"elementor-element elementor-element-0a7772a elementor-align-center elementor-widget elementor-widget-button\" data-id=\"0a7772a\" data-element_type=\"widget\" data-e-type=\"widget\" data-widget_type=\"button.default\">\n\t\t\t\t<div class=\"elementor-widget-container\">\n\t\t\t\t\t\t\t\t\t<div class=\"elementor-button-wrapper\">\n\t\t\t\t\t<a class=\"elementor-button elementor-button-link elementor-size-sm\" href=\"https:\/\/docs.google.com\/document\/d\/1o0RsvxIXs-Hm9l6VCqdjweAPey2BRPr5TqC-IRG5nuQ\/edit?usp=sharing\" target=\"_blank\">\n\t\t\t\t\t\t<span class=\"elementor-button-content-wrapper\">\n\t\t\t\t\t\t\t\t\t<span class=\"elementor-button-text\">GRUPOS<\/span>\n\t\t\t\t\t<\/span>\n\t\t\t\t\t<\/a>\n\t\t\t\t<\/div>\n\t\t\t\t\t\t\t\t<\/div>\n\t\t\t\t<\/div>\n\t\t\t\t<div class=\"elementor-element elementor-element-9de2d24 elementor-align-center elementor-widget elementor-widget-button\" data-id=\"9de2d24\" data-element_type=\"widget\" data-e-type=\"widget\" data-widget_type=\"button.default\">\n\t\t\t\t<div class=\"elementor-widget-container\">\n\t\t\t\t\t\t\t\t\t<div class=\"elementor-button-wrapper\">\n\t\t\t\t\t<a class=\"elementor-button elementor-button-link elementor-size-sm\" href=\"https:\/\/docs.google.com\/document\/d\/1qN7bbQwppWggOT_n1qDg14lvN6TDE5VAidlVzODoU-E\/edit?usp=sharing\" target=\"_blank\">\n\t\t\t\t\t\t<span class=\"elementor-button-content-wrapper\">\n\t\t\t\t\t\t\t\t\t<span class=\"elementor-button-text\">HORARIOS<\/span>\n\t\t\t\t\t<\/span>\n\t\t\t\t\t<\/a>\n\t\t\t\t<\/div>\n\t\t\t\t\t\t\t\t<\/div>\n\t\t\t\t<\/div>\n\t\t\t\t\t<\/div>\n\t\t<\/div>\n\t\t\t\t\t<\/div>\n\t\t<\/section>\n\t\t\t\t<\/div>\n\t\t","protected":false},"excerpt":{"rendered":"<p>IV TORNEO P\u00c1DEL PRIMAVERA \u00a0 \ud83c\udf38\ud83c\udfc6 Torneo de P\u00e1del Primavera &#8211; Club de Tenis Caudete \ud83c\udfbe \ud83d\udcc5 Fechas: 21, 22\u00a0 y 23 de marzo\ud83d\udccd Lugar: Club de Tenis Caudete\ud83d\udcdd Inscripci\u00f3n abierta hasta: 18 de marzo o hasta completar 30 inscritos. \u00a1Llega el Torneo de P\u00e1del Primavera al Club de Tenis Caudete! Un fin de semana &#8230; <a title=\"IV TORNEO P\u00c1DEL PRIMAVERA\" class=\"read-more\" href=\"https:\/\/clubdeteniscaudete.com\/index.php\/iv-torneo-padel-primavera\/\" aria-label=\"M\u00e1s en IV TORNEO P\u00c1DEL PRIMAVERA\">Leer m\u00e1s<\/a><\/p>\n","protected":false},"author":1,"featured_media":0,"parent":0,"menu_order":0,"comment_status":"closed","ping_status":"closed","template":"","meta":{"footnotes":""},"class_list":["post-2108","page","type-page","status-publish"],"_links":{"self":[{"href":"https:\/\/clubdeteniscaudete.com\/index.php\/wp-json\/wp\/v2\/pages\/2108","targetHints":{"allow":["GET"]}}],"collection":[{"href":"https:\/\/clubdeteniscaudete.com\/index.php\/wp-json\/wp\/v2\/pages"}],"about":[{"href":"https:\/\/clubdeteniscaudete.com\/index.php\/wp-json\/wp\/v2\/types\/page"}],"author":[{"embeddable":true,"href":"https:\/\/clubdeteniscaudete.com\/index.php\/wp-json\/wp\/v2\/users\/1"}],"replies":[{"embeddable":true,"href":"https:\/\/clubdeteniscaudete.com\/index.php\/wp-json\/wp\/v2\/comments?post=2108"}],"version-history":[{"count":21,"href":"https:\/\/clubdeteniscaudete.com\/index.php\/wp-json\/wp\/v2\/pages\/2108\/revisions"}],"predecessor-version":[{"id":2184,"href":"https:\/\/clubdeteniscaudete.com\/index.php\/wp-json\/wp\/v2\/pages\/2108\/revisions\/2184"}],"wp:attachment":[{"href":"https:\/\/clubdeteniscaudete.com\/index.php\/wp-json\/wp\/v2\/media?parent=2108"}],"curies":[{"name":"wp","href":"https:\/\/api.w.org\/{rel}","templated":true}]}}