{"id":1986,"date":"2024-09-23T07:40:10","date_gmt":"2024-09-23T07:40:10","guid":{"rendered":"https:\/\/clubdeteniscaudete.com\/?page_id=1986"},"modified":"2024-10-16T13:43:05","modified_gmt":"2024-10-16T13:43:05","slug":"liga-tenis-y-padel-otono-invierno-2024","status":"publish","type":"page","link":"https:\/\/clubdeteniscaudete.com\/index.php\/liga-tenis-y-padel-otono-invierno-2024\/","title":{"rendered":"LIGA TENIS Y P\u00c1DEL OTO\u00d1O\/INVIERNO 2024"},"content":{"rendered":"\t\t<div data-elementor-type=\"wp-page\" data-elementor-id=\"1986\" class=\"elementor elementor-1986\" data-elementor-post-type=\"page\">\n\t\t\t\t\t\t<section class=\"elementor-section elementor-top-section elementor-element elementor-element-08ae2a8 elementor-section-boxed elementor-section-height-default elementor-section-height-default\" data-id=\"08ae2a8\" data-element_type=\"section\" data-e-type=\"section\">\n\t\t\t\t\t\t<div class=\"elementor-container elementor-column-gap-default\">\n\t\t\t\t\t<div class=\"elementor-column elementor-col-100 elementor-top-column elementor-element elementor-element-90236c3\" data-id=\"90236c3\" data-element_type=\"column\" data-e-type=\"column\">\n\t\t\t<div class=\"elementor-widget-wrap elementor-element-populated\">\n\t\t\t\t\t\t<div class=\"elementor-element elementor-element-4507b38 elementor-widget elementor-widget-heading\" data-id=\"4507b38\" data-element_type=\"widget\" data-e-type=\"widget\" data-widget_type=\"heading.default\">\n\t\t\t\t<div class=\"elementor-widget-container\">\n\t\t\t\t\t<h2 class=\"elementor-heading-title elementor-size-default\">V LIGA DE P\u00c1DEL Y VI LIGA DE TENIS<\/h2>\t\t\t\t<\/div>\n\t\t\t\t<\/div>\n\t\t\t\t<div class=\"elementor-element elementor-element-60acdc4 elementor-widget elementor-widget-text-editor\" data-id=\"60acdc4\" data-element_type=\"widget\" data-e-type=\"widget\" data-widget_type=\"text-editor.default\">\n\t\t\t\t<div class=\"elementor-widget-container\">\n\t\t\t\t\t\t\t\t\t<p>Ya estamos preparando una nueva <span class=\"misspelling correction\" title=\"Se ha encontrado un posible error ortogr\u00e1fico.\" data-type=\"misspelling\" data-suggestions=\"[{&quot;value&quot;:&quot;edici\u00f3n&quot;}]\" data-rule=\"MORFOLOGIK_RULE_ES\" data-word=\"edcici\u00f3n\">edici\u00f3n<\/span> de nuestras ligas de tenis y p\u00e1del.<\/p><p>Las ligas dar\u00e1n comienzo el s\u00e1bado 12 de octubre y las finales ser\u00e1n el s\u00e1bado 25 de enero de 2025.<\/p><p>El precio de la inscripci\u00f3n es de <span class=\"error grammar\" title=\"Falta un espacio antes de la unidad.\" data-type=\"grammar\" data-suggestions=\"[{&quot;value&quot;:&quot;20\u202f\u20ac&quot;}]\" data-rule=\"SPACE_UNITIES\" data-word=\"20\u20ac\">20\u20ac<\/span> por jugador, con la inscripci\u00f3n al igual que en a\u00f1os anteriores entraran <span class=\"error grammar\" title=\"Falta un espacio antes de la unidad.\" data-type=\"grammar\" data-suggestions=\"[{&quot;value&quot;:&quot;10\u202f\u20ac&quot;}]\" data-rule=\"SPACE_UNITIES\" data-word=\"10\u20ac\">10\u20ac<\/span> para el <span class=\"error misspelling\" title=\"Se ha encontrado un posible error ortogr\u00e1fico.\" data-type=\"misspelling\" data-suggestions=\"[{&quot;value&quot;:&quot;Bono monedero&quot;}]\" data-rule=\"MORFOLOGIK_RULE_ES\" data-word=\"Bonomonedero\">Bonomonedero<\/span> de <span class=\"error misspelling\" title=\"Se ha encontrado un posible error ortogr\u00e1fico.\" data-type=\"misspelling\" data-suggestions=\"[{&quot;value&quot;:&quot;Plat\u00f3nico&quot;},{&quot;value&quot;:&quot;Plat\u00f3nica&quot;},{&quot;value&quot;:&quot;Plastoma&quot;},{&quot;value&quot;:&quot;Plastomas&quot;},{&quot;value&quot;:&quot;Playboy&quot;},{&quot;value&quot;:&quot;Playboys&quot;},{&quot;value&quot;:&quot;Playmobil&quot;}]\" data-rule=\"MORFOLOGIK_RULE_ES\" data-word=\"Playtomic\">Playtomic<\/span>, y un bote de pelotas por jugador. En el enlace de normas de la liga que ten\u00e9is m\u00e1s abajo pod\u00e9is verlo todo m\u00e1s detallado.<\/p>\t\t\t\t\t\t\t\t<\/div>\n\t\t\t\t<\/div>\n\t\t\t\t\t<\/div>\n\t\t<\/div>\n\t\t\t\t\t<\/div>\n\t\t<\/section>\n\t\t\t\t<section class=\"elementor-section elementor-top-section elementor-element elementor-element-6f3e14e elementor-section-boxed elementor-section-height-default elementor-section-height-default\" data-id=\"6f3e14e\" data-element_type=\"section\" data-e-type=\"section\">\n\t\t\t\t\t\t<div class=\"elementor-container elementor-column-gap-default\">\n\t\t\t\t\t<div class=\"elementor-column elementor-col-50 elementor-top-column elementor-element elementor-element-62b4cb2\" data-id=\"62b4cb2\" data-element_type=\"column\" data-e-type=\"column\">\n\t\t\t<div class=\"elementor-widget-wrap elementor-element-populated\">\n\t\t\t\t\t\t<div class=\"elementor-element elementor-element-efdc8b6 elementor-widget elementor-widget-image\" data-id=\"efdc8b6\" data-element_type=\"widget\" data-e-type=\"widget\" data-widget_type=\"image.default\">\n\t\t\t\t<div class=\"elementor-widget-container\">\n\t\t\t\t\t\t\t\t\t\t\t\t\t\t\t<img fetchpriority=\"high\" decoding=\"async\" width=\"819\" height=\"1024\" src=\"https:\/\/clubdeteniscaudete.com\/wp-content\/uploads\/2024\/09\/1-819x1024.jpg\" class=\"attachment-large size-large wp-image-1987\" alt=\"\" srcset=\"https:\/\/clubdeteniscaudete.com\/wp-content\/uploads\/2024\/09\/1-819x1024.jpg 819w, https:\/\/clubdeteniscaudete.com\/wp-content\/uploads\/2024\/09\/1-240x300.jpg 240w, https:\/\/clubdeteniscaudete.com\/wp-content\/uploads\/2024\/09\/1-768x960.jpg 768w, https:\/\/clubdeteniscaudete.com\/wp-content\/uploads\/2024\/09\/1.jpg 1080w\" sizes=\"(max-width: 819px) 100vw, 819px\" \/>\t\t\t\t\t\t\t\t\t\t\t\t\t\t\t<\/div>\n\t\t\t\t<\/div>\n\t\t\t\t<div class=\"elementor-element elementor-element-63d45f6 elementor-align-center elementor-widget elementor-widget-button\" data-id=\"63d45f6\" data-element_type=\"widget\" data-e-type=\"widget\" data-widget_type=\"button.default\">\n\t\t\t\t<div class=\"elementor-widget-container\">\n\t\t\t\t\t\t\t\t\t<div class=\"elementor-button-wrapper\">\n\t\t\t\t\t<a class=\"elementor-button elementor-button-link elementor-size-sm\" href=\"https:\/\/docs.google.com\/document\/d\/10WKMmFKiveINX9XRdn7DjBqgPXa506Umy31IyMmXD2c\/edit?usp=sharing\" target=\"_blank\">\n\t\t\t\t\t\t<span class=\"elementor-button-content-wrapper\">\n\t\t\t\t\t\t\t\t\t<span class=\"elementor-button-text\">RESULTADOS Y PUNTUACI\u00d3N P\u00c1DEL<\/span>\n\t\t\t\t\t<\/span>\n\t\t\t\t\t<\/a>\n\t\t\t\t<\/div>\n\t\t\t\t\t\t\t\t<\/div>\n\t\t\t\t<\/div>\n\t\t\t\t<div class=\"elementor-element elementor-element-f0c26be elementor-align-center elementor-widget elementor-widget-button\" data-id=\"f0c26be\" data-element_type=\"widget\" data-e-type=\"widget\" data-widget_type=\"button.default\">\n\t\t\t\t<div class=\"elementor-widget-container\">\n\t\t\t\t\t\t\t\t\t<div class=\"elementor-button-wrapper\">\n\t\t\t\t\t<a class=\"elementor-button elementor-button-link elementor-size-sm\" href=\"https:\/\/docs.google.com\/document\/d\/17AQvIWRYwI3SOlRTuXM9odT3-npctSRyWee1B31rAU4\/edit?usp=sharing\" target=\"_blank\">\n\t\t\t\t\t\t<span class=\"elementor-button-content-wrapper\">\n\t\t\t\t\t\t\t\t\t<span class=\"elementor-button-text\">GRUPOS P\u00c1DEL<\/span>\n\t\t\t\t\t<\/span>\n\t\t\t\t\t<\/a>\n\t\t\t\t<\/div>\n\t\t\t\t\t\t\t\t<\/div>\n\t\t\t\t<\/div>\n\t\t\t\t<div class=\"elementor-element elementor-element-18169e9 elementor-align-center elementor-widget elementor-widget-button\" data-id=\"18169e9\" data-element_type=\"widget\" data-e-type=\"widget\" data-widget_type=\"button.default\">\n\t\t\t\t<div class=\"elementor-widget-container\">\n\t\t\t\t\t\t\t\t\t<div class=\"elementor-button-wrapper\">\n\t\t\t\t\t<a class=\"elementor-button elementor-button-link elementor-size-sm\" href=\"https:\/\/docs.google.com\/document\/d\/1oqR1QzmQD4xTHDxY6Cbg-DUcmlRSKC16I_-Eoauz-sM\/edit?usp=sharing\" target=\"_blank\">\n\t\t\t\t\t\t<span class=\"elementor-button-content-wrapper\">\n\t\t\t\t\t\t\t\t\t<span class=\"elementor-button-text\">REGLAMENTO LIGA P\u00c1DEL<\/span>\n\t\t\t\t\t<\/span>\n\t\t\t\t\t<\/a>\n\t\t\t\t<\/div>\n\t\t\t\t\t\t\t\t<\/div>\n\t\t\t\t<\/div>\n\t\t\t\t\t<\/div>\n\t\t<\/div>\n\t\t\t\t<div class=\"elementor-column elementor-col-50 elementor-top-column elementor-element elementor-element-4567872\" data-id=\"4567872\" data-element_type=\"column\" data-e-type=\"column\">\n\t\t\t<div class=\"elementor-widget-wrap elementor-element-populated\">\n\t\t\t\t\t\t<div class=\"elementor-element elementor-element-0822812 elementor-widget elementor-widget-image\" data-id=\"0822812\" data-element_type=\"widget\" data-e-type=\"widget\" data-widget_type=\"image.default\">\n\t\t\t\t<div class=\"elementor-widget-container\">\n\t\t\t\t\t\t\t\t\t\t\t\t\t\t\t<img decoding=\"async\" width=\"819\" height=\"1024\" src=\"https:\/\/clubdeteniscaudete.com\/wp-content\/uploads\/2024\/09\/2-819x1024.jpg\" class=\"attachment-large size-large wp-image-1988\" alt=\"\" srcset=\"https:\/\/clubdeteniscaudete.com\/wp-content\/uploads\/2024\/09\/2-819x1024.jpg 819w, https:\/\/clubdeteniscaudete.com\/wp-content\/uploads\/2024\/09\/2-240x300.jpg 240w, https:\/\/clubdeteniscaudete.com\/wp-content\/uploads\/2024\/09\/2-768x960.jpg 768w, https:\/\/clubdeteniscaudete.com\/wp-content\/uploads\/2024\/09\/2.jpg 1080w\" sizes=\"(max-width: 819px) 100vw, 819px\" \/>\t\t\t\t\t\t\t\t\t\t\t\t\t\t\t<\/div>\n\t\t\t\t<\/div>\n\t\t\t\t<div class=\"elementor-element elementor-element-dfd7c6f elementor-align-center elementor-widget elementor-widget-button\" data-id=\"dfd7c6f\" data-element_type=\"widget\" data-e-type=\"widget\" data-widget_type=\"button.default\">\n\t\t\t\t<div class=\"elementor-widget-container\">\n\t\t\t\t\t\t\t\t\t<div class=\"elementor-button-wrapper\">\n\t\t\t\t\t<a class=\"elementor-button elementor-button-link elementor-size-sm\" href=\"https:\/\/docs.google.com\/document\/d\/1Z5ESAPl7eerg4ML3AXIrX7NeRxYRELfe1VctgzYTLlc\/edit?usp=sharing\" target=\"_blank\">\n\t\t\t\t\t\t<span class=\"elementor-button-content-wrapper\">\n\t\t\t\t\t\t\t\t\t<span class=\"elementor-button-text\">RESULTADOS Y PUNTUACI\u00d3N TENIS<\/span>\n\t\t\t\t\t<\/span>\n\t\t\t\t\t<\/a>\n\t\t\t\t<\/div>\n\t\t\t\t\t\t\t\t<\/div>\n\t\t\t\t<\/div>\n\t\t\t\t<div class=\"elementor-element elementor-element-167d142 elementor-align-center elementor-widget elementor-widget-button\" data-id=\"167d142\" data-element_type=\"widget\" data-e-type=\"widget\" data-widget_type=\"button.default\">\n\t\t\t\t<div class=\"elementor-widget-container\">\n\t\t\t\t\t\t\t\t\t<div class=\"elementor-button-wrapper\">\n\t\t\t\t\t<a class=\"elementor-button elementor-button-link elementor-size-sm\" href=\"https:\/\/docs.google.com\/document\/d\/1z8V4mcOk1Nj2RMC6Q3EmIUlOx-ETCotVIF_xLNZphwY\/edit?usp=sharing\" target=\"_blank\">\n\t\t\t\t\t\t<span class=\"elementor-button-content-wrapper\">\n\t\t\t\t\t\t\t\t\t<span class=\"elementor-button-text\">GRUPOS TENIS<\/span>\n\t\t\t\t\t<\/span>\n\t\t\t\t\t<\/a>\n\t\t\t\t<\/div>\n\t\t\t\t\t\t\t\t<\/div>\n\t\t\t\t<\/div>\n\t\t\t\t<div class=\"elementor-element elementor-element-d18ee9d elementor-align-center elementor-widget elementor-widget-button\" data-id=\"d18ee9d\" data-element_type=\"widget\" data-e-type=\"widget\" data-widget_type=\"button.default\">\n\t\t\t\t<div class=\"elementor-widget-container\">\n\t\t\t\t\t\t\t\t\t<div class=\"elementor-button-wrapper\">\n\t\t\t\t\t<a class=\"elementor-button elementor-button-link elementor-size-sm\" href=\"https:\/\/docs.google.com\/document\/d\/1-n5tTp1M7IlrGnJm09MtuXYeIkBguDJ7tN4zSnuaEUs\/edit?usp=sharing\" target=\"_blank\">\n\t\t\t\t\t\t<span class=\"elementor-button-content-wrapper\">\n\t\t\t\t\t\t\t\t\t<span class=\"elementor-button-text\">REGLAMENTO LIGA DE TENIS<\/span>\n\t\t\t\t\t<\/span>\n\t\t\t\t\t<\/a>\n\t\t\t\t<\/div>\n\t\t\t\t\t\t\t\t<\/div>\n\t\t\t\t<\/div>\n\t\t\t\t\t<\/div>\n\t\t<\/div>\n\t\t\t\t\t<\/div>\n\t\t<\/section>\n\t\t\t\t<\/div>\n\t\t","protected":false},"excerpt":{"rendered":"<p>V LIGA DE P\u00c1DEL Y VI LIGA DE TENIS Ya estamos preparando una nueva edici\u00f3n de nuestras ligas de tenis y p\u00e1del. Las ligas dar\u00e1n comienzo el s\u00e1bado 12 de octubre y las finales ser\u00e1n el s\u00e1bado 25 de enero de 2025. El precio de la inscripci\u00f3n es de 20\u20ac por jugador, con la inscripci\u00f3n &#8230; <a title=\"LIGA TENIS Y P\u00c1DEL OTO\u00d1O\/INVIERNO 2024\" class=\"read-more\" href=\"https:\/\/clubdeteniscaudete.com\/index.php\/liga-tenis-y-padel-otono-invierno-2024\/\" aria-label=\"M\u00e1s en LIGA TENIS Y P\u00c1DEL OTO\u00d1O\/INVIERNO 2024\">Leer m\u00e1s<\/a><\/p>\n","protected":false},"author":1,"featured_media":0,"parent":0,"menu_order":0,"comment_status":"closed","ping_status":"closed","template":"","meta":{"footnotes":""},"class_list":["post-1986","page","type-page","status-publish"],"_links":{"self":[{"href":"https:\/\/clubdeteniscaudete.com\/index.php\/wp-json\/wp\/v2\/pages\/1986","targetHints":{"allow":["GET"]}}],"collection":[{"href":"https:\/\/clubdeteniscaudete.com\/index.php\/wp-json\/wp\/v2\/pages"}],"about":[{"href":"https:\/\/clubdeteniscaudete.com\/index.php\/wp-json\/wp\/v2\/types\/page"}],"author":[{"embeddable":true,"href":"https:\/\/clubdeteniscaudete.com\/index.php\/wp-json\/wp\/v2\/users\/1"}],"replies":[{"embeddable":true,"href":"https:\/\/clubdeteniscaudete.com\/index.php\/wp-json\/wp\/v2\/comments?post=1986"}],"version-history":[{"count":21,"href":"https:\/\/clubdeteniscaudete.com\/index.php\/wp-json\/wp\/v2\/pages\/1986\/revisions"}],"predecessor-version":[{"id":2022,"href":"https:\/\/clubdeteniscaudete.com\/index.php\/wp-json\/wp\/v2\/pages\/1986\/revisions\/2022"}],"wp:attachment":[{"href":"https:\/\/clubdeteniscaudete.com\/index.php\/wp-json\/wp\/v2\/media?parent=1986"}],"curies":[{"name":"wp","href":"https:\/\/api.w.org\/{rel}","templated":true}]}}