{"id":1907,"date":"2024-07-17T10:12:16","date_gmt":"2024-07-17T10:12:16","guid":{"rendered":"https:\/\/clubdeteniscaudete.com\/?page_id=1907"},"modified":"2024-08-05T09:45:51","modified_gmt":"2024-08-05T09:45:51","slug":"xiii-fin-de-semana-solidario-2","status":"publish","type":"page","link":"https:\/\/clubdeteniscaudete.com\/index.php\/xiii-fin-de-semana-solidario-2\/","title":{"rendered":"XIII FIN DE SEMANA SOLIDARIO"},"content":{"rendered":"\t\t<div data-elementor-type=\"wp-page\" data-elementor-id=\"1907\" class=\"elementor elementor-1907\" data-elementor-post-type=\"page\">\n\t\t\t\t\t\t<section class=\"elementor-section elementor-top-section elementor-element elementor-element-515cd6d elementor-section-boxed elementor-section-height-default elementor-section-height-default\" data-id=\"515cd6d\" data-element_type=\"section\" data-e-type=\"section\">\n\t\t\t\t\t\t<div class=\"elementor-container elementor-column-gap-default\">\n\t\t\t\t\t<div class=\"elementor-column elementor-col-50 elementor-top-column elementor-element elementor-element-705af65\" data-id=\"705af65\" data-element_type=\"column\" data-e-type=\"column\">\n\t\t\t<div class=\"elementor-widget-wrap elementor-element-populated\">\n\t\t\t\t\t\t<div class=\"elementor-element elementor-element-dbfd7d9 elementor-widget elementor-widget-image\" data-id=\"dbfd7d9\" data-element_type=\"widget\" data-e-type=\"widget\" data-widget_type=\"image.default\">\n\t\t\t\t<div class=\"elementor-widget-container\">\n\t\t\t\t\t\t\t\t\t\t\t\t\t\t\t<img fetchpriority=\"high\" decoding=\"async\" width=\"724\" height=\"1024\" src=\"https:\/\/clubdeteniscaudete.com\/wp-content\/uploads\/2024\/07\/WhatsApp-Image-2024-07-12-at-10.34.35-724x1024.jpeg\" class=\"attachment-large size-large wp-image-1908\" alt=\"\" srcset=\"https:\/\/clubdeteniscaudete.com\/wp-content\/uploads\/2024\/07\/WhatsApp-Image-2024-07-12-at-10.34.35-724x1024.jpeg 724w, https:\/\/clubdeteniscaudete.com\/wp-content\/uploads\/2024\/07\/WhatsApp-Image-2024-07-12-at-10.34.35-212x300.jpeg 212w, https:\/\/clubdeteniscaudete.com\/wp-content\/uploads\/2024\/07\/WhatsApp-Image-2024-07-12-at-10.34.35-768x1086.jpeg 768w, https:\/\/clubdeteniscaudete.com\/wp-content\/uploads\/2024\/07\/WhatsApp-Image-2024-07-12-at-10.34.35-1086x1536.jpeg 1086w, https:\/\/clubdeteniscaudete.com\/wp-content\/uploads\/2024\/07\/WhatsApp-Image-2024-07-12-at-10.34.35.jpeg 1131w\" sizes=\"(max-width: 724px) 100vw, 724px\" \/>\t\t\t\t\t\t\t\t\t\t\t\t\t\t\t<\/div>\n\t\t\t\t<\/div>\n\t\t\t\t\t<\/div>\n\t\t<\/div>\n\t\t\t\t<div class=\"elementor-column elementor-col-50 elementor-top-column elementor-element elementor-element-ddeb045\" data-id=\"ddeb045\" data-element_type=\"column\" data-e-type=\"column\">\n\t\t\t<div class=\"elementor-widget-wrap elementor-element-populated\">\n\t\t\t\t\t\t<div class=\"elementor-element elementor-element-ed130ac elementor-widget elementor-widget-image\" data-id=\"ed130ac\" data-element_type=\"widget\" data-e-type=\"widget\" data-widget_type=\"image.default\">\n\t\t\t\t<div class=\"elementor-widget-container\">\n\t\t\t\t\t\t\t\t\t\t\t\t\t\t\t<img decoding=\"async\" width=\"322\" height=\"156\" src=\"https:\/\/clubdeteniscaudete.com\/wp-content\/uploads\/2024\/07\/images.png\" class=\"attachment-2048x2048 size-2048x2048 wp-image-1910\" alt=\"\" srcset=\"https:\/\/clubdeteniscaudete.com\/wp-content\/uploads\/2024\/07\/images.png 322w, https:\/\/clubdeteniscaudete.com\/wp-content\/uploads\/2024\/07\/images-300x145.png 300w\" sizes=\"(max-width: 322px) 100vw, 322px\" \/>\t\t\t\t\t\t\t\t\t\t\t\t\t\t\t<\/div>\n\t\t\t\t<\/div>\n\t\t\t\t<div class=\"elementor-element elementor-element-1e8a1c2 elementor-widget elementor-widget-text-editor\" data-id=\"1e8a1c2\" data-element_type=\"widget\" data-e-type=\"widget\" data-widget_type=\"text-editor.default\">\n\t\t\t\t<div class=\"elementor-widget-container\">\n\t\t\t\t\t\t\t\t\t<p>Estamos deseando juntarnos un a\u00f1o m\u00e1s, hacer club, jugar mucho y disfrutar much\u00edsimo m\u00e1s.<\/p><p>Volvemos con todos los deportes y adem\u00e1s nuestra m\u00edtica sardinada, colchonetas hinchables, juegos populares, gymkana, trencitas, masajes para los jugadores, bingo, parch\u00eds, rummikub, pilates agua, chocolate con churros, senderismo, tapeo y barra durante todo el finde\u2026<br \/>Este a\u00f1o vamos a vivir los Juegos Ol\u00edmpicos desde el club, tendremos una pantalla gigante para poder disfrutar de las competiciones todos juntos, como m\u00e1s nos gusta.<\/p><p>Ya pod\u00e9is ir pensando nombres de pa\u00edses porque este a\u00f1o, cada equipo deber\u00e1 elegir un nombre que le represente, \u00a1nos hace mucha ilusi\u00f3n!<br \/>Esperamos que disfrutemos todos much\u00edsimo y colaboremos con esta ONG tan bonita, que Caudete siempre tenga un hueco muy especial en Etiop\u00eda y podamos seguir aportando nuestro granito de arena para mejorar el orfanato a\u00f1o tras a\u00f1o.<\/p><p>En los siguientes enlaces encontrar\u00e1s el formulario de inscripci\u00f3n para las diferentes actividades que se realizar\u00e1n durante el fin de semana solidario. El jugador que se inscriba a m\u00e1s de una modalidad, en la cual entre una camiseta con la inscripci\u00f3n, la segunda modalidad se pagar\u00e1 solamente la mitad de la inscripci\u00f3n y solo tendr\u00e1 una camiseta.<\/p><p>Tel\u00e9fonos de contacto:<br \/>Albertina Garc\u00eda Llor\u00e9ns: 649910664<br \/>Andrea Garc\u00eda: 648856961<br \/>Vicente Lillo: 629614288<br \/>Gracias por hacerlo posible un a\u00f1o m\u00e1s<\/p>\t\t\t\t\t\t\t\t<\/div>\n\t\t\t\t<\/div>\n\t\t\t\t<div class=\"elementor-element elementor-element-208451e elementor-align-center elementor-widget elementor-widget-button\" data-id=\"208451e\" data-element_type=\"widget\" data-e-type=\"widget\" data-widget_type=\"button.default\">\n\t\t\t\t<div class=\"elementor-widget-container\">\n\t\t\t\t\t\t\t\t\t<div class=\"elementor-button-wrapper\">\n\t\t\t\t\t<a class=\"elementor-button elementor-button-link elementor-size-sm\" href=\"https:\/\/docs.google.com\/document\/d\/1FTtWE8p8vU_3fFyY_SELUCBX61zI2Egc9WEqo9jntBc\/edit?usp=sharing\" target=\"_blank\">\n\t\t\t\t\t\t<span class=\"elementor-button-content-wrapper\">\n\t\t\t\t\t\t\t\t\t<span class=\"elementor-button-text\">GRUPOS Y HORARIOS TENIS<\/span>\n\t\t\t\t\t<\/span>\n\t\t\t\t\t<\/a>\n\t\t\t\t<\/div>\n\t\t\t\t\t\t\t\t<\/div>\n\t\t\t\t<\/div>\n\t\t\t\t<div class=\"elementor-element elementor-element-135baee elementor-align-center elementor-widget elementor-widget-button\" data-id=\"135baee\" data-element_type=\"widget\" data-e-type=\"widget\" data-widget_type=\"button.default\">\n\t\t\t\t<div class=\"elementor-widget-container\">\n\t\t\t\t\t\t\t\t\t<div class=\"elementor-button-wrapper\">\n\t\t\t\t\t<a class=\"elementor-button elementor-button-link elementor-size-sm\" href=\"https:\/\/docs.google.com\/document\/d\/1kdXTexMH1qD-WZ7bcvBiETqw386X423WGfLxHR1Tv7g\/edit?usp=sharing\" target=\"_blank\">\n\t\t\t\t\t\t<span class=\"elementor-button-content-wrapper\">\n\t\t\t\t\t\t\t\t\t<span class=\"elementor-button-text\">GRUPOS Y HORARIOS P\u00c1DEL<\/span>\n\t\t\t\t\t<\/span>\n\t\t\t\t\t<\/a>\n\t\t\t\t<\/div>\n\t\t\t\t\t\t\t\t<\/div>\n\t\t\t\t<\/div>\n\t\t\t\t<div class=\"elementor-element elementor-element-0e2a17f elementor-align-center elementor-widget elementor-widget-button\" data-id=\"0e2a17f\" data-element_type=\"widget\" data-e-type=\"widget\" data-widget_type=\"button.default\">\n\t\t\t\t<div class=\"elementor-widget-container\">\n\t\t\t\t\t\t\t\t\t<div class=\"elementor-button-wrapper\">\n\t\t\t\t\t<a class=\"elementor-button elementor-button-link elementor-size-sm\" href=\"https:\/\/docs.google.com\/forms\/d\/e\/1FAIpQLSeSxUoDHQxNYpXdFAnu2CC1K063pt_XRzMYm1rEt8LMwAGJqA\/viewform?usp=sf_link\" target=\"_blank\">\n\t\t\t\t\t\t<span class=\"elementor-button-content-wrapper\">\n\t\t\t\t\t\t\t\t\t<span class=\"elementor-button-text\">INSCRIPCI\u00d3N F\u00daTBOL 3x3<\/span>\n\t\t\t\t\t<\/span>\n\t\t\t\t\t<\/a>\n\t\t\t\t<\/div>\n\t\t\t\t\t\t\t\t<\/div>\n\t\t\t\t<\/div>\n\t\t\t\t<div class=\"elementor-element elementor-element-97c79e8 elementor-align-center elementor-widget elementor-widget-button\" data-id=\"97c79e8\" data-element_type=\"widget\" data-e-type=\"widget\" data-widget_type=\"button.default\">\n\t\t\t\t<div class=\"elementor-widget-container\">\n\t\t\t\t\t\t\t\t\t<div class=\"elementor-button-wrapper\">\n\t\t\t\t\t<a class=\"elementor-button elementor-button-link elementor-size-sm\" href=\"https:\/\/docs.google.com\/forms\/d\/e\/1FAIpQLSfAEcJZyLgvXTX7BS1DCI68w93Bh3-UiuMOkBChDTgT5xu6hQ\/viewform?usp=sf_link\" target=\"_blank\">\n\t\t\t\t\t\t<span class=\"elementor-button-content-wrapper\">\n\t\t\t\t\t\t\t\t\t<span class=\"elementor-button-text\">INSCRIPCI\u00d3N BASKET 3x3<\/span>\n\t\t\t\t\t<\/span>\n\t\t\t\t\t<\/a>\n\t\t\t\t<\/div>\n\t\t\t\t\t\t\t\t<\/div>\n\t\t\t\t<\/div>\n\t\t\t\t<div class=\"elementor-element elementor-element-81352b1 elementor-align-center elementor-widget elementor-widget-button\" data-id=\"81352b1\" data-element_type=\"widget\" data-e-type=\"widget\" data-widget_type=\"button.default\">\n\t\t\t\t<div class=\"elementor-widget-container\">\n\t\t\t\t\t\t\t\t\t<div class=\"elementor-button-wrapper\">\n\t\t\t\t\t<a class=\"elementor-button elementor-button-link elementor-size-sm\" href=\"https:\/\/docs.google.com\/forms\/d\/1xhIak2mtPzRH8398ZcdUwoiCoW0l5FliJYfb98CRCOo\/edit\" target=\"_blank\">\n\t\t\t\t\t\t<span class=\"elementor-button-content-wrapper\">\n\t\t\t\t\t\t\t\t\t<span class=\"elementor-button-text\">INSCRIPCI\u00d3N SENDERISMO<\/span>\n\t\t\t\t\t<\/span>\n\t\t\t\t\t<\/a>\n\t\t\t\t<\/div>\n\t\t\t\t\t\t\t\t<\/div>\n\t\t\t\t<\/div>\n\t\t\t\t<div class=\"elementor-element elementor-element-9b30f71 elementor-align-center elementor-widget elementor-widget-button\" data-id=\"9b30f71\" data-element_type=\"widget\" data-e-type=\"widget\" data-widget_type=\"button.default\">\n\t\t\t\t<div class=\"elementor-widget-container\">\n\t\t\t\t\t\t\t\t\t<div class=\"elementor-button-wrapper\">\n\t\t\t\t\t<a class=\"elementor-button elementor-button-link elementor-size-sm\" href=\"https:\/\/docs.google.com\/forms\/d\/1NVoIRcnbEuDuqWkG1oJZNtXkFKp_ll_G07rHUhux2LQ\/edit\" target=\"_blank\">\n\t\t\t\t\t\t<span class=\"elementor-button-content-wrapper\">\n\t\t\t\t\t\t\t\t\t<span class=\"elementor-button-text\">INSCRIPCI\u00d3N PARCH\u00cdS, RUMMIKUB, PETANCA, PILATES<\/span>\n\t\t\t\t\t<\/span>\n\t\t\t\t\t<\/a>\n\t\t\t\t<\/div>\n\t\t\t\t\t\t\t\t<\/div>\n\t\t\t\t<\/div>\n\t\t\t\t<div class=\"elementor-element elementor-element-14d0932 elementor-align-center elementor-widget elementor-widget-button\" data-id=\"14d0932\" data-element_type=\"widget\" data-e-type=\"widget\" data-widget_type=\"button.default\">\n\t\t\t\t<div class=\"elementor-widget-container\">\n\t\t\t\t\t\t\t\t\t<div class=\"elementor-button-wrapper\">\n\t\t\t\t\t<a class=\"elementor-button elementor-button-link elementor-size-sm\" href=\"https:\/\/docs.google.com\/forms\/d\/1skzamiuLJVI84YAdH9lSIhKZ0cAjR-fJTBJWVtXpiKA\/edit\" target=\"_blank\">\n\t\t\t\t\t\t<span class=\"elementor-button-content-wrapper\">\n\t\t\t\t\t\t\t\t\t<span class=\"elementor-button-text\">INSCRIPCI\u00d3N SOLIDARIA<\/span>\n\t\t\t\t\t<\/span>\n\t\t\t\t\t<\/a>\n\t\t\t\t<\/div>\n\t\t\t\t\t\t\t\t<\/div>\n\t\t\t\t<\/div>\n\t\t\t\t<div class=\"elementor-element elementor-element-30b2573 elementor-align-center elementor-widget elementor-widget-button\" data-id=\"30b2573\" data-element_type=\"widget\" data-e-type=\"widget\" data-widget_type=\"button.default\">\n\t\t\t\t<div class=\"elementor-widget-container\">\n\t\t\t\t\t\t\t\t\t<div class=\"elementor-button-wrapper\">\n\t\t\t\t\t<a class=\"elementor-button elementor-button-link elementor-size-sm\" href=\"https:\/\/docs.google.com\/forms\/d\/17Ujoq5Uc_J-_daQChu6g-Hwv8bGXpYdmbp5-Udzopr4\/edit\" target=\"_blank\">\n\t\t\t\t\t\t<span class=\"elementor-button-content-wrapper\">\n\t\t\t\t\t\t\t\t\t<span class=\"elementor-button-text\">INSCRIPCI\u00d3N COMIDA Y\/O ALMUERZO<\/span>\n\t\t\t\t\t<\/span>\n\t\t\t\t\t<\/a>\n\t\t\t\t<\/div>\n\t\t\t\t\t\t\t\t<\/div>\n\t\t\t\t<\/div>\n\t\t\t\t\t<\/div>\n\t\t<\/div>\n\t\t\t\t\t<\/div>\n\t\t<\/section>\n\t\t\t\t<\/div>\n\t\t","protected":false},"excerpt":{"rendered":"<p>Estamos deseando juntarnos un a\u00f1o m\u00e1s, hacer club, jugar mucho y disfrutar much\u00edsimo m\u00e1s. Volvemos con todos los deportes y adem\u00e1s nuestra m\u00edtica sardinada, colchonetas hinchables, juegos populares, gymkana, trencitas, masajes para los jugadores, bingo, parch\u00eds, rummikub, pilates agua, chocolate con churros, senderismo, tapeo y barra durante todo el finde\u2026Este a\u00f1o vamos a vivir los &#8230; <a title=\"XIII FIN DE SEMANA SOLIDARIO\" class=\"read-more\" href=\"https:\/\/clubdeteniscaudete.com\/index.php\/xiii-fin-de-semana-solidario-2\/\" aria-label=\"M\u00e1s en XIII FIN DE SEMANA SOLIDARIO\">Leer m\u00e1s<\/a><\/p>\n","protected":false},"author":1,"featured_media":0,"parent":0,"menu_order":0,"comment_status":"closed","ping_status":"closed","template":"","meta":{"footnotes":""},"class_list":["post-1907","page","type-page","status-publish"],"_links":{"self":[{"href":"https:\/\/clubdeteniscaudete.com\/index.php\/wp-json\/wp\/v2\/pages\/1907","targetHints":{"allow":["GET"]}}],"collection":[{"href":"https:\/\/clubdeteniscaudete.com\/index.php\/wp-json\/wp\/v2\/pages"}],"about":[{"href":"https:\/\/clubdeteniscaudete.com\/index.php\/wp-json\/wp\/v2\/types\/page"}],"author":[{"embeddable":true,"href":"https:\/\/clubdeteniscaudete.com\/index.php\/wp-json\/wp\/v2\/users\/1"}],"replies":[{"embeddable":true,"href":"https:\/\/clubdeteniscaudete.com\/index.php\/wp-json\/wp\/v2\/comments?post=1907"}],"version-history":[{"count":39,"href":"https:\/\/clubdeteniscaudete.com\/index.php\/wp-json\/wp\/v2\/pages\/1907\/revisions"}],"predecessor-version":[{"id":1975,"href":"https:\/\/clubdeteniscaudete.com\/index.php\/wp-json\/wp\/v2\/pages\/1907\/revisions\/1975"}],"wp:attachment":[{"href":"https:\/\/clubdeteniscaudete.com\/index.php\/wp-json\/wp\/v2\/media?parent=1907"}],"curies":[{"name":"wp","href":"https:\/\/api.w.org\/{rel}","templated":true}]}}