{"id":1656,"date":"2024-04-02T10:34:50","date_gmt":"2024-04-02T10:34:50","guid":{"rendered":"https:\/\/clubdeteniscaudete.com\/?page_id=1656"},"modified":"2024-04-18T13:33:13","modified_gmt":"2024-04-18T13:33:13","slug":"iii-torneo-por-equipos-atmosfera-sport","status":"publish","type":"page","link":"https:\/\/clubdeteniscaudete.com\/index.php\/iii-torneo-por-equipos-atmosfera-sport\/","title":{"rendered":"III TORNEO POR EQUIPOS ATM\u00d3SFERA SPORT"},"content":{"rendered":"\t\t<div data-elementor-type=\"wp-page\" data-elementor-id=\"1656\" class=\"elementor elementor-1656\" data-elementor-post-type=\"page\">\n\t\t\t\t\t\t<section class=\"elementor-section elementor-top-section elementor-element elementor-element-7656b11 elementor-section-boxed elementor-section-height-default elementor-section-height-default\" data-id=\"7656b11\" data-element_type=\"section\" data-e-type=\"section\">\n\t\t\t\t\t\t<div class=\"elementor-container elementor-column-gap-default\">\n\t\t\t\t\t<div class=\"elementor-column elementor-col-50 elementor-top-column elementor-element elementor-element-df84dbc\" data-id=\"df84dbc\" data-element_type=\"column\" data-e-type=\"column\">\n\t\t\t<div class=\"elementor-widget-wrap elementor-element-populated\">\n\t\t\t\t\t\t<div class=\"elementor-element elementor-element-2e65a14 elementor-widget elementor-widget-image\" data-id=\"2e65a14\" data-element_type=\"widget\" data-e-type=\"widget\" data-widget_type=\"image.default\">\n\t\t\t\t<div class=\"elementor-widget-container\">\n\t\t\t\t\t\t\t\t\t\t\t\t\t\t\t<img fetchpriority=\"high\" decoding=\"async\" width=\"1024\" height=\"1024\" src=\"https:\/\/clubdeteniscaudete.com\/wp-content\/uploads\/2024\/04\/2-1024x1024.jpg\" class=\"attachment-large size-large wp-image-1652\" alt=\"\" srcset=\"https:\/\/clubdeteniscaudete.com\/wp-content\/uploads\/2024\/04\/2-1024x1024.jpg 1024w, https:\/\/clubdeteniscaudete.com\/wp-content\/uploads\/2024\/04\/2-300x300.jpg 300w, https:\/\/clubdeteniscaudete.com\/wp-content\/uploads\/2024\/04\/2-150x150.jpg 150w, https:\/\/clubdeteniscaudete.com\/wp-content\/uploads\/2024\/04\/2-768x768.jpg 768w, https:\/\/clubdeteniscaudete.com\/wp-content\/uploads\/2024\/04\/2.jpg 1080w\" sizes=\"(max-width: 1024px) 100vw, 1024px\" \/>\t\t\t\t\t\t\t\t\t\t\t\t\t\t\t<\/div>\n\t\t\t\t<\/div>\n\t\t\t\t\t<\/div>\n\t\t<\/div>\n\t\t\t\t<div class=\"elementor-column elementor-col-50 elementor-top-column elementor-element elementor-element-f3d9dcc\" data-id=\"f3d9dcc\" data-element_type=\"column\" data-e-type=\"column\">\n\t\t\t<div class=\"elementor-widget-wrap elementor-element-populated\">\n\t\t\t\t\t\t<div class=\"elementor-element elementor-element-90d3098 elementor-widget elementor-widget-heading\" data-id=\"90d3098\" data-element_type=\"widget\" data-e-type=\"widget\" data-widget_type=\"heading.default\">\n\t\t\t\t<div class=\"elementor-widget-container\">\n\t\t\t\t\t<h2 class=\"elementor-heading-title elementor-size-default\">III TORNEO POR EQUIPOS ATM\u00d3SFERA SPORT<\/h2>\t\t\t\t<\/div>\n\t\t\t\t<\/div>\n\t\t\t\t<div class=\"elementor-element elementor-element-45103ab elementor-widget elementor-widget-text-editor\" data-id=\"45103ab\" data-element_type=\"widget\" data-e-type=\"widget\" data-widget_type=\"text-editor.default\">\n\t\t\t\t<div class=\"elementor-widget-container\">\n\t\t\t\t\t\t\t\t\t<p>Durante los d\u00edas 19,20 y 21 de abril se va a celebrar el III Torneo por Equipos Atm\u00f3sfera Sport. Es un torneo tipo Copa Davis, en los que se jugar\u00e1n 2 individuales y un dobles en cada enfrentamiento (los partidos se jugar\u00e1n por tiempo).<span style=\"color: var( --e-global-color-text ); font-family: var( --e-global-typography-text-font-family ), Sans-serif; font-weight: var( --e-global-typography-text-font-weight );\">\u00a0<\/span><\/p><div><p>Los equipos pueden ser de 2 o 3 jugadores.<\/p><div><p>En este torneo no hay categor\u00eda infantil, solo categor\u00edas absoluto masculino, femenino y mixto (dependiendo de inscripciones).<span style=\"color: var( --e-global-color-text ); font-family: var( --e-global-typography-text-font-family ), Sans-serif; font-weight: var( --e-global-typography-text-font-weight );\">\u00a0<\/span><\/p><div>M\u00e1s informaci\u00f3n 685271637<\/div><\/div><\/div>\t\t\t\t\t\t\t\t<\/div>\n\t\t\t\t<\/div>\n\t\t\t\t<div class=\"elementor-element elementor-element-8327536 elementor-align-center elementor-widget elementor-widget-button\" data-id=\"8327536\" data-element_type=\"widget\" data-e-type=\"widget\" data-widget_type=\"button.default\">\n\t\t\t\t<div class=\"elementor-widget-container\">\n\t\t\t\t\t\t\t\t\t<div class=\"elementor-button-wrapper\">\n\t\t\t\t\t<a class=\"elementor-button elementor-button-link elementor-size-sm\" href=\"https:\/\/docs.google.com\/document\/d\/12cOegRIspEP9Xo4EP7JqwK72lYwTu2nZ9eOsUGnQpdo\/edit?usp=sharing\" target=\"_blank\">\n\t\t\t\t\t\t<span class=\"elementor-button-content-wrapper\">\n\t\t\t\t\t\t\t\t\t<span class=\"elementor-button-text\">GRUPOS Y HORARIOS<\/span>\n\t\t\t\t\t<\/span>\n\t\t\t\t\t<\/a>\n\t\t\t\t<\/div>\n\t\t\t\t\t\t\t\t<\/div>\n\t\t\t\t<\/div>\n\t\t\t\t\t<\/div>\n\t\t<\/div>\n\t\t\t\t\t<\/div>\n\t\t<\/section>\n\t\t\t\t<\/div>\n\t\t","protected":false},"excerpt":{"rendered":"<p>III TORNEO POR EQUIPOS ATM\u00d3SFERA SPORT Durante los d\u00edas 19,20 y 21 de abril se va a celebrar el III Torneo por Equipos Atm\u00f3sfera Sport. Es un torneo tipo Copa Davis, en los que se jugar\u00e1n 2 individuales y un dobles en cada enfrentamiento (los partidos se jugar\u00e1n por tiempo).\u00a0 Los equipos pueden ser de &#8230; <a title=\"III TORNEO POR EQUIPOS ATM\u00d3SFERA SPORT\" class=\"read-more\" href=\"https:\/\/clubdeteniscaudete.com\/index.php\/iii-torneo-por-equipos-atmosfera-sport\/\" aria-label=\"M\u00e1s en III TORNEO POR EQUIPOS ATM\u00d3SFERA SPORT\">Leer m\u00e1s<\/a><\/p>\n","protected":false},"author":1,"featured_media":0,"parent":0,"menu_order":0,"comment_status":"closed","ping_status":"closed","template":"","meta":{"footnotes":""},"class_list":["post-1656","page","type-page","status-publish"],"_links":{"self":[{"href":"https:\/\/clubdeteniscaudete.com\/index.php\/wp-json\/wp\/v2\/pages\/1656","targetHints":{"allow":["GET"]}}],"collection":[{"href":"https:\/\/clubdeteniscaudete.com\/index.php\/wp-json\/wp\/v2\/pages"}],"about":[{"href":"https:\/\/clubdeteniscaudete.com\/index.php\/wp-json\/wp\/v2\/types\/page"}],"author":[{"embeddable":true,"href":"https:\/\/clubdeteniscaudete.com\/index.php\/wp-json\/wp\/v2\/users\/1"}],"replies":[{"embeddable":true,"href":"https:\/\/clubdeteniscaudete.com\/index.php\/wp-json\/wp\/v2\/comments?post=1656"}],"version-history":[{"count":9,"href":"https:\/\/clubdeteniscaudete.com\/index.php\/wp-json\/wp\/v2\/pages\/1656\/revisions"}],"predecessor-version":[{"id":1674,"href":"https:\/\/clubdeteniscaudete.com\/index.php\/wp-json\/wp\/v2\/pages\/1656\/revisions\/1674"}],"wp:attachment":[{"href":"https:\/\/clubdeteniscaudete.com\/index.php\/wp-json\/wp\/v2\/media?parent=1656"}],"curies":[{"name":"wp","href":"https:\/\/api.w.org\/{rel}","templated":true}]}}