{"id":1651,"date":"2024-04-02T10:31:32","date_gmt":"2024-04-02T10:31:32","guid":{"rendered":"https:\/\/clubdeteniscaudete.com\/?page_id=1651"},"modified":"2024-04-17T15:56:25","modified_gmt":"2024-04-17T15:56:25","slug":"torneo-de-padel-atmosfera-sport-2","status":"publish","type":"page","link":"https:\/\/clubdeteniscaudete.com\/index.php\/torneo-de-padel-atmosfera-sport-2\/","title":{"rendered":"TORNEO DE P\u00c1DEL ATM\u00d3SFERA SPORT"},"content":{"rendered":"\t\t<div data-elementor-type=\"wp-page\" data-elementor-id=\"1651\" class=\"elementor elementor-1651\" data-elementor-post-type=\"page\">\n\t\t\t\t\t\t<section class=\"elementor-section elementor-top-section elementor-element elementor-element-18cafd6 elementor-section-boxed elementor-section-height-default elementor-section-height-default\" data-id=\"18cafd6\" data-element_type=\"section\" data-e-type=\"section\">\n\t\t\t\t\t\t<div class=\"elementor-container elementor-column-gap-default\">\n\t\t\t\t\t<div class=\"elementor-column elementor-col-50 elementor-top-column elementor-element elementor-element-3bb03a1\" data-id=\"3bb03a1\" data-element_type=\"column\" data-e-type=\"column\">\n\t\t\t<div class=\"elementor-widget-wrap elementor-element-populated\">\n\t\t\t\t\t\t<div class=\"elementor-element elementor-element-2298fad elementor-widget elementor-widget-image\" data-id=\"2298fad\" data-element_type=\"widget\" data-e-type=\"widget\" data-widget_type=\"image.default\">\n\t\t\t\t<div class=\"elementor-widget-container\">\n\t\t\t\t\t\t\t\t\t\t\t\t\t\t\t<img fetchpriority=\"high\" decoding=\"async\" width=\"1024\" height=\"1024\" src=\"https:\/\/clubdeteniscaudete.com\/wp-content\/uploads\/2024\/04\/1-1024x1024.jpg\" class=\"attachment-large size-large wp-image-1646\" alt=\"\" srcset=\"https:\/\/clubdeteniscaudete.com\/wp-content\/uploads\/2024\/04\/1-1024x1024.jpg 1024w, https:\/\/clubdeteniscaudete.com\/wp-content\/uploads\/2024\/04\/1-300x300.jpg 300w, https:\/\/clubdeteniscaudete.com\/wp-content\/uploads\/2024\/04\/1-150x150.jpg 150w, https:\/\/clubdeteniscaudete.com\/wp-content\/uploads\/2024\/04\/1-768x768.jpg 768w, https:\/\/clubdeteniscaudete.com\/wp-content\/uploads\/2024\/04\/1.jpg 1080w\" sizes=\"(max-width: 1024px) 100vw, 1024px\" \/>\t\t\t\t\t\t\t\t\t\t\t\t\t\t\t<\/div>\n\t\t\t\t<\/div>\n\t\t\t\t\t<\/div>\n\t\t<\/div>\n\t\t\t\t<div class=\"elementor-column elementor-col-50 elementor-top-column elementor-element elementor-element-dfc05a0\" data-id=\"dfc05a0\" data-element_type=\"column\" data-e-type=\"column\">\n\t\t\t<div class=\"elementor-widget-wrap elementor-element-populated\">\n\t\t\t\t\t\t<div class=\"elementor-element elementor-element-99dfdf5 elementor-widget elementor-widget-heading\" data-id=\"99dfdf5\" data-element_type=\"widget\" data-e-type=\"widget\" data-widget_type=\"heading.default\">\n\t\t\t\t<div class=\"elementor-widget-container\">\n\t\t\t\t\t<h2 class=\"elementor-heading-title elementor-size-default\">TORNEO DE P\u00c1DEL <br>\nATM\u00d3SFERA SPORT<\/h2>\t\t\t\t<\/div>\n\t\t\t\t<\/div>\n\t\t\t\t<div class=\"elementor-element elementor-element-ce027f0 elementor-widget elementor-widget-text-editor\" data-id=\"ce027f0\" data-element_type=\"widget\" data-e-type=\"widget\" data-widget_type=\"text-editor.default\">\n\t\t\t\t<div class=\"elementor-widget-container\">\n\t\t\t\t\t\t\t\t\t<p>El torneo se realizar\u00e1 durante el viernes 19 (por la tarde), s\u00e1bado 20 y domingo 21 de abril.<\/p><p>Las categor\u00edas depender\u00e1 de las inscripciones.<\/p><p>&#8211; Inscripci\u00f3n: 15 \u20ac los socios y 18 \u20ac los NO socios. El pago se realizar\u00e1 en el club al inicio del torneo.<\/p><p>M\u00e1s informaci\u00f3n\u00a0Roberto Rold\u00e1n 685271637.<\/p><p>Fecha limite de inscripci\u00f3n 16 de abril.<\/p>\t\t\t\t\t\t\t\t<\/div>\n\t\t\t\t<\/div>\n\t\t\t\t<div class=\"elementor-element elementor-element-07e72dc elementor-align-center elementor-widget elementor-widget-button\" data-id=\"07e72dc\" data-element_type=\"widget\" data-e-type=\"widget\" data-widget_type=\"button.default\">\n\t\t\t\t<div class=\"elementor-widget-container\">\n\t\t\t\t\t\t\t\t\t<div class=\"elementor-button-wrapper\">\n\t\t\t\t\t<a class=\"elementor-button elementor-button-link elementor-size-sm\" href=\"https:\/\/docs.google.com\/document\/d\/1Wfwnx2OZ2fyUbaGG9ufsDIUBr501YsryZTRJusaFnmI\/edit?usp=sharing\">\n\t\t\t\t\t\t<span class=\"elementor-button-content-wrapper\">\n\t\t\t\t\t\t\t\t\t<span class=\"elementor-button-text\">GRUPOS Y HORARIOS<\/span>\n\t\t\t\t\t<\/span>\n\t\t\t\t\t<\/a>\n\t\t\t\t<\/div>\n\t\t\t\t\t\t\t\t<\/div>\n\t\t\t\t<\/div>\n\t\t\t\t\t<\/div>\n\t\t<\/div>\n\t\t\t\t\t<\/div>\n\t\t<\/section>\n\t\t\t\t<\/div>\n\t\t","protected":false},"excerpt":{"rendered":"<p>TORNEO DE P\u00c1DEL ATM\u00d3SFERA SPORT El torneo se realizar\u00e1 durante el viernes 19 (por la tarde), s\u00e1bado 20 y domingo 21 de abril. Las categor\u00edas depender\u00e1 de las inscripciones. &#8211; Inscripci\u00f3n: 15 \u20ac los socios y 18 \u20ac los NO socios. El pago se realizar\u00e1 en el club al inicio del torneo. M\u00e1s informaci\u00f3n\u00a0Roberto Rold\u00e1n &#8230; <a title=\"TORNEO DE P\u00c1DEL ATM\u00d3SFERA SPORT\" class=\"read-more\" href=\"https:\/\/clubdeteniscaudete.com\/index.php\/torneo-de-padel-atmosfera-sport-2\/\" aria-label=\"M\u00e1s en TORNEO DE P\u00c1DEL ATM\u00d3SFERA SPORT\">Leer m\u00e1s<\/a><\/p>\n","protected":false},"author":1,"featured_media":0,"parent":0,"menu_order":0,"comment_status":"closed","ping_status":"closed","template":"","meta":{"footnotes":""},"class_list":["post-1651","page","type-page","status-publish"],"_links":{"self":[{"href":"https:\/\/clubdeteniscaudete.com\/index.php\/wp-json\/wp\/v2\/pages\/1651","targetHints":{"allow":["GET"]}}],"collection":[{"href":"https:\/\/clubdeteniscaudete.com\/index.php\/wp-json\/wp\/v2\/pages"}],"about":[{"href":"https:\/\/clubdeteniscaudete.com\/index.php\/wp-json\/wp\/v2\/types\/page"}],"author":[{"embeddable":true,"href":"https:\/\/clubdeteniscaudete.com\/index.php\/wp-json\/wp\/v2\/users\/1"}],"replies":[{"embeddable":true,"href":"https:\/\/clubdeteniscaudete.com\/index.php\/wp-json\/wp\/v2\/comments?post=1651"}],"version-history":[{"count":6,"href":"https:\/\/clubdeteniscaudete.com\/index.php\/wp-json\/wp\/v2\/pages\/1651\/revisions"}],"predecessor-version":[{"id":1671,"href":"https:\/\/clubdeteniscaudete.com\/index.php\/wp-json\/wp\/v2\/pages\/1651\/revisions\/1671"}],"wp:attachment":[{"href":"https:\/\/clubdeteniscaudete.com\/index.php\/wp-json\/wp\/v2\/media?parent=1651"}],"curies":[{"name":"wp","href":"https:\/\/api.w.org\/{rel}","templated":true}]}}