{"id":1457,"date":"2023-10-26T11:38:07","date_gmt":"2023-10-26T11:38:07","guid":{"rendered":"https:\/\/clubdeteniscaudete.com\/?page_id=1457"},"modified":"2023-11-08T13:43:00","modified_gmt":"2023-11-08T13:43:00","slug":"i-torneo-de-padel-en-beneficio-de-fundacion-diagrama","status":"publish","type":"page","link":"https:\/\/clubdeteniscaudete.com\/index.php\/i-torneo-de-padel-en-beneficio-de-fundacion-diagrama\/","title":{"rendered":"I TORNEO DE P\u00c1DEL EN BENEFICIO DE FUNDACI\u00d3N DIAGRAMA"},"content":{"rendered":"\t\t<div data-elementor-type=\"wp-page\" data-elementor-id=\"1457\" class=\"elementor elementor-1457\" data-elementor-post-type=\"page\">\n\t\t\t\t\t\t<section class=\"elementor-section elementor-top-section elementor-element elementor-element-25f73b9 elementor-section-boxed elementor-section-height-default elementor-section-height-default\" data-id=\"25f73b9\" data-element_type=\"section\" data-e-type=\"section\">\n\t\t\t\t\t\t<div class=\"elementor-container elementor-column-gap-default\">\n\t\t\t\t\t<div class=\"elementor-column elementor-col-50 elementor-top-column elementor-element elementor-element-fe9f86e\" data-id=\"fe9f86e\" data-element_type=\"column\" data-e-type=\"column\">\n\t\t\t<div class=\"elementor-widget-wrap elementor-element-populated\">\n\t\t\t\t\t\t<div class=\"elementor-element elementor-element-07f0741 elementor-widget elementor-widget-image\" data-id=\"07f0741\" data-element_type=\"widget\" data-e-type=\"widget\" data-widget_type=\"image.default\">\n\t\t\t\t<div class=\"elementor-widget-container\">\n\t\t\t\t\t\t\t\t\t\t\t\t\t\t\t<img fetchpriority=\"high\" decoding=\"async\" width=\"731\" height=\"1024\" src=\"https:\/\/clubdeteniscaudete.com\/wp-content\/uploads\/2023\/10\/49365f38-20d3-4e21-8f79-4c888f06c4ed-731x1024.jpg\" class=\"attachment-large size-large wp-image-1458\" alt=\"\" srcset=\"https:\/\/clubdeteniscaudete.com\/wp-content\/uploads\/2023\/10\/49365f38-20d3-4e21-8f79-4c888f06c4ed-731x1024.jpg 731w, https:\/\/clubdeteniscaudete.com\/wp-content\/uploads\/2023\/10\/49365f38-20d3-4e21-8f79-4c888f06c4ed-214x300.jpg 214w, https:\/\/clubdeteniscaudete.com\/wp-content\/uploads\/2023\/10\/49365f38-20d3-4e21-8f79-4c888f06c4ed-768x1076.jpg 768w, https:\/\/clubdeteniscaudete.com\/wp-content\/uploads\/2023\/10\/49365f38-20d3-4e21-8f79-4c888f06c4ed-1096x1536.jpg 1096w, https:\/\/clubdeteniscaudete.com\/wp-content\/uploads\/2023\/10\/49365f38-20d3-4e21-8f79-4c888f06c4ed.jpg 1142w\" sizes=\"(max-width: 731px) 100vw, 731px\" \/>\t\t\t\t\t\t\t\t\t\t\t\t\t\t\t<\/div>\n\t\t\t\t<\/div>\n\t\t\t\t\t<\/div>\n\t\t<\/div>\n\t\t\t\t<div class=\"elementor-column elementor-col-50 elementor-top-column elementor-element elementor-element-afb0f31\" data-id=\"afb0f31\" data-element_type=\"column\" data-e-type=\"column\">\n\t\t\t<div class=\"elementor-widget-wrap elementor-element-populated\">\n\t\t\t\t\t\t<div class=\"elementor-element elementor-element-e526a99 elementor-widget elementor-widget-heading\" data-id=\"e526a99\" data-element_type=\"widget\" data-e-type=\"widget\" data-widget_type=\"heading.default\">\n\t\t\t\t<div class=\"elementor-widget-container\">\n\t\t\t\t\t<h2 class=\"elementor-heading-title elementor-size-default\">I TORNEO DE P\u00c1DEL EN BENEFICIO DE FUNDACI\u00d3N DIAGRAMA<\/h2>\t\t\t\t<\/div>\n\t\t\t\t<\/div>\n\t\t\t\t<div class=\"elementor-element elementor-element-b2b7a04 elementor-widget elementor-widget-text-editor\" data-id=\"b2b7a04\" data-element_type=\"widget\" data-e-type=\"widget\" data-widget_type=\"text-editor.default\">\n\t\t\t\t<div class=\"elementor-widget-container\">\n\t\t\t\t\t\t\t\t\t<p><span style=\"color: var( --e-global-color-text ); font-family: var( --e-global-typography-text-font-family ), Sans-serif; font-weight: var( --e-global-typography-text-font-weight );\">YA PUEDES CONSULTAR LOS HORARIOS PARA EL TOENEO DE ESTE FIN DE SEMANA.<\/span><\/p><p><span style=\"color: var( --e-global-color-text ); font-family: var( --e-global-typography-text-font-family ), Sans-serif; font-weight: var( --e-global-typography-text-font-weight );\">Tendremos barra, se rifar\u00e1 de un cuadro de trencadis hecho por usuarios de la Fundaci\u00f3n Diagrama, tambi\u00e9n habr\u00e1 una mesa para donaciones de productos no perecederos para CARITAS y algunas sorpresas m\u00e1s&#8230; no pierdas la oportunidad de colaborar con la causa!<\/span><\/p><p>Os esperamos!<\/p>\t\t\t\t\t\t\t\t<\/div>\n\t\t\t\t<\/div>\n\t\t\t\t<div class=\"elementor-element elementor-element-aab2d4f elementor-align-center elementor-widget elementor-widget-button\" data-id=\"aab2d4f\" data-element_type=\"widget\" data-e-type=\"widget\" data-widget_type=\"button.default\">\n\t\t\t\t<div class=\"elementor-widget-container\">\n\t\t\t\t\t\t\t\t\t<div class=\"elementor-button-wrapper\">\n\t\t\t\t\t<a class=\"elementor-button elementor-button-link elementor-size-sm\" href=\"https:\/\/docs.google.com\/document\/d\/1N96WZcQ6WRd2K3pG7-wpHlC_Dd67YoxL1vuDl3UVKVA\/edit?usp=sharing\" target=\"_blank\">\n\t\t\t\t\t\t<span class=\"elementor-button-content-wrapper\">\n\t\t\t\t\t\t\t\t\t<span class=\"elementor-button-text\">GRUPOS Y HORARIOS<\/span>\n\t\t\t\t\t<\/span>\n\t\t\t\t\t<\/a>\n\t\t\t\t<\/div>\n\t\t\t\t\t\t\t\t<\/div>\n\t\t\t\t<\/div>\n\t\t\t\t<div class=\"elementor-element elementor-element-4ea66b2 elementor-align-center elementor-widget elementor-widget-button\" data-id=\"4ea66b2\" data-element_type=\"widget\" data-e-type=\"widget\" data-widget_type=\"button.default\">\n\t\t\t\t<div class=\"elementor-widget-container\">\n\t\t\t\t\t\t\t\t\t<div class=\"elementor-button-wrapper\">\n\t\t\t\t\t<a class=\"elementor-button elementor-button-link elementor-size-sm\" href=\"https:\/\/docs.google.com\/document\/d\/1ydArMaZEHb-XETnmVWdjWGgvj7_xVUCQK0FzcvE_C3M\/edit?usp=sharing\" target=\"_blank\">\n\t\t\t\t\t\t<span class=\"elementor-button-content-wrapper\">\n\t\t\t\t\t\t\t\t\t<span class=\"elementor-button-text\">REGLAMENTO<\/span>\n\t\t\t\t\t<\/span>\n\t\t\t\t\t<\/a>\n\t\t\t\t<\/div>\n\t\t\t\t\t\t\t\t<\/div>\n\t\t\t\t<\/div>\n\t\t\t\t<div class=\"elementor-element elementor-element-d9f5e67 elementor-widget elementor-widget-spacer\" data-id=\"d9f5e67\" data-element_type=\"widget\" data-e-type=\"widget\" data-widget_type=\"spacer.default\">\n\t\t\t\t<div class=\"elementor-widget-container\">\n\t\t\t\t\t\t\t<div class=\"elementor-spacer\">\n\t\t\t<div class=\"elementor-spacer-inner\"><\/div>\n\t\t<\/div>\n\t\t\t\t\t\t<\/div>\n\t\t\t\t<\/div>\n\t\t\t\t<div class=\"elementor-element elementor-element-71323a8 elementor-widget elementor-widget-image\" data-id=\"71323a8\" data-element_type=\"widget\" data-e-type=\"widget\" data-widget_type=\"image.default\">\n\t\t\t\t<div class=\"elementor-widget-container\">\n\t\t\t\t\t\t\t\t\t\t\t\t\t\t\t<img decoding=\"async\" width=\"351\" height=\"143\" src=\"https:\/\/clubdeteniscaudete.com\/wp-content\/uploads\/2023\/10\/dc7c50f9-24b1-44f4-9d43-032fc7a54b45.jpg\" class=\"attachment-large size-large wp-image-1481\" alt=\"\" srcset=\"https:\/\/clubdeteniscaudete.com\/wp-content\/uploads\/2023\/10\/dc7c50f9-24b1-44f4-9d43-032fc7a54b45.jpg 351w, https:\/\/clubdeteniscaudete.com\/wp-content\/uploads\/2023\/10\/dc7c50f9-24b1-44f4-9d43-032fc7a54b45-300x122.jpg 300w\" sizes=\"(max-width: 351px) 100vw, 351px\" \/>\t\t\t\t\t\t\t\t\t\t\t\t\t\t\t<\/div>\n\t\t\t\t<\/div>\n\t\t\t\t<div class=\"elementor-element elementor-element-08b8793 elementor-widget elementor-widget-image\" data-id=\"08b8793\" data-element_type=\"widget\" data-e-type=\"widget\" data-widget_type=\"image.default\">\n\t\t\t\t<div class=\"elementor-widget-container\">\n\t\t\t\t\t\t\t\t\t\t\t\t\t\t\t<img decoding=\"async\" width=\"1024\" height=\"358\" src=\"https:\/\/clubdeteniscaudete.com\/wp-content\/uploads\/2023\/10\/e8eaaeb3-d94c-4aa9-889d-783a47d7136d-1024x358.jpg\" class=\"attachment-large size-large wp-image-1488\" alt=\"\" srcset=\"https:\/\/clubdeteniscaudete.com\/wp-content\/uploads\/2023\/10\/e8eaaeb3-d94c-4aa9-889d-783a47d7136d-1024x358.jpg 1024w, https:\/\/clubdeteniscaudete.com\/wp-content\/uploads\/2023\/10\/e8eaaeb3-d94c-4aa9-889d-783a47d7136d-300x105.jpg 300w, https:\/\/clubdeteniscaudete.com\/wp-content\/uploads\/2023\/10\/e8eaaeb3-d94c-4aa9-889d-783a47d7136d-768x268.jpg 768w, https:\/\/clubdeteniscaudete.com\/wp-content\/uploads\/2023\/10\/e8eaaeb3-d94c-4aa9-889d-783a47d7136d-1536x537.jpg 1536w, https:\/\/clubdeteniscaudete.com\/wp-content\/uploads\/2023\/10\/e8eaaeb3-d94c-4aa9-889d-783a47d7136d.jpg 1600w\" sizes=\"(max-width: 1024px) 100vw, 1024px\" \/>\t\t\t\t\t\t\t\t\t\t\t\t\t\t\t<\/div>\n\t\t\t\t<\/div>\n\t\t\t\t\t<\/div>\n\t\t<\/div>\n\t\t\t\t\t<\/div>\n\t\t<\/section>\n\t\t\t\t<section class=\"elementor-section elementor-top-section elementor-element elementor-element-40bf3ad elementor-section-boxed elementor-section-height-default elementor-section-height-default\" data-id=\"40bf3ad\" data-element_type=\"section\" data-e-type=\"section\">\n\t\t\t\t\t\t<div class=\"elementor-container elementor-column-gap-default\">\n\t\t\t\t\t<div class=\"elementor-column elementor-col-100 elementor-top-column elementor-element elementor-element-1cfcfda\" data-id=\"1cfcfda\" data-element_type=\"column\" data-e-type=\"column\">\n\t\t\t<div class=\"elementor-widget-wrap\">\n\t\t\t\t\t\t\t<\/div>\n\t\t<\/div>\n\t\t\t\t\t<\/div>\n\t\t<\/section>\n\t\t\t\t<\/div>\n\t\t","protected":false},"excerpt":{"rendered":"<p>I TORNEO DE P\u00c1DEL EN BENEFICIO DE FUNDACI\u00d3N DIAGRAMA YA PUEDES CONSULTAR LOS HORARIOS PARA EL TOENEO DE ESTE FIN DE SEMANA. Tendremos barra, se rifar\u00e1 de un cuadro de trencadis hecho por usuarios de la Fundaci\u00f3n Diagrama, tambi\u00e9n habr\u00e1 una mesa para donaciones de productos no perecederos para CARITAS y algunas sorpresas m\u00e1s&#8230; no &#8230; <a title=\"I TORNEO DE P\u00c1DEL EN BENEFICIO DE FUNDACI\u00d3N DIAGRAMA\" class=\"read-more\" href=\"https:\/\/clubdeteniscaudete.com\/index.php\/i-torneo-de-padel-en-beneficio-de-fundacion-diagrama\/\" aria-label=\"M\u00e1s en I TORNEO DE P\u00c1DEL EN BENEFICIO DE FUNDACI\u00d3N DIAGRAMA\">Leer m\u00e1s<\/a><\/p>\n","protected":false},"author":1,"featured_media":0,"parent":0,"menu_order":0,"comment_status":"closed","ping_status":"closed","template":"","meta":{"footnotes":""},"class_list":["post-1457","page","type-page","status-publish"],"_links":{"self":[{"href":"https:\/\/clubdeteniscaudete.com\/index.php\/wp-json\/wp\/v2\/pages\/1457","targetHints":{"allow":["GET"]}}],"collection":[{"href":"https:\/\/clubdeteniscaudete.com\/index.php\/wp-json\/wp\/v2\/pages"}],"about":[{"href":"https:\/\/clubdeteniscaudete.com\/index.php\/wp-json\/wp\/v2\/types\/page"}],"author":[{"embeddable":true,"href":"https:\/\/clubdeteniscaudete.com\/index.php\/wp-json\/wp\/v2\/users\/1"}],"replies":[{"embeddable":true,"href":"https:\/\/clubdeteniscaudete.com\/index.php\/wp-json\/wp\/v2\/comments?post=1457"}],"version-history":[{"count":51,"href":"https:\/\/clubdeteniscaudete.com\/index.php\/wp-json\/wp\/v2\/pages\/1457\/revisions"}],"predecessor-version":[{"id":1593,"href":"https:\/\/clubdeteniscaudete.com\/index.php\/wp-json\/wp\/v2\/pages\/1457\/revisions\/1593"}],"wp:attachment":[{"href":"https:\/\/clubdeteniscaudete.com\/index.php\/wp-json\/wp\/v2\/media?parent=1457"}],"curies":[{"name":"wp","href":"https:\/\/api.w.org\/{rel}","templated":true}]}}