{"id":1422,"date":"2023-09-18T07:49:44","date_gmt":"2023-09-18T07:49:44","guid":{"rendered":"https:\/\/clubdeteniscaudete.com\/?page_id=1422"},"modified":"2024-07-23T10:51:55","modified_gmt":"2024-07-23T10:51:55","slug":"clases-colectivas","status":"publish","type":"page","link":"https:\/\/clubdeteniscaudete.com\/index.php\/clases-colectivas\/","title":{"rendered":"CLASES COLECTIVAS"},"content":{"rendered":"\t\t<div data-elementor-type=\"wp-page\" data-elementor-id=\"1422\" class=\"elementor elementor-1422\" data-elementor-post-type=\"page\">\n\t\t\t\t\t\t<section class=\"elementor-section elementor-top-section elementor-element elementor-element-fb91ac0 elementor-section-boxed elementor-section-height-default elementor-section-height-default\" data-id=\"fb91ac0\" data-element_type=\"section\" data-e-type=\"section\">\n\t\t\t\t\t\t<div class=\"elementor-container elementor-column-gap-default\">\n\t\t\t\t\t<div class=\"elementor-column elementor-col-100 elementor-top-column elementor-element elementor-element-cdbae75\" data-id=\"cdbae75\" data-element_type=\"column\" data-e-type=\"column\">\n\t\t\t<div class=\"elementor-widget-wrap elementor-element-populated\">\n\t\t\t\t\t\t<div class=\"elementor-element elementor-element-b7b3e4b elementor-widget elementor-widget-heading\" data-id=\"b7b3e4b\" data-element_type=\"widget\" data-e-type=\"widget\" data-widget_type=\"heading.default\">\n\t\t\t\t<div class=\"elementor-widget-container\">\n\t\t\t\t\t<h1 class=\"elementor-heading-title elementor-size-default\">CLASES COLECTIVAS <\/h1>\t\t\t\t<\/div>\n\t\t\t\t<\/div>\n\t\t\t\t<div class=\"elementor-element elementor-element-e313d11 elementor-widget elementor-widget-text-editor\" data-id=\"e313d11\" data-element_type=\"widget\" data-e-type=\"widget\" data-widget_type=\"text-editor.default\">\n\t\t\t\t<div class=\"elementor-widget-container\">\n\t\t\t\t\t\t\t\t\t<p>Este a\u00f1o tenemos seguimos con m\u00e1s fuerza con nuestras clases colectivas y ampliamos los horarios la oferta para poder disfrutar del deporte en nuestras instalaciones.<\/p><p>Tenemos <strong>Cardio-Dance, Step, GAP, Entrenamiento funcional<\/strong>\u00a0con Lola Huesca.<\/p><p>Durante todo el a\u00f1o, los viernes por la noche habr\u00e1 clases de <strong>Bailes de Sal\u00f3n<\/strong>.<\/p><p>Adem\u00e1s como cada a\u00f1o Lola impartir\u00e1 durante los meses de octubre, noviembre y diciembre con las clases de los <strong>Bailes del Ni\u00f1o<\/strong>.\u00a0<\/p>\t\t\t\t\t\t\t\t<\/div>\n\t\t\t\t<\/div>\n\t\t\t\t<div class=\"elementor-element elementor-element-93cfb53 elementor-widget elementor-widget-spacer\" data-id=\"93cfb53\" data-element_type=\"widget\" data-e-type=\"widget\" data-widget_type=\"spacer.default\">\n\t\t\t\t<div class=\"elementor-widget-container\">\n\t\t\t\t\t\t\t<div class=\"elementor-spacer\">\n\t\t\t<div class=\"elementor-spacer-inner\"><\/div>\n\t\t<\/div>\n\t\t\t\t\t\t<\/div>\n\t\t\t\t<\/div>\n\t\t\t\t\t<\/div>\n\t\t<\/div>\n\t\t\t\t\t<\/div>\n\t\t<\/section>\n\t\t\t\t<section class=\"elementor-section elementor-top-section elementor-element elementor-element-74e3461 elementor-section-full_width elementor-section-height-default elementor-section-height-default\" data-id=\"74e3461\" data-element_type=\"section\" data-e-type=\"section\">\n\t\t\t\t\t\t<div class=\"elementor-container elementor-column-gap-default\">\n\t\t\t\t\t<div class=\"elementor-column elementor-col-33 elementor-top-column elementor-element elementor-element-32b8b19\" data-id=\"32b8b19\" data-element_type=\"column\" data-e-type=\"column\">\n\t\t\t<div class=\"elementor-widget-wrap elementor-element-populated\">\n\t\t\t\t\t\t<div class=\"elementor-element elementor-element-8db4f43 elementor-widget elementor-widget-image\" data-id=\"8db4f43\" data-element_type=\"widget\" data-e-type=\"widget\" data-widget_type=\"image.default\">\n\t\t\t\t<div class=\"elementor-widget-container\">\n\t\t\t\t\t\t\t\t\t\t\t\t\t\t\t<img fetchpriority=\"high\" decoding=\"async\" width=\"1024\" height=\"1024\" src=\"https:\/\/clubdeteniscaudete.com\/wp-content\/uploads\/2024\/07\/POSTER-LOLA-HUESCA-210-x-297-mm-Post-de-Instagram-4-1024x1024.jpg\" class=\"attachment-large size-large wp-image-1952\" alt=\"\" srcset=\"https:\/\/clubdeteniscaudete.com\/wp-content\/uploads\/2024\/07\/POSTER-LOLA-HUESCA-210-x-297-mm-Post-de-Instagram-4-1024x1024.jpg 1024w, https:\/\/clubdeteniscaudete.com\/wp-content\/uploads\/2024\/07\/POSTER-LOLA-HUESCA-210-x-297-mm-Post-de-Instagram-4-300x300.jpg 300w, https:\/\/clubdeteniscaudete.com\/wp-content\/uploads\/2024\/07\/POSTER-LOLA-HUESCA-210-x-297-mm-Post-de-Instagram-4-150x150.jpg 150w, https:\/\/clubdeteniscaudete.com\/wp-content\/uploads\/2024\/07\/POSTER-LOLA-HUESCA-210-x-297-mm-Post-de-Instagram-4-768x768.jpg 768w, https:\/\/clubdeteniscaudete.com\/wp-content\/uploads\/2024\/07\/POSTER-LOLA-HUESCA-210-x-297-mm-Post-de-Instagram-4.jpg 1080w\" sizes=\"(max-width: 1024px) 100vw, 1024px\" \/>\t\t\t\t\t\t\t\t\t\t\t\t\t\t\t<\/div>\n\t\t\t\t<\/div>\n\t\t\t\t<div class=\"elementor-element elementor-element-ad893c6 elementor-align-center elementor-widget elementor-widget-button\" data-id=\"ad893c6\" data-element_type=\"widget\" data-e-type=\"widget\" data-widget_type=\"button.default\">\n\t\t\t\t<div class=\"elementor-widget-container\">\n\t\t\t\t\t\t\t\t\t<div class=\"elementor-button-wrapper\">\n\t\t\t\t\t<a class=\"elementor-button elementor-button-link elementor-size-sm\" href=\"https:\/\/forms.gle\/xLDdwoZdK2xi5vJV8\" target=\"_blank\">\n\t\t\t\t\t\t<span class=\"elementor-button-content-wrapper\">\n\t\t\t\t\t\t\t\t\t<span class=\"elementor-button-text\">INSCR\u00cdBETE AQU\u00ed A LAS CLASES COLECTIVAS<\/span>\n\t\t\t\t\t<\/span>\n\t\t\t\t\t<\/a>\n\t\t\t\t<\/div>\n\t\t\t\t\t\t\t\t<\/div>\n\t\t\t\t<\/div>\n\t\t\t\t\t<\/div>\n\t\t<\/div>\n\t\t\t\t<div class=\"elementor-column elementor-col-33 elementor-top-column elementor-element elementor-element-b5bccdb\" data-id=\"b5bccdb\" data-element_type=\"column\" data-e-type=\"column\">\n\t\t\t<div class=\"elementor-widget-wrap elementor-element-populated\">\n\t\t\t\t\t\t<div class=\"elementor-element elementor-element-1881c3c elementor-widget elementor-widget-image\" data-id=\"1881c3c\" data-element_type=\"widget\" data-e-type=\"widget\" data-widget_type=\"image.default\">\n\t\t\t\t<div class=\"elementor-widget-container\">\n\t\t\t\t\t\t\t\t\t\t\t\t\t\t\t<img decoding=\"async\" width=\"1024\" height=\"1024\" src=\"https:\/\/clubdeteniscaudete.com\/wp-content\/uploads\/2024\/07\/BAILES-DE-SALON-202425-1-1024x1024.jpg\" class=\"attachment-large size-large wp-image-1903\" alt=\"\" srcset=\"https:\/\/clubdeteniscaudete.com\/wp-content\/uploads\/2024\/07\/BAILES-DE-SALON-202425-1-1024x1024.jpg 1024w, https:\/\/clubdeteniscaudete.com\/wp-content\/uploads\/2024\/07\/BAILES-DE-SALON-202425-1-300x300.jpg 300w, https:\/\/clubdeteniscaudete.com\/wp-content\/uploads\/2024\/07\/BAILES-DE-SALON-202425-1-150x150.jpg 150w, https:\/\/clubdeteniscaudete.com\/wp-content\/uploads\/2024\/07\/BAILES-DE-SALON-202425-1-768x768.jpg 768w, https:\/\/clubdeteniscaudete.com\/wp-content\/uploads\/2024\/07\/BAILES-DE-SALON-202425-1.jpg 1080w\" sizes=\"(max-width: 1024px) 100vw, 1024px\" \/>\t\t\t\t\t\t\t\t\t\t\t\t\t\t\t<\/div>\n\t\t\t\t<\/div>\n\t\t\t\t<div class=\"elementor-element elementor-element-7234629 elementor-align-center elementor-widget elementor-widget-button\" data-id=\"7234629\" data-element_type=\"widget\" data-e-type=\"widget\" data-widget_type=\"button.default\">\n\t\t\t\t<div class=\"elementor-widget-container\">\n\t\t\t\t\t\t\t\t\t<div class=\"elementor-button-wrapper\">\n\t\t\t\t\t<a class=\"elementor-button elementor-button-link elementor-size-sm\" href=\"https:\/\/docs.google.com\/forms\/d\/e\/1FAIpQLSdHqBHQmqh1UxgqQMgSxKZ2VyJAF5Wd4tMaiSDgSoFcaKJqIg\/viewform?usp=sf_link\" target=\"_blank\">\n\t\t\t\t\t\t<span class=\"elementor-button-content-wrapper\">\n\t\t\t\t\t\t\t\t\t<span class=\"elementor-button-text\">INSCR\u00cdBETE AQU\u00ed A LOS BAILES DE SAL\u00d3N<\/span>\n\t\t\t\t\t<\/span>\n\t\t\t\t\t<\/a>\n\t\t\t\t<\/div>\n\t\t\t\t\t\t\t\t<\/div>\n\t\t\t\t<\/div>\n\t\t\t\t\t<\/div>\n\t\t<\/div>\n\t\t\t\t<div class=\"elementor-column elementor-col-33 elementor-top-column elementor-element elementor-element-182b57c\" data-id=\"182b57c\" data-element_type=\"column\" data-e-type=\"column\">\n\t\t\t<div class=\"elementor-widget-wrap elementor-element-populated\">\n\t\t\t\t\t\t<div class=\"elementor-element elementor-element-13f97f0 elementor-widget elementor-widget-image\" data-id=\"13f97f0\" data-element_type=\"widget\" data-e-type=\"widget\" data-widget_type=\"image.default\">\n\t\t\t\t<div class=\"elementor-widget-container\">\n\t\t\t\t\t\t\t\t\t\t\t\t\t\t\t<img decoding=\"async\" width=\"1024\" height=\"1024\" src=\"https:\/\/clubdeteniscaudete.com\/wp-content\/uploads\/2024\/07\/BAILES-DEL-NINO-202425-1-1024x1024.jpg\" class=\"attachment-large size-large wp-image-1902\" alt=\"\" srcset=\"https:\/\/clubdeteniscaudete.com\/wp-content\/uploads\/2024\/07\/BAILES-DEL-NINO-202425-1-1024x1024.jpg 1024w, https:\/\/clubdeteniscaudete.com\/wp-content\/uploads\/2024\/07\/BAILES-DEL-NINO-202425-1-300x300.jpg 300w, https:\/\/clubdeteniscaudete.com\/wp-content\/uploads\/2024\/07\/BAILES-DEL-NINO-202425-1-150x150.jpg 150w, https:\/\/clubdeteniscaudete.com\/wp-content\/uploads\/2024\/07\/BAILES-DEL-NINO-202425-1-768x768.jpg 768w, https:\/\/clubdeteniscaudete.com\/wp-content\/uploads\/2024\/07\/BAILES-DEL-NINO-202425-1.jpg 1080w\" sizes=\"(max-width: 1024px) 100vw, 1024px\" \/>\t\t\t\t\t\t\t\t\t\t\t\t\t\t\t<\/div>\n\t\t\t\t<\/div>\n\t\t\t\t<div class=\"elementor-element elementor-element-6fe0f91 elementor-align-center elementor-widget elementor-widget-button\" data-id=\"6fe0f91\" data-element_type=\"widget\" data-e-type=\"widget\" data-widget_type=\"button.default\">\n\t\t\t\t<div class=\"elementor-widget-container\">\n\t\t\t\t\t\t\t\t\t<div class=\"elementor-button-wrapper\">\n\t\t\t\t\t<a class=\"elementor-button elementor-button-link elementor-size-sm\" href=\"https:\/\/docs.google.com\/forms\/d\/e\/1FAIpQLSegO7jipuin-vXh78UWxEoG_v5lzRoZzb-r7T43bZhRy8Tp4w\/viewform?usp=sf_link\" target=\"_blank\">\n\t\t\t\t\t\t<span class=\"elementor-button-content-wrapper\">\n\t\t\t\t\t\t\t\t\t<span class=\"elementor-button-text\">INSCR\u00cdBETE AQU\u00ed A LOS BAILES DEL NI\u00d1O<\/span>\n\t\t\t\t\t<\/span>\n\t\t\t\t\t<\/a>\n\t\t\t\t<\/div>\n\t\t\t\t\t\t\t\t<\/div>\n\t\t\t\t<\/div>\n\t\t\t\t\t<\/div>\n\t\t<\/div>\n\t\t\t\t\t<\/div>\n\t\t<\/section>\n\t\t\t\t<\/div>\n\t\t","protected":false},"excerpt":{"rendered":"<p>CLASES COLECTIVAS Este a\u00f1o tenemos seguimos con m\u00e1s fuerza con nuestras clases colectivas y ampliamos los horarios la oferta para poder disfrutar del deporte en nuestras instalaciones. Tenemos Cardio-Dance, Step, GAP, Entrenamiento funcional\u00a0con Lola Huesca. Durante todo el a\u00f1o, los viernes por la noche habr\u00e1 clases de Bailes de Sal\u00f3n. Adem\u00e1s como cada a\u00f1o Lola &#8230; <a title=\"CLASES COLECTIVAS\" class=\"read-more\" href=\"https:\/\/clubdeteniscaudete.com\/index.php\/clases-colectivas\/\" aria-label=\"M\u00e1s en CLASES COLECTIVAS\">Leer m\u00e1s<\/a><\/p>\n","protected":false},"author":1,"featured_media":0,"parent":0,"menu_order":0,"comment_status":"closed","ping_status":"closed","template":"","meta":{"footnotes":""},"class_list":["post-1422","page","type-page","status-publish"],"_links":{"self":[{"href":"https:\/\/clubdeteniscaudete.com\/index.php\/wp-json\/wp\/v2\/pages\/1422","targetHints":{"allow":["GET"]}}],"collection":[{"href":"https:\/\/clubdeteniscaudete.com\/index.php\/wp-json\/wp\/v2\/pages"}],"about":[{"href":"https:\/\/clubdeteniscaudete.com\/index.php\/wp-json\/wp\/v2\/types\/page"}],"author":[{"embeddable":true,"href":"https:\/\/clubdeteniscaudete.com\/index.php\/wp-json\/wp\/v2\/users\/1"}],"replies":[{"embeddable":true,"href":"https:\/\/clubdeteniscaudete.com\/index.php\/wp-json\/wp\/v2\/comments?post=1422"}],"version-history":[{"count":45,"href":"https:\/\/clubdeteniscaudete.com\/index.php\/wp-json\/wp\/v2\/pages\/1422\/revisions"}],"predecessor-version":[{"id":1962,"href":"https:\/\/clubdeteniscaudete.com\/index.php\/wp-json\/wp\/v2\/pages\/1422\/revisions\/1962"}],"wp:attachment":[{"href":"https:\/\/clubdeteniscaudete.com\/index.php\/wp-json\/wp\/v2\/media?parent=1422"}],"curies":[{"name":"wp","href":"https:\/\/api.w.org\/{rel}","templated":true}]}}