{"id":14,"date":"2021-05-17T09:30:03","date_gmt":"2021-05-17T09:30:03","guid":{"rendered":"https:\/\/clubdeteniscaudete.com\/?page_id=14"},"modified":"2021-05-21T17:05:32","modified_gmt":"2021-05-21T17:05:32","slug":"historia","status":"publish","type":"page","link":"https:\/\/clubdeteniscaudete.com\/index.php\/historia\/","title":{"rendered":"HISTORIA"},"content":{"rendered":"\t\t<div data-elementor-type=\"wp-page\" data-elementor-id=\"14\" class=\"elementor elementor-14\" data-elementor-post-type=\"page\">\n\t\t\t\t\t\t<section class=\"elementor-section elementor-top-section elementor-element elementor-element-5bda98a elementor-section-stretched elementor-section-boxed elementor-section-height-default elementor-section-height-default\" data-id=\"5bda98a\" data-element_type=\"section\" data-e-type=\"section\" data-settings=\"{&quot;stretch_section&quot;:&quot;section-stretched&quot;}\">\n\t\t\t\t\t\t\t<div class=\"elementor-background-overlay\"><\/div>\n\t\t\t\t\t\t\t<div class=\"elementor-container elementor-column-gap-default\">\n\t\t\t\t\t<div class=\"elementor-column elementor-col-100 elementor-top-column elementor-element elementor-element-3476453\" data-id=\"3476453\" data-element_type=\"column\" data-e-type=\"column\">\n\t\t\t<div class=\"elementor-widget-wrap elementor-element-populated\">\n\t\t\t\t\t\t<div class=\"elementor-element elementor-element-67f3529 elementor-widget elementor-widget-spacer\" data-id=\"67f3529\" data-element_type=\"widget\" data-e-type=\"widget\" data-widget_type=\"spacer.default\">\n\t\t\t\t<div class=\"elementor-widget-container\">\n\t\t\t\t\t\t\t<div class=\"elementor-spacer\">\n\t\t\t<div class=\"elementor-spacer-inner\"><\/div>\n\t\t<\/div>\n\t\t\t\t\t\t<\/div>\n\t\t\t\t<\/div>\n\t\t\t\t<div class=\"elementor-element elementor-element-eba3bcb elementor-widget elementor-widget-heading\" data-id=\"eba3bcb\" data-element_type=\"widget\" data-e-type=\"widget\" data-widget_type=\"heading.default\">\n\t\t\t\t<div class=\"elementor-widget-container\">\n\t\t\t\t\t<h2 class=\"elementor-heading-title elementor-size-default\">LOS COMIENZOS DEL CTC. Por su fundador Jos\u00e9 Llor\u00e9ns<\/h2>\t\t\t\t<\/div>\n\t\t\t\t<\/div>\n\t\t\t\t<div class=\"elementor-element elementor-element-e8d4610 elementor-widget elementor-widget-text-editor\" data-id=\"e8d4610\" data-element_type=\"widget\" data-e-type=\"widget\" data-widget_type=\"text-editor.default\">\n\t\t\t\t<div class=\"elementor-widget-container\">\n\t\t\t\t\t\t\t\t\t<p class=\"p1\">La idea de hacer un Club de Tenis en Caudete surgi\u00f3 un poco por casualidad, como muchas cosas en la vida. El 15 de agosto de 1976, y con motivo de la inauguraci\u00f3n del Club Social en Bellreguard, donde yo era socio, le coment\u00e9 a Miguel Requena que ser\u00eda buena idea el que alg\u00fan d\u00eda se pudiera tener un Club as\u00ed en Caudete.\u00a0<\/p><p class=\"p2\">Esto qued\u00f3 en un simple comentario, por<b> <\/b> lo dif\u00edcil que ser\u00eda llevarlo a cabo. Pero, pasados<i> <\/i>un par de meses, por el mes de octubre, le coment\u00e9 la idea a mis amigos Jesualdo y Rogelio, y entre los tres nos animamos a convocar una reuni\u00f3n para comprobar el \u00e1nimo de m\u00e1s personas. Y una noche despu\u00e9s de jugar un partido de tenis en mi pista preparamos el aviso a la reuni\u00f3n (a luz de gas). La fecha de la reuni\u00f3n ser\u00eda el 13 de noviembre de 1976 en el sal\u00f3n de reuniones de la Caja de Ahorros de Alicante y Murcia. A esta reuni\u00f3n asistimos unas 25 personas a las cuales explicamos nuestra idea, y a todos les pareci\u00f3 bien. Se acord\u00f3 que en principio las decisiones las tomar\u00edamos entre Rogelio, Jesualdo y yo, y se acord\u00f3 pagar 10 mil Ptas. por socio. En una pr\u00f3xima reuni\u00f3n se forma la Directiva.<\/p><p class=\"p3\">El 18 de noviembre de 1976 se hace otra reuni\u00f3n y vemos que s\u00f3lo han ingresado las 10 mil Ptas. 15 socios, por lo cual se acuerda dar facilidades, que se pasen los recibos por\u00ad el banco, tambi\u00e9n que se pueda pagar por meses, a mil Ptas. al mes, y hablo de buscar sitio para el Club. Gracias a las facilidades, a finales de a\u00f1o somos unos 40 socios, y esto nos anima. En enero del 77 se compran los terrenos en el camino de los Vi\u00f1ales por 400 mil ptas. El 30 de enero del 77 se celebra una reuni\u00f3n en la cual se da a conocer la compra de los terrenos, que es bien aceptado por los socios, y se da a conocer la composici\u00f3n de la Directiva que dirigir\u00e1 el Club:<\/p><p class=\"p1\">&#8211;<span class=\"Apple-converted-space\">\u00a0 <\/span>Presidente: Jos\u00e9 Llor\u00e9ns.<\/p><p class=\"p1\">&#8211; Vicepresidente: Miguel Requena.<\/p><p class=\"p1\">&#8211;<span class=\"Apple-converted-space\">\u00a0 <\/span>Secretario: Rogelio G\u00f3mez.<span class=\"Apple-converted-space\">\u00a0 \u00a0 \u00a0 \u00a0<\/span><\/p><p class=\"p1\">&#8211; Tesorero: Jesualdo Rold\u00e1n.<\/p><p class=\"p1\">&#8211; Contador: Lu\u00eds Quinquer.<\/p><p class=\"p1\">&#8211; Vocales: Jos\u00e9 Cantos, Jos\u00e9 Conejero, Jos\u00e9 Serrano, Tom\u00e1s Marco, <span class=\"Apple-converted-space\">\u00a0 \u00a0 <\/span>Francisco Grande, Jos\u00e9 L\u00f3pez, Jos\u00e9 Mar\u00eda Beltr\u00e1n.<\/p><p class=\"p1\">Por estas fechas se env\u00edan los Estatutos y composici\u00f3n Directiva a la RFET para legalizaci\u00f3n. Durante el mes de Febrero se hacen varios viajes a Albacete para tener contactos con la Delegaci\u00f3n de Deportes y Arquitectos para el inicio de las obras. Por el mes de marzo ya somos unos 100 socios y estamos muy animados. Se hace la instalaci\u00f3n del agua municipal y de <i>El Para\u00edso<\/i>, y se empieza la obra de vallado del terreno. El 8 de mayo del 77 hay reuni\u00f3n extraordinaria. Ya somos 140 socios. Se trata de la forma de iniciar las obras, para lo cual se aprueban unas derramas trimestrales de 1000 Ptas. cada una, y se aprueba poner el precio del T\u00edtulo a 15.000 Ptas. La obra se empieza con dos pistas de tenis, una pista po1ideportiva, la piscina, y para poder hacer frente a estos gastos se acuerda sacar del banco 2 millones de ptas.<\/p><p class=\"p1\">En junio ya somos 186 socios. Nos llegan legalizados los Estatutos con fecha 25 de mayo del 77, y por la RFET el 28 de junio de 1977. La construcci\u00f3n de las pistas la realiza Andr\u00e9s Marco a 250 Ptas. \/m2.<\/p><p class=\"p1\">El 17 de septiembre de 1977 se firma el contrato para la construcci\u00f3n de la piscina. El 4 de octubre de 1977 se dota de luz el\u00e9ctrica al Club. Estamos pasando por verdaderos apuros para poder ir pagando las facturas, pero gracias a que Andr\u00e9s no nos aprieta demasiado, y a la gran ilusi\u00f3n que tenemos porque esta aventura se lleve a cabo vamos funcionando. El inicio de la piscina se retrasa debido a que no nos llega la ayuda econ\u00f3mica que nos ofreci\u00f3 la Delegaci\u00f3n de Deportes. Para poder ir pagando las facturas le tengo que firmar a Andr\u00e9s 2 letras de 500 mil Ptas. cada una (esperemos que todo salga bien).<\/p><p class=\"p1\">A finales de a\u00f1o se hace la plantaci\u00f3n del seto. En enero del 78 nos reunimos la Directiva para tratar de la contrataci\u00f3n de un conserje, y abrir el Club para los socios el 15 de marzo. Tambi\u00e9n estamos preparando unas normas de r\u00e9gimen interior.<\/p><p class=\"p1\">El 2 de febrero del 78 en el bar Cardona se presento por constructor los presupuestos para la construcci\u00f3n de los vestuarios, que se lo queda Andr\u00e9s Marco \u00adpor ser el m\u00e1s econ\u00f3mico.<\/p><p class=\"p1\">El 20 de febrero del 78 se rellenan los impresos para darnos de alta como Club de Tenis en la Regi\u00f3n de Murcia, pues en Castilla la Mancha no hay Federaci\u00f3n. El 22 de febrero mandamos a Murcia la composici\u00f3n del Equipo que por primera vez compet\u00eda en el Campeonato Regi\u00f3n de Murcia formado por Jos\u00e9 L1or\u00e9ns, Miguel S\u00e1ez, Jesualdo Ro1d\u00e1n, Juan Ben\u00edtez, Vicente Amor\u00f3s, Roge1io G\u00f3mez, Miguel Requena, Vicente Caerols y Miguel Llor\u00e9ns. Por la tarde se colocan en la puerta principal las iniciales CTC.<\/p><p class=\"p1\">E1 15 de marzo de 1978 vamos a Anna a comprar 1os utensilios para el bar, barra, frigo, cafetera, etc.<\/p><p class=\"p1\">El 23 de marzo de 1978 se juega por primera vez al tenis en el Club. Por estas fechas los socios empiezan a disfrutar de las instalaciones, la mayor\u00eda est\u00e1n encantados.<\/p><p class=\"p1\">En abril de1 78 jugamos nuestro primer encuentro del regional de Murcia contra Cieza. Los partidos los tenemos que jugar fuera pues nosotros no tenemos vestuarios. En Cieza perdemos por 5 &#8211; 2, y se portan de maravilla con nosotros. El CTC ya aparece en la prensa deportiva de Murcia causando buena impresi\u00f3n. Somos el Club que m\u00e1s licencias tiene en relaci\u00f3n a los socios, por lo cual nos ponen como ejemplo positivo.<\/p><p class=\"p1\">Julio y agosto fueron terribles pues est\u00e1bamos preparando la inauguraci\u00f3n del Club, preparando unos partidos de tenis con jugadores de cierta categor\u00eda nacional, como son Tom\u00e1s de Elda, Lu\u00eds Bonete de Almansa y Raimundo Moral de Barcelona. Tambi\u00e9n un partido de balonmano con 2 equipos de la liga nacional, adem\u00e1s de otros actos. Pas\u00e9 horas y horas al tel\u00e9fono invitando a personas, responsables del tenis regional murciano y albacete\u00f1o, as\u00ed como Directivos de Clubes vecinos.<\/p><p class=\"p1\">El 3 de septiembre de 1978 es por fin el d\u00eda de la inauguraci\u00f3n. Hizo un d\u00eda espl\u00e9ndido y llegaron los invitados, Delegado Provincial de Deportes, Directivos del Tenis Murcia, otros procedentes de Clubes vecinos, de Bellreguart, los jugadores participantes en los actos deportivos, autoridades locales, casi todos los socios, familiares y amigos. El aspecto del Club era impresionante, hasta tal punto que viendo esto dimos por bien empleados los d\u00edas terribles que hab\u00edamos pasado. Despu\u00e9s de los partidos de exhibici\u00f3n se procede a la bendici\u00f3n de las instalaciones por parte de un sacerdote carmelita. Se hace un intercambio de regalos por parte de Club, las personalidades que nos han honrado con su visita. El presidente Jos\u00e9 Llor\u00e9ns agradece a todos por la asistencia y muy especialmente a todos los socios pues gracias a ellos ha sido posible que el Club sea una realidad, algo que hace un par de a\u00f1os nadie hubiese cre\u00eddo. En esos momentos \u00e9ramos 205 socios.<\/p><p class=\"p1\">El 12 de noviembre de 1978 se termina el I Campeonato de Tenis y Frontenis:<\/p><ul class=\"ul1\"><li class=\"li4\">Tenis infantil<span class=\"Apple-converted-space\">\u00a0 <\/span>campe\u00f3n: Miguel Llor\u00e9ns, subcampe\u00f3n: Jos\u00e9 Serrano.<\/li><li class=\"li4\">Tenis senior<span class=\"Apple-converted-space\">\u00a0 \u00a0 <\/span>campe\u00f3n: Jesualdo Rold\u00e1n,<span class=\"Apple-converted-space\">\u00a0 <\/span>subcampe\u00f3n: Jos\u00e9 Llor\u00e9ns.<\/li><li class=\"li4\">Frontenis <span class=\"Apple-converted-space\">\u00a0 <\/span>campe\u00f3n: Vicente Amor\u00f3s,<span class=\"Apple-converted-space\">\u00a0 <\/span>subcampe\u00f3n: \u00c1ngel Alonso.<\/li><li class=\"li4\">Front\u00f3n <span class=\"Apple-converted-space\">\u00a0 <\/span>campe\u00f3n: Juan Solera,<span class=\"Apple-converted-space\">\u00a0 <\/span>subcampe\u00f3n: Antonio Requena.<\/li><\/ul><p class=\"p1\">En diciembre del 78 llegamos a 214 socios. Nos ponen el tel\u00e9fono. Alcanzamos la incre\u00edble cantidad de 80 licencias.<\/p><p class=\"p1\">En marzo del 79 se acepta el presupuesto de la piscina por 3.290.000 Ptas. de Manuel Beltr\u00e1n, y empieza la excavaci\u00f3n de la piscina.<\/p><p class=\"p1\">El 19 de abril de 1979 se nos concede la ayuda a fondo perdido de 1 mill\u00f3n de Ptas. de la Diputaci\u00f3n y de 1.030.000 de la Delegaci\u00f3n de Deportes. Para conseguir esto ha sido necesaria una aventura de papeleos.<\/p><p class=\"p1\">El 14 de julio de 1979, despu\u00e9s de muchos problemas se acaba la piscina. Por la noche se celebra un baile para celebrarlo. Viene una orquesta de Valencia. Es una noche grande pues a pesar de cobrar a 400 Ptas. la entrada de la pareja, asisten m\u00e1s de 200 parejas, faltando sillas etc. Todos los socios est\u00e1n encantados, lo cual hac\u00eda que los directivos estuvi\u00e9ramos contentos y di\u00e9ramos por bien empleado el tiempo de los preparativos. La fiesta dur\u00f3 hasta las 4 de la ma\u00f1ana.<\/p><p class=\"p1\">El 15 de julio es el d\u00eda de inauguraci\u00f3n de la piscina y bar. Amaneci\u00f3 un d\u00eda espl\u00e9ndido, se jugaron algunos encuentros deportivos, baloncesto, frontenis, as\u00ed como una exhibici\u00f3n de una nadadora del Centro Excursionista Eldense. A continuaci\u00f3n un sacerdote bendijo la piscina, se dijeron unas palabras, reparto de placas y se ofreci\u00f3 un Vino Espa\u00f1ol.<\/p><p class=\"p1\">En julio del a\u00f1o 1980 empieza la Escuela de Tenis con profesor Lu\u00eds Bonete. El 9 de junio de 1981 se acuerda llevar a cabo el I Torneo de Tenis Moros y Cristianos.<\/p><p class=\"p1\">Se reciben aprobados los nuevos Estatutos el 19 agosto de 1983.<\/p><p class=\"p1\">En la reuni\u00f3n ordinaria de Enero del 88 se aprueba la construcci\u00f3n del Local Social del Club.<\/p><p class=\"p1\">El 15 de octubre del 88 se inaugura el Local Social con una cena y un baile.<\/p><p class=\"p1\">El 29 de agosto del 93 se celebra el I Triatl\u00f3n del CTC.<\/p>\t\t\t\t\t\t\t\t<\/div>\n\t\t\t\t<\/div>\n\t\t\t\t\t<\/div>\n\t\t<\/div>\n\t\t\t\t\t<\/div>\n\t\t<\/section>\n\t\t\t\t<\/div>\n\t\t","protected":false},"excerpt":{"rendered":"<p>LOS COMIENZOS DEL CTC. Por su fundador Jos\u00e9 Llor\u00e9ns La idea de hacer un Club de Tenis en Caudete surgi\u00f3 un poco por casualidad, como muchas cosas en la vida. El 15 de agosto de 1976, y con motivo de la inauguraci\u00f3n del Club Social en Bellreguard, donde yo era socio, le coment\u00e9 a Miguel &#8230; <a title=\"HISTORIA\" class=\"read-more\" href=\"https:\/\/clubdeteniscaudete.com\/index.php\/historia\/\" aria-label=\"M\u00e1s en HISTORIA\">Leer m\u00e1s<\/a><\/p>\n","protected":false},"author":1,"featured_media":0,"parent":0,"menu_order":0,"comment_status":"closed","ping_status":"closed","template":"","meta":{"footnotes":""},"class_list":["post-14","page","type-page","status-publish"],"_links":{"self":[{"href":"https:\/\/clubdeteniscaudete.com\/index.php\/wp-json\/wp\/v2\/pages\/14","targetHints":{"allow":["GET"]}}],"collection":[{"href":"https:\/\/clubdeteniscaudete.com\/index.php\/wp-json\/wp\/v2\/pages"}],"about":[{"href":"https:\/\/clubdeteniscaudete.com\/index.php\/wp-json\/wp\/v2\/types\/page"}],"author":[{"embeddable":true,"href":"https:\/\/clubdeteniscaudete.com\/index.php\/wp-json\/wp\/v2\/users\/1"}],"replies":[{"embeddable":true,"href":"https:\/\/clubdeteniscaudete.com\/index.php\/wp-json\/wp\/v2\/comments?post=14"}],"version-history":[{"count":7,"href":"https:\/\/clubdeteniscaudete.com\/index.php\/wp-json\/wp\/v2\/pages\/14\/revisions"}],"predecessor-version":[{"id":203,"href":"https:\/\/clubdeteniscaudete.com\/index.php\/wp-json\/wp\/v2\/pages\/14\/revisions\/203"}],"wp:attachment":[{"href":"https:\/\/clubdeteniscaudete.com\/index.php\/wp-json\/wp\/v2\/media?parent=14"}],"curies":[{"name":"wp","href":"https:\/\/api.w.org\/{rel}","templated":true}]}}