{"id":1170,"date":"2023-07-25T08:58:16","date_gmt":"2023-07-25T08:58:16","guid":{"rendered":"https:\/\/clubdeteniscaudete.com\/?page_id=1170"},"modified":"2023-07-25T08:58:56","modified_gmt":"2023-07-25T08:58:56","slug":"triatlon-2023","status":"publish","type":"page","link":"https:\/\/clubdeteniscaudete.com\/index.php\/triatlon-2023\/","title":{"rendered":"TRIATL\u00d3N 2023"},"content":{"rendered":"\t\t<div data-elementor-type=\"wp-page\" data-elementor-id=\"1170\" class=\"elementor elementor-1170\" data-elementor-post-type=\"page\">\n\t\t\t\t\t\t<section class=\"elementor-section elementor-top-section elementor-element elementor-element-5f2fcca elementor-section-full_width elementor-section-height-default elementor-section-height-default\" data-id=\"5f2fcca\" data-element_type=\"section\" data-e-type=\"section\">\n\t\t\t\t\t\t<div class=\"elementor-container elementor-column-gap-default\">\n\t\t\t\t\t<div class=\"elementor-column elementor-col-50 elementor-top-column elementor-element elementor-element-aee3840\" data-id=\"aee3840\" data-element_type=\"column\" data-e-type=\"column\">\n\t\t\t<div class=\"elementor-widget-wrap elementor-element-populated\">\n\t\t\t\t\t\t<div class=\"elementor-element elementor-element-633b9a1 elementor-widget elementor-widget-image\" data-id=\"633b9a1\" data-element_type=\"widget\" data-e-type=\"widget\" data-widget_type=\"image.default\">\n\t\t\t\t<div class=\"elementor-widget-container\">\n\t\t\t\t\t\t\t\t\t\t\t\t\t\t\t<img fetchpriority=\"high\" decoding=\"async\" width=\"1024\" height=\"1024\" src=\"https:\/\/clubdeteniscaudete.com\/wp-content\/uploads\/2023\/07\/Triatlon-CT-Caudete-Post-de-Instagram-Cuadrado-1024x1024.jpg\" class=\"attachment-large size-large wp-image-1171\" alt=\"\" srcset=\"https:\/\/clubdeteniscaudete.com\/wp-content\/uploads\/2023\/07\/Triatlon-CT-Caudete-Post-de-Instagram-Cuadrado-1024x1024.jpg 1024w, https:\/\/clubdeteniscaudete.com\/wp-content\/uploads\/2023\/07\/Triatlon-CT-Caudete-Post-de-Instagram-Cuadrado-300x300.jpg 300w, https:\/\/clubdeteniscaudete.com\/wp-content\/uploads\/2023\/07\/Triatlon-CT-Caudete-Post-de-Instagram-Cuadrado-150x150.jpg 150w, https:\/\/clubdeteniscaudete.com\/wp-content\/uploads\/2023\/07\/Triatlon-CT-Caudete-Post-de-Instagram-Cuadrado-768x768.jpg 768w, https:\/\/clubdeteniscaudete.com\/wp-content\/uploads\/2023\/07\/Triatlon-CT-Caudete-Post-de-Instagram-Cuadrado.jpg 1080w\" sizes=\"(max-width: 1024px) 100vw, 1024px\" \/>\t\t\t\t\t\t\t\t\t\t\t\t\t\t\t<\/div>\n\t\t\t\t<\/div>\n\t\t\t\t\t<\/div>\n\t\t<\/div>\n\t\t\t\t<div class=\"elementor-column elementor-col-50 elementor-top-column elementor-element elementor-element-ea97ff1\" data-id=\"ea97ff1\" data-element_type=\"column\" data-e-type=\"column\">\n\t\t\t<div class=\"elementor-widget-wrap elementor-element-populated\">\n\t\t\t\t\t\t<div class=\"elementor-element elementor-element-a3d9045 elementor-widget elementor-widget-text-editor\" data-id=\"a3d9045\" data-element_type=\"widget\" data-e-type=\"widget\" data-widget_type=\"text-editor.default\">\n\t\t\t\t<div class=\"elementor-widget-container\">\n\t\t\t\t\t\t\t\t\t<p>El triatl\u00f3n parejas del club de tenis Caudete, es una prueba organizada por el CLUB DE TENIS DE CAUDETE con car\u00e1cter popular.<br \/><br \/>La prueba se realizar\u00e1 el s\u00e1bado 22 de julio\u00a0 por la ma\u00f1ana la infantil y por la tarde partir de las 18h la absoluta en las instalaciones del Club de Tenis Caudete (Camino Los Vi\u00f1ales S\/N, 02660 Caudete (Albacete).<br \/><br \/>El triatl\u00f3n por equipos consta de parejas de dos personas con las categor\u00edas FEMENINAS, MASCULINAS Y MIXTAS. Las distancias a completar ser\u00edan :<br \/>Nataci\u00f3n 100 m ( 4 largos)<br \/>Bici Btt 6 km<br \/>Carrera a pie 1,5 km<br \/><br \/>Primero tomara la salida unos de los participantes que llevar\u00e1 su pulsera .<br \/>Tendr\u00e1 que completar todas las distancias mencionadas y llegar a contra meta o zona asignada para el cambio de testigo o pulsera a su compa\u00f1ero\/a que tendr\u00e1 que realizar la misma distancia ser\u00e1 el que cruce la l\u00ednea de META.<br \/><br \/>El triatl\u00f3n infantil la distancia depender\u00e1 de cada categor\u00eda y ser\u00e1 individual..\u00a0<\/p><div><br \/>El precio de inscripci\u00f3n es de 15\u20ac por equipo, incluye seguro m\u00e9dico.<\/div><div>La inscripci\u00f3n para el triatl\u00f3n infantil es gratuita para los socios del CTC y de 3\u20ac para el resto de participantes.<br \/><br \/>Fecha tope de inscripci\u00f3n: 19\/ de julio<br \/><br \/>Menores de 16 a\u00f1os, s\u00f3lo con autorizaci\u00f3n de padre\/madre o tutor.<br \/><br \/>Para realizar el pago en el n\u00famero de cuenta del Club de Tenis: ES09 3081 0512 9627 1620 2326 poniendo Triatl\u00f3n y el nombre de los participantes.<\/div>\t\t\t\t\t\t\t\t<\/div>\n\t\t\t\t<\/div>\n\t\t\t\t\t<\/div>\n\t\t<\/div>\n\t\t\t\t\t<\/div>\n\t\t<\/section>\n\t\t\t\t<\/div>\n\t\t","protected":false},"excerpt":{"rendered":"<p>El triatl\u00f3n parejas del club de tenis Caudete, es una prueba organizada por el CLUB DE TENIS DE CAUDETE con car\u00e1cter popular. La prueba se realizar\u00e1 el s\u00e1bado 22 de julio\u00a0 por la ma\u00f1ana la infantil y por la tarde partir de las 18h la absoluta en las instalaciones del Club de Tenis Caudete (Camino &#8230; <a title=\"TRIATL\u00d3N 2023\" class=\"read-more\" href=\"https:\/\/clubdeteniscaudete.com\/index.php\/triatlon-2023\/\" aria-label=\"M\u00e1s en TRIATL\u00d3N 2023\">Leer m\u00e1s<\/a><\/p>\n","protected":false},"author":1,"featured_media":0,"parent":0,"menu_order":0,"comment_status":"closed","ping_status":"closed","template":"","meta":{"footnotes":""},"class_list":["post-1170","page","type-page","status-publish"],"_links":{"self":[{"href":"https:\/\/clubdeteniscaudete.com\/index.php\/wp-json\/wp\/v2\/pages\/1170","targetHints":{"allow":["GET"]}}],"collection":[{"href":"https:\/\/clubdeteniscaudete.com\/index.php\/wp-json\/wp\/v2\/pages"}],"about":[{"href":"https:\/\/clubdeteniscaudete.com\/index.php\/wp-json\/wp\/v2\/types\/page"}],"author":[{"embeddable":true,"href":"https:\/\/clubdeteniscaudete.com\/index.php\/wp-json\/wp\/v2\/users\/1"}],"replies":[{"embeddable":true,"href":"https:\/\/clubdeteniscaudete.com\/index.php\/wp-json\/wp\/v2\/comments?post=1170"}],"version-history":[{"count":3,"href":"https:\/\/clubdeteniscaudete.com\/index.php\/wp-json\/wp\/v2\/pages\/1170\/revisions"}],"predecessor-version":[{"id":1174,"href":"https:\/\/clubdeteniscaudete.com\/index.php\/wp-json\/wp\/v2\/pages\/1170\/revisions\/1174"}],"wp:attachment":[{"href":"https:\/\/clubdeteniscaudete.com\/index.php\/wp-json\/wp\/v2\/media?parent=1170"}],"curies":[{"name":"wp","href":"https:\/\/api.w.org\/{rel}","templated":true}]}}