{"id":1074,"date":"2023-05-22T08:56:15","date_gmt":"2023-05-22T08:56:15","guid":{"rendered":"https:\/\/clubdeteniscaudete.com\/?page_id=1074"},"modified":"2023-07-25T08:41:50","modified_gmt":"2023-07-25T08:41:50","slug":"actividades-verano-2023","status":"publish","type":"page","link":"https:\/\/clubdeteniscaudete.com\/index.php\/actividades-verano-2023\/","title":{"rendered":"ACTIVIDADES VERANO 2023"},"content":{"rendered":"\t\t<div data-elementor-type=\"wp-page\" data-elementor-id=\"1074\" class=\"elementor elementor-1074\" data-elementor-post-type=\"page\">\n\t\t\t\t\t\t<section class=\"elementor-section elementor-top-section elementor-element elementor-element-c23a2ed elementor-section-full_width elementor-section-height-default elementor-section-height-default\" data-id=\"c23a2ed\" data-element_type=\"section\" data-e-type=\"section\">\n\t\t\t\t\t\t<div class=\"elementor-container elementor-column-gap-default\">\n\t\t\t\t\t<div class=\"elementor-column elementor-col-50 elementor-top-column elementor-element elementor-element-3888a87\" data-id=\"3888a87\" data-element_type=\"column\" data-e-type=\"column\">\n\t\t\t<div class=\"elementor-widget-wrap elementor-element-populated\">\n\t\t\t\t\t\t<div class=\"elementor-element elementor-element-dd68506 elementor-widget elementor-widget-image\" data-id=\"dd68506\" data-element_type=\"widget\" data-e-type=\"widget\" data-widget_type=\"image.default\">\n\t\t\t\t<div class=\"elementor-widget-container\">\n\t\t\t\t\t\t\t\t\t\t\t\t\t\t\t<img fetchpriority=\"high\" decoding=\"async\" width=\"1024\" height=\"1024\" src=\"https:\/\/clubdeteniscaudete.com\/wp-content\/uploads\/2023\/07\/Teal-Brown-Illustration-Summer-Festival-Poster-Post-de-Instagram-Cuadrado-1024x1024.jpg\" class=\"attachment-large size-large wp-image-1154\" alt=\"\" srcset=\"https:\/\/clubdeteniscaudete.com\/wp-content\/uploads\/2023\/07\/Teal-Brown-Illustration-Summer-Festival-Poster-Post-de-Instagram-Cuadrado-1024x1024.jpg 1024w, https:\/\/clubdeteniscaudete.com\/wp-content\/uploads\/2023\/07\/Teal-Brown-Illustration-Summer-Festival-Poster-Post-de-Instagram-Cuadrado-300x300.jpg 300w, https:\/\/clubdeteniscaudete.com\/wp-content\/uploads\/2023\/07\/Teal-Brown-Illustration-Summer-Festival-Poster-Post-de-Instagram-Cuadrado-150x150.jpg 150w, https:\/\/clubdeteniscaudete.com\/wp-content\/uploads\/2023\/07\/Teal-Brown-Illustration-Summer-Festival-Poster-Post-de-Instagram-Cuadrado-768x768.jpg 768w, https:\/\/clubdeteniscaudete.com\/wp-content\/uploads\/2023\/07\/Teal-Brown-Illustration-Summer-Festival-Poster-Post-de-Instagram-Cuadrado.jpg 1080w\" sizes=\"(max-width: 1024px) 100vw, 1024px\" \/>\t\t\t\t\t\t\t\t\t\t\t\t\t\t\t<\/div>\n\t\t\t\t<\/div>\n\t\t\t\t\t<\/div>\n\t\t<\/div>\n\t\t\t\t<div class=\"elementor-column elementor-col-50 elementor-top-column elementor-element elementor-element-b40bfe9\" data-id=\"b40bfe9\" data-element_type=\"column\" data-e-type=\"column\">\n\t\t\t<div class=\"elementor-widget-wrap elementor-element-populated\">\n\t\t\t\t\t\t<div class=\"elementor-element elementor-element-243022b elementor-widget elementor-widget-heading\" data-id=\"243022b\" data-element_type=\"widget\" data-e-type=\"widget\" data-widget_type=\"heading.default\">\n\t\t\t\t<div class=\"elementor-widget-container\">\n\t\t\t\t\t<h2 class=\"elementor-heading-title elementor-size-default\">AGENDA DE ACTIVIDADES<\/h2>\t\t\t\t<\/div>\n\t\t\t\t<\/div>\n\t\t\t\t<div class=\"elementor-element elementor-element-f60bf22 elementor-widget elementor-widget-text-editor\" data-id=\"f60bf22\" data-element_type=\"widget\" data-e-type=\"widget\" data-widget_type=\"text-editor.default\">\n\t\t\t\t<div class=\"elementor-widget-container\">\n\t\t\t\t\t\t\t\t\t<ul><li><strong>Apertura y cierre de la piscina:<\/strong> del 16 de junio al 3 de septiembre. Lunes a viernes de 10 a 21h, s\u00e1bados y domingos de 11 a 21h.<\/li><li><strong>Finales Liga de tenis y p\u00e1del:<\/strong> 18 de junio.<\/li><li><strong>Campamentos de verano:<\/strong> del 16 de junio al 11 de agosto.<\/li><li><strong>Cursillos de nataci\u00f3n:<\/strong> del 26 de junio al 25 de agosto.<\/li><li><strong>Aquagym:<\/strong> del 3 de julio al 25 de agosto.<\/li><li><strong>V Torneo de p\u00e1del y tenis \u00abMemorial Antonio Molina\u00bb<\/strong>: 7, 8 y 9 de julio.<\/li><li><strong>Verbena de verano:<\/strong> 15 de julio<\/li><li><strong>Triatl\u00f3n popular por equipos y triatl\u00f3n infantil:<\/strong> 22 de julio.<\/li><li><strong>Fin de Semana Solidario Fundaci\u00f3n Ambessa: <\/strong>11,12 13 de agosto.<\/li><\/ul>\t\t\t\t\t\t\t\t<\/div>\n\t\t\t\t<\/div>\n\t\t\t\t<div class=\"elementor-element elementor-element-7452e8b elementor-align-center elementor-widget elementor-widget-button\" data-id=\"7452e8b\" data-element_type=\"widget\" data-e-type=\"widget\" data-widget_type=\"button.default\">\n\t\t\t\t<div class=\"elementor-widget-container\">\n\t\t\t\t\t\t\t\t\t<div class=\"elementor-button-wrapper\">\n\t\t\t\t\t<a class=\"elementor-button elementor-button-link elementor-size-sm\" href=\"https:\/\/clubdeteniscaudete.com\/index.php\/campus-verano-2023\/\" target=\"_blank\">\n\t\t\t\t\t\t<span class=\"elementor-button-content-wrapper\">\n\t\t\t\t\t\t\t\t\t<span class=\"elementor-button-text\">Inscripci\u00f3n Campamentos<\/span>\n\t\t\t\t\t<\/span>\n\t\t\t\t\t<\/a>\n\t\t\t\t<\/div>\n\t\t\t\t\t\t\t\t<\/div>\n\t\t\t\t<\/div>\n\t\t\t\t<div class=\"elementor-element elementor-element-8ad28c6 elementor-align-center elementor-widget elementor-widget-button\" data-id=\"8ad28c6\" data-element_type=\"widget\" data-e-type=\"widget\" data-widget_type=\"button.default\">\n\t\t\t\t<div class=\"elementor-widget-container\">\n\t\t\t\t\t\t\t\t\t<div class=\"elementor-button-wrapper\">\n\t\t\t\t\t<a class=\"elementor-button elementor-button-link elementor-size-sm\" href=\"https:\/\/docs.google.com\/forms\/d\/e\/1FAIpQLSdPLJbgZ0bgKyaKgf2Lbba2fWnz-EFs_s9wGMgAw6cMC_naxA\/viewform?usp=sf_link\" target=\"_blank\">\n\t\t\t\t\t\t<span class=\"elementor-button-content-wrapper\">\n\t\t\t\t\t\t\t\t\t<span class=\"elementor-button-text\">Inscripci\u00f3n Nataci\u00f3n<\/span>\n\t\t\t\t\t<\/span>\n\t\t\t\t\t<\/a>\n\t\t\t\t<\/div>\n\t\t\t\t\t\t\t\t<\/div>\n\t\t\t\t<\/div>\n\t\t\t\t<div class=\"elementor-element elementor-element-082203a elementor-align-center elementor-widget elementor-widget-button\" data-id=\"082203a\" data-element_type=\"widget\" data-e-type=\"widget\" data-widget_type=\"button.default\">\n\t\t\t\t<div class=\"elementor-widget-container\">\n\t\t\t\t\t\t\t\t\t<div class=\"elementor-button-wrapper\">\n\t\t\t\t\t<a class=\"elementor-button elementor-button-link elementor-size-sm\" href=\"https:\/\/forms.gle\/2cS8xEQHeyhUCZgZ8\" target=\"_blank\">\n\t\t\t\t\t\t<span class=\"elementor-button-content-wrapper\">\n\t\t\t\t\t\t\t\t\t<span class=\"elementor-button-text\">Inscripci\u00f3n Aquagym<\/span>\n\t\t\t\t\t<\/span>\n\t\t\t\t\t<\/a>\n\t\t\t\t<\/div>\n\t\t\t\t\t\t\t\t<\/div>\n\t\t\t\t<\/div>\n\t\t\t\t<div class=\"elementor-element elementor-element-8d4420c elementor-align-center elementor-widget elementor-widget-button\" data-id=\"8d4420c\" data-element_type=\"widget\" data-e-type=\"widget\" data-widget_type=\"button.default\">\n\t\t\t\t<div class=\"elementor-widget-container\">\n\t\t\t\t\t\t\t\t\t<div class=\"elementor-button-wrapper\">\n\t\t\t\t\t<a class=\"elementor-button elementor-button-link elementor-size-sm\" href=\"https:\/\/docs.google.com\/forms\/d\/e\/1FAIpQLSd1Bky0bcZjGa83SCnuChoiaJ5L0sQwpyKBcri2R1cWyVW97w\/viewform?usp=sf_link\" target=\"_blank\">\n\t\t\t\t\t\t<span class=\"elementor-button-content-wrapper\">\n\t\t\t\t\t\t\t\t\t<span class=\"elementor-button-text\">Inscripci\u00f3n  clases tenis o p\u00e1del verano<\/span>\n\t\t\t\t\t<\/span>\n\t\t\t\t\t<\/a>\n\t\t\t\t<\/div>\n\t\t\t\t\t\t\t\t<\/div>\n\t\t\t\t<\/div>\n\t\t\t\t\t<\/div>\n\t\t<\/div>\n\t\t\t\t\t<\/div>\n\t\t<\/section>\n\t\t\t\t<\/div>\n\t\t","protected":false},"excerpt":{"rendered":"<p>AGENDA DE ACTIVIDADES Apertura y cierre de la piscina: del 16 de junio al 3 de septiembre. Lunes a viernes de 10 a 21h, s\u00e1bados y domingos de 11 a 21h. Finales Liga de tenis y p\u00e1del: 18 de junio. Campamentos de verano: del 16 de junio al 11 de agosto. Cursillos de nataci\u00f3n: del &#8230; <a title=\"ACTIVIDADES VERANO 2023\" class=\"read-more\" href=\"https:\/\/clubdeteniscaudete.com\/index.php\/actividades-verano-2023\/\" aria-label=\"M\u00e1s en ACTIVIDADES VERANO 2023\">Leer m\u00e1s<\/a><\/p>\n","protected":false},"author":1,"featured_media":0,"parent":0,"menu_order":0,"comment_status":"closed","ping_status":"closed","template":"","meta":{"footnotes":""},"class_list":["post-1074","page","type-page","status-publish"],"_links":{"self":[{"href":"https:\/\/clubdeteniscaudete.com\/index.php\/wp-json\/wp\/v2\/pages\/1074","targetHints":{"allow":["GET"]}}],"collection":[{"href":"https:\/\/clubdeteniscaudete.com\/index.php\/wp-json\/wp\/v2\/pages"}],"about":[{"href":"https:\/\/clubdeteniscaudete.com\/index.php\/wp-json\/wp\/v2\/types\/page"}],"author":[{"embeddable":true,"href":"https:\/\/clubdeteniscaudete.com\/index.php\/wp-json\/wp\/v2\/users\/1"}],"replies":[{"embeddable":true,"href":"https:\/\/clubdeteniscaudete.com\/index.php\/wp-json\/wp\/v2\/comments?post=1074"}],"version-history":[{"count":45,"href":"https:\/\/clubdeteniscaudete.com\/index.php\/wp-json\/wp\/v2\/pages\/1074\/revisions"}],"predecessor-version":[{"id":1157,"href":"https:\/\/clubdeteniscaudete.com\/index.php\/wp-json\/wp\/v2\/pages\/1074\/revisions\/1157"}],"wp:attachment":[{"href":"https:\/\/clubdeteniscaudete.com\/index.php\/wp-json\/wp\/v2\/media?parent=1074"}],"curies":[{"name":"wp","href":"https:\/\/api.w.org\/{rel}","templated":true}]}}