{"id":1065,"date":"2023-05-19T10:17:30","date_gmt":"2023-05-19T10:17:30","guid":{"rendered":"https:\/\/clubdeteniscaudete.com\/?page_id=1065"},"modified":"2023-05-22T09:26:15","modified_gmt":"2023-05-22T09:26:15","slug":"campus-verano-2023","status":"publish","type":"page","link":"https:\/\/clubdeteniscaudete.com\/index.php\/campus-verano-2023\/","title":{"rendered":"CAMPUS VERANO 2023"},"content":{"rendered":"\t\t<div data-elementor-type=\"wp-page\" data-elementor-id=\"1065\" class=\"elementor elementor-1065\" data-elementor-post-type=\"page\">\n\t\t\t\t\t\t<section class=\"elementor-section elementor-top-section elementor-element elementor-element-48ccf57 elementor-section-boxed elementor-section-height-default elementor-section-height-default\" data-id=\"48ccf57\" data-element_type=\"section\" data-e-type=\"section\">\n\t\t\t\t\t\t<div class=\"elementor-container elementor-column-gap-default\">\n\t\t\t\t\t<div class=\"elementor-column elementor-col-50 elementor-top-column elementor-element elementor-element-df1b78e\" data-id=\"df1b78e\" data-element_type=\"column\" data-e-type=\"column\">\n\t\t\t<div class=\"elementor-widget-wrap elementor-element-populated\">\n\t\t\t\t\t\t<div class=\"elementor-element elementor-element-5bb4b00 elementor-widget elementor-widget-image\" data-id=\"5bb4b00\" data-element_type=\"widget\" data-e-type=\"widget\" data-widget_type=\"image.default\">\n\t\t\t\t<div class=\"elementor-widget-container\">\n\t\t\t\t\t\t\t\t\t\t\t\t\t\t\t<img fetchpriority=\"high\" decoding=\"async\" width=\"1024\" height=\"1024\" src=\"https:\/\/clubdeteniscaudete.com\/wp-content\/uploads\/2023\/05\/Campamento-de-verano-2023-1-1024x1024.jpg\" class=\"attachment-large size-large wp-image-1092\" alt=\"\" srcset=\"https:\/\/clubdeteniscaudete.com\/wp-content\/uploads\/2023\/05\/Campamento-de-verano-2023-1-1024x1024.jpg 1024w, https:\/\/clubdeteniscaudete.com\/wp-content\/uploads\/2023\/05\/Campamento-de-verano-2023-1-300x300.jpg 300w, https:\/\/clubdeteniscaudete.com\/wp-content\/uploads\/2023\/05\/Campamento-de-verano-2023-1-150x150.jpg 150w, https:\/\/clubdeteniscaudete.com\/wp-content\/uploads\/2023\/05\/Campamento-de-verano-2023-1-768x768.jpg 768w, https:\/\/clubdeteniscaudete.com\/wp-content\/uploads\/2023\/05\/Campamento-de-verano-2023-1.jpg 1080w\" sizes=\"(max-width: 1024px) 100vw, 1024px\" \/>\t\t\t\t\t\t\t\t\t\t\t\t\t\t\t<\/div>\n\t\t\t\t<\/div>\n\t\t\t\t\t<\/div>\n\t\t<\/div>\n\t\t\t\t<div class=\"elementor-column elementor-col-50 elementor-top-column elementor-element elementor-element-e08b087\" data-id=\"e08b087\" data-element_type=\"column\" data-e-type=\"column\">\n\t\t\t<div class=\"elementor-widget-wrap elementor-element-populated\">\n\t\t\t\t\t\t<div class=\"elementor-element elementor-element-651feed elementor-widget elementor-widget-text-editor\" data-id=\"651feed\" data-element_type=\"widget\" data-e-type=\"widget\" data-widget_type=\"text-editor.default\">\n\t\t\t\t<div class=\"elementor-widget-container\">\n\t\t\t\t\t\t\t\t\t<p><strong>CAMPUS DE VERANO 2023 CLUB DE TENIS CAUDETE.<\/strong><\/p><p>Ya est\u00e1n abiertas las inscripciones para nuestros <span class=\"misspelling correction\" title=\"Se ha encontrado un posible error ortogr\u00e1fico.\" data-type=\"misspelling\" data-suggestions=\"[{&quot;value&quot;:&quot;campo&quot;},{&quot;value&quot;:&quot;campus&quot;},{&quot;value&quot;:&quot;campa&quot;},{&quot;value&quot;:&quot;champ\u00fa&quot;},{&quot;value&quot;:&quot;camps&quot;},{&quot;value&quot;:&quot;camp\u00f3&quot;},{&quot;value&quot;:&quot;campe&quot;}]\" data-rule=\"MORFOLOGIK_RULE_ES\" data-word=\"campu\">campus<\/span> de verano.<\/p><p>Este a\u00f1o tenemos 3 opciones, los de tenis y p\u00e1del, y la novedad de un campus recreativo en el que haremos todo tipo de actividades, como yoga, manualidades, juegos deportivos y un largo etc.<\/p><p>Pincha en el bot\u00f3n y podr\u00e1s ver, informarte e inscribirte a cualquiera de ellos. En cada uno, al haber un n\u00famero m\u00e1ximo de inscripciones, los socios tendr\u00e1n preferencia de inscripci\u00f3n hasta el d\u00eda 26 de mayo.\u00a0<\/p>\t\t\t\t\t\t\t\t<\/div>\n\t\t\t\t<\/div>\n\t\t\t\t<div class=\"elementor-element elementor-element-5fab66e elementor-align-center elementor-widget elementor-widget-button\" data-id=\"5fab66e\" data-element_type=\"widget\" data-e-type=\"widget\" data-widget_type=\"button.default\">\n\t\t\t\t<div class=\"elementor-widget-container\">\n\t\t\t\t\t\t\t\t\t<div class=\"elementor-button-wrapper\">\n\t\t\t\t\t<a class=\"elementor-button elementor-button-link elementor-size-sm\" href=\"https:\/\/forms.gle\/LzsSuvc4yeTwrK4i9\" target=\"_blank\">\n\t\t\t\t\t\t<span class=\"elementor-button-content-wrapper\">\n\t\t\t\t\t\t\t\t\t<span class=\"elementor-button-text\">Haz clic aqu\u00ed<\/span>\n\t\t\t\t\t<\/span>\n\t\t\t\t\t<\/a>\n\t\t\t\t<\/div>\n\t\t\t\t\t\t\t\t<\/div>\n\t\t\t\t<\/div>\n\t\t\t\t\t<\/div>\n\t\t<\/div>\n\t\t\t\t\t<\/div>\n\t\t<\/section>\n\t\t\t\t<\/div>\n\t\t","protected":false},"excerpt":{"rendered":"<p>CAMPUS DE VERANO 2023 CLUB DE TENIS CAUDETE. Ya est\u00e1n abiertas las inscripciones para nuestros campus de verano. Este a\u00f1o tenemos 3 opciones, los de tenis y p\u00e1del, y la novedad de un campus recreativo en el que haremos todo tipo de actividades, como yoga, manualidades, juegos deportivos y un largo etc. Pincha en el &#8230; <a title=\"CAMPUS VERANO 2023\" class=\"read-more\" href=\"https:\/\/clubdeteniscaudete.com\/index.php\/campus-verano-2023\/\" aria-label=\"M\u00e1s en CAMPUS VERANO 2023\">Leer m\u00e1s<\/a><\/p>\n","protected":false},"author":1,"featured_media":0,"parent":0,"menu_order":0,"comment_status":"closed","ping_status":"closed","template":"","meta":{"footnotes":""},"class_list":["post-1065","page","type-page","status-publish"],"_links":{"self":[{"href":"https:\/\/clubdeteniscaudete.com\/index.php\/wp-json\/wp\/v2\/pages\/1065","targetHints":{"allow":["GET"]}}],"collection":[{"href":"https:\/\/clubdeteniscaudete.com\/index.php\/wp-json\/wp\/v2\/pages"}],"about":[{"href":"https:\/\/clubdeteniscaudete.com\/index.php\/wp-json\/wp\/v2\/types\/page"}],"author":[{"embeddable":true,"href":"https:\/\/clubdeteniscaudete.com\/index.php\/wp-json\/wp\/v2\/users\/1"}],"replies":[{"embeddable":true,"href":"https:\/\/clubdeteniscaudete.com\/index.php\/wp-json\/wp\/v2\/comments?post=1065"}],"version-history":[{"count":9,"href":"https:\/\/clubdeteniscaudete.com\/index.php\/wp-json\/wp\/v2\/pages\/1065\/revisions"}],"predecessor-version":[{"id":1095,"href":"https:\/\/clubdeteniscaudete.com\/index.php\/wp-json\/wp\/v2\/pages\/1065\/revisions\/1095"}],"wp:attachment":[{"href":"https:\/\/clubdeteniscaudete.com\/index.php\/wp-json\/wp\/v2\/media?parent=1065"}],"curies":[{"name":"wp","href":"https:\/\/api.w.org\/{rel}","templated":true}]}}